{"id":3366,"date":"2024-05-20T13:18:53","date_gmt":"2024-05-20T12:18:53","guid":{"rendered":"https:\/\/www.hausmanngalenica.com\/my-account\/"},"modified":"2025-11-12T09:37:23","modified_gmt":"2025-11-12T08:37:23","slug":"a-minha-conta","status":"publish","type":"page","link":"https:\/\/www.hausmanngalenica.com\/pt-pt\/a-minha-conta\/","title":{"rendered":"A minha conta"},"content":{"rendered":"\t\t<div data-elementor-type=\"wp-page\" data-elementor-id=\"3366\" class=\"elementor elementor-3366 elementor-2668\" data-elementor-post-type=\"page\">\n\t\t\t\t\t\t<section class=\"elementor-section elementor-top-section elementor-element elementor-element-bd61a25 elementor-section-boxed elementor-section-height-default elementor-section-height-default wpr-particle-no wpr-jarallax-no wpr-parallax-no wpr-sticky-section-no wpr-equal-height-no\" data-id=\"bd61a25\" data-element_type=\"section\" data-e-type=\"section\">\n\t\t\t\t\t\t<div class=\"elementor-container elementor-column-gap-default\">\n\t\t\t\t\t<div class=\"elementor-column elementor-col-100 elementor-top-column elementor-element elementor-element-c860851\" data-id=\"c860851\" data-element_type=\"column\" data-e-type=\"column\">\n\t\t\t<div class=\"elementor-widget-wrap elementor-element-populated\">\n\t\t\t\t\t\t<div class=\"elementor-element elementor-element-e34edb2 elementor-widget-divider--view-line elementor-widget elementor-widget-divider\" data-id=\"e34edb2\" data-element_type=\"widget\" data-e-type=\"widget\" data-widget_type=\"divider.default\">\n\t\t\t\t<div class=\"elementor-widget-container\">\n\t\t\t\t\t\t\t<div class=\"elementor-divider\">\n\t\t\t<span class=\"elementor-divider-separator\">\n\t\t\t\t\t\t<\/span>\n\t\t<\/div>\n\t\t\t\t\t\t<\/div>\n\t\t\t\t<\/div>\n\t\t\t\t<div class=\"elementor-element elementor-element-8c47174 elementor-widget elementor-widget-heading\" data-id=\"8c47174\" data-element_type=\"widget\" data-e-type=\"widget\" data-widget_type=\"heading.default\">\n\t\t\t\t<div class=\"elementor-widget-container\">\n\t\t\t\t\t<h1 class=\"elementor-heading-title elementor-size-default\">A Minha Conta<\/h1>\t\t\t\t<\/div>\n\t\t\t\t<\/div>\n\t\t\t\t<div class=\"elementor-element elementor-element-4c19324 e-my-account-tabs-vertical elementor-widget elementor-widget-woocommerce-my-account\" data-id=\"4c19324\" data-element_type=\"widget\" data-e-type=\"widget\" data-widget_type=\"woocommerce-my-account.default\">\n\t\t\t\t<div class=\"elementor-widget-container\">\n\t\t\t\t\t<div class=\"e-my-account-tab e-my-account-tab__ \">\t\t\t<div class=\"woocommerce\"><\/div>\t\t<\/div>\n\t\t\t\t\t\t<\/div>\n\t\t\t\t<\/div>\n\t\t\t\t\t<\/div>\n\t\t<\/div>\n\t\t\t\t\t<\/div>\n\t\t<\/section>\n\t\t\t\t<\/div>\n\t\t","protected":false},"excerpt":{"rendered":"<p>A Minha Conta Inicio Pedidos Descargas Dire\u00e7\u00f5es Detalhes da conta Sair da sess\u00e3o Hola ensalza (\u00bfno eres ensalza? Cerrar sesi\u00f3n) Desde el escritorio de tu cuenta puedes ver tus pedidos recientes, gestionar tus direcciones de env\u00edo y facturaci\u00f3n y editar tu contrase\u00f1a y los detalles de tu cuenta.<\/p>\n","protected":false},"author":1,"featured_media":0,"parent":0,"menu_order":0,"comment_status":"closed","ping_status":"closed","template":"","meta":{"_acf_changed":false,"footnotes":""},"class_list":["post-3366","page","type-page","status-publish"],"acf":[],"yoast_head":"<!-- This site is optimized with the Yoast SEO plugin v27.5 - https:\/\/yoast.com\/product\/yoast-seo-wordpress\/ -->\n<title>A minha conta &#8226; Hausmann Gal\u00e9nica<\/title>\n<meta name=\"robots\" content=\"index, follow, max-snippet:-1, max-image-preview:large, max-video-preview:-1\" \/>\n<link rel=\"canonical\" href=\"https:\/\/www.hausmanngalenica.com\/pt-pt\/a-minha-conta\/\" \/>\n<meta property=\"og:locale\" content=\"pt_PT\" \/>\n<meta property=\"og:type\" content=\"article\" \/>\n<meta property=\"og:title\" content=\"A minha conta &#8226; Hausmann Gal\u00e9nica\" \/>\n<meta property=\"og:description\" content=\"A Minha Conta Inicio Pedidos Descargas Dire\u00e7\u00f5es Detalhes da conta Sair da sess\u00e3o Hola ensalza (\u00bfno eres ensalza? Cerrar sesi\u00f3n) Desde el escritorio de tu cuenta puedes ver tus pedidos recientes, gestionar tus direcciones de env\u00edo y facturaci\u00f3n y editar tu contrase\u00f1a y los detalles de tu cuenta.\" \/>\n<meta property=\"og:url\" content=\"https:\/\/www.hausmanngalenica.com\/pt-pt\/a-minha-conta\/\" \/>\n<meta property=\"og:site_name\" content=\"Hausmann Gal\u00e9nica\" \/>\n<meta property=\"article:modified_time\" content=\"2025-11-12T08:37:23+00:00\" \/>\n<meta name=\"twitter:card\" content=\"summary_large_image\" \/>\n<meta name=\"twitter:label1\" content=\"Tempo estimado de leitura\" \/>\n\t<meta name=\"twitter:data1\" content=\"1 minuto\" \/>\n<script type=\"application\/ld+json\" class=\"yoast-schema-graph\">{\"@context\":\"https:\\\/\\\/schema.org\",\"@graph\":[{\"@type\":\"WebPage\",\"@id\":\"https:\\\/\\\/www.hausmanngalenica.com\\\/pt-pt\\\/a-minha-conta\\\/\",\"url\":\"https:\\\/\\\/www.hausmanngalenica.com\\\/pt-pt\\\/a-minha-conta\\\/\",\"name\":\"A minha conta &#8226; Hausmann Gal\u00e9nica\",\"isPartOf\":{\"@id\":\"https:\\\/\\\/www.hausmanngalenica.com\\\/pt-pt\\\/#website\"},\"datePublished\":\"2024-05-20T12:18:53+00:00\",\"dateModified\":\"2025-11-12T08:37:23+00:00\",\"breadcrumb\":{\"@id\":\"https:\\\/\\\/www.hausmanngalenica.com\\\/pt-pt\\\/a-minha-conta\\\/#breadcrumb\"},\"inLanguage\":\"pt-PT\",\"potentialAction\":[{\"@type\":\"ReadAction\",\"target\":[\"https:\\\/\\\/www.hausmanngalenica.com\\\/pt-pt\\\/a-minha-conta\\\/\"]}]},{\"@type\":\"BreadcrumbList\",\"@id\":\"https:\\\/\\\/www.hausmanngalenica.com\\\/pt-pt\\\/a-minha-conta\\\/#breadcrumb\",\"itemListElement\":[{\"@type\":\"ListItem\",\"position\":1,\"name\":\"Inicio\",\"item\":\"https:\\\/\\\/www.hausmanngalenica.com\\\/pt-pt\\\/\"},{\"@type\":\"ListItem\",\"position\":2,\"name\":\"A minha conta\"}]},{\"@type\":\"WebSite\",\"@id\":\"https:\\\/\\\/www.hausmanngalenica.com\\\/pt-pt\\\/#website\",\"url\":\"https:\\\/\\\/www.hausmanngalenica.com\\\/pt-pt\\\/\",\"name\":\"Hausmann Gal\u00e9nica\",\"description\":\"Productos nutricionales de alta calidad\",\"publisher\":{\"@id\":\"https:\\\/\\\/www.hausmanngalenica.com\\\/pt-pt\\\/#organization\"},\"potentialAction\":[{\"@type\":\"SearchAction\",\"target\":{\"@type\":\"EntryPoint\",\"urlTemplate\":\"https:\\\/\\\/www.hausmanngalenica.com\\\/pt-pt\\\/?s={search_term_string}\"},\"query-input\":{\"@type\":\"PropertyValueSpecification\",\"valueRequired\":true,\"valueName\":\"search_term_string\"}}],\"inLanguage\":\"pt-PT\"},{\"@type\":\"Organization\",\"@id\":\"https:\\\/\\\/www.hausmanngalenica.com\\\/pt-pt\\\/#organization\",\"name\":\"Hausmann Gal\u00e9nica\",\"url\":\"https:\\\/\\\/www.hausmanngalenica.com\\\/pt-pt\\\/\",\"logo\":{\"@type\":\"ImageObject\",\"inLanguage\":\"pt-PT\",\"@id\":\"https:\\\/\\\/www.hausmanngalenica.com\\\/pt-pt\\\/#\\\/schema\\\/logo\\\/image\\\/\",\"url\":\"https:\\\/\\\/www.hausmanngalenica.com\\\/wp-content\\\/uploads\\\/Logo-Hausmann.jpg\",\"contentUrl\":\"https:\\\/\\\/www.hausmanngalenica.com\\\/wp-content\\\/uploads\\\/Logo-Hausmann.jpg\",\"width\":400,\"height\":70,\"caption\":\"Hausmann Gal\u00e9nica\"},\"image\":{\"@id\":\"https:\\\/\\\/www.hausmanngalenica.com\\\/pt-pt\\\/#\\\/schema\\\/logo\\\/image\\\/\"}}]}<\/script>\n<!-- \/ Yoast SEO plugin. -->","yoast_head_json":{"title":"A minha conta &#8226; Hausmann Gal\u00e9nica","robots":{"index":"index","follow":"follow","max-snippet":"max-snippet:-1","max-image-preview":"max-image-preview:large","max-video-preview":"max-video-preview:-1"},"canonical":"https:\/\/www.hausmanngalenica.com\/pt-pt\/a-minha-conta\/","og_locale":"pt_PT","og_type":"article","og_title":"A minha conta &#8226; Hausmann Gal\u00e9nica","og_description":"A Minha Conta Inicio Pedidos Descargas Dire\u00e7\u00f5es Detalhes da conta Sair da sess\u00e3o Hola ensalza (\u00bfno eres ensalza? Cerrar sesi\u00f3n) Desde el escritorio de tu cuenta puedes ver tus pedidos recientes, gestionar tus direcciones de env\u00edo y facturaci\u00f3n y editar tu contrase\u00f1a y los detalles de tu cuenta.","og_url":"https:\/\/www.hausmanngalenica.com\/pt-pt\/a-minha-conta\/","og_site_name":"Hausmann Gal\u00e9nica","article_modified_time":"2025-11-12T08:37:23+00:00","twitter_card":"summary_large_image","twitter_misc":{"Tempo estimado de leitura":"1 minuto"},"schema":{"@context":"https:\/\/schema.org","@graph":[{"@type":"WebPage","@id":"https:\/\/www.hausmanngalenica.com\/pt-pt\/a-minha-conta\/","url":"https:\/\/www.hausmanngalenica.com\/pt-pt\/a-minha-conta\/","name":"A minha conta &#8226; Hausmann Gal\u00e9nica","isPartOf":{"@id":"https:\/\/www.hausmanngalenica.com\/pt-pt\/#website"},"datePublished":"2024-05-20T12:18:53+00:00","dateModified":"2025-11-12T08:37:23+00:00","breadcrumb":{"@id":"https:\/\/www.hausmanngalenica.com\/pt-pt\/a-minha-conta\/#breadcrumb"},"inLanguage":"pt-PT","potentialAction":[{"@type":"ReadAction","target":["https:\/\/www.hausmanngalenica.com\/pt-pt\/a-minha-conta\/"]}]},{"@type":"BreadcrumbList","@id":"https:\/\/www.hausmanngalenica.com\/pt-pt\/a-minha-conta\/#breadcrumb","itemListElement":[{"@type":"ListItem","position":1,"name":"Inicio","item":"https:\/\/www.hausmanngalenica.com\/pt-pt\/"},{"@type":"ListItem","position":2,"name":"A minha conta"}]},{"@type":"WebSite","@id":"https:\/\/www.hausmanngalenica.com\/pt-pt\/#website","url":"https:\/\/www.hausmanngalenica.com\/pt-pt\/","name":"Hausmann Gal\u00e9nica","description":"Productos nutricionales de alta calidad","publisher":{"@id":"https:\/\/www.hausmanngalenica.com\/pt-pt\/#organization"},"potentialAction":[{"@type":"SearchAction","target":{"@type":"EntryPoint","urlTemplate":"https:\/\/www.hausmanngalenica.com\/pt-pt\/?s={search_term_string}"},"query-input":{"@type":"PropertyValueSpecification","valueRequired":true,"valueName":"search_term_string"}}],"inLanguage":"pt-PT"},{"@type":"Organization","@id":"https:\/\/www.hausmanngalenica.com\/pt-pt\/#organization","name":"Hausmann Gal\u00e9nica","url":"https:\/\/www.hausmanngalenica.com\/pt-pt\/","logo":{"@type":"ImageObject","inLanguage":"pt-PT","@id":"https:\/\/www.hausmanngalenica.com\/pt-pt\/#\/schema\/logo\/image\/","url":"https:\/\/www.hausmanngalenica.com\/wp-content\/uploads\/Logo-Hausmann.jpg","contentUrl":"https:\/\/www.hausmanngalenica.com\/wp-content\/uploads\/Logo-Hausmann.jpg","width":400,"height":70,"caption":"Hausmann Gal\u00e9nica"},"image":{"@id":"https:\/\/www.hausmanngalenica.com\/pt-pt\/#\/schema\/logo\/image\/"}}]}},"_links":{"self":[{"href":"https:\/\/www.hausmanngalenica.com\/pt-pt\/wp-json\/wp\/v2\/pages\/3366","targetHints":{"allow":["GET"]}}],"collection":[{"href":"https:\/\/www.hausmanngalenica.com\/pt-pt\/wp-json\/wp\/v2\/pages"}],"about":[{"href":"https:\/\/www.hausmanngalenica.com\/pt-pt\/wp-json\/wp\/v2\/types\/page"}],"author":[{"embeddable":true,"href":"https:\/\/www.hausmanngalenica.com\/pt-pt\/wp-json\/wp\/v2\/users\/1"}],"replies":[{"embeddable":true,"href":"https:\/\/www.hausmanngalenica.com\/pt-pt\/wp-json\/wp\/v2\/comments?post=3366"}],"version-history":[{"count":3,"href":"https:\/\/www.hausmanngalenica.com\/pt-pt\/wp-json\/wp\/v2\/pages\/3366\/revisions"}],"predecessor-version":[{"id":6324,"href":"https:\/\/www.hausmanngalenica.com\/pt-pt\/wp-json\/wp\/v2\/pages\/3366\/revisions\/6324"}],"wp:attachment":[{"href":"https:\/\/www.hausmanngalenica.com\/pt-pt\/wp-json\/wp\/v2\/media?parent=3366"}],"curies":[{"name":"wp","href":"https:\/\/api.w.org\/{rel}","templated":true}]}}