{"id":3488,"date":"2024-06-19T13:48:50","date_gmt":"2024-06-19T12:48:50","guid":{"rendered":"https:\/\/www.hausmanngalenica.com\/expedicoes-e-entregas\/"},"modified":"2024-06-19T13:48:51","modified_gmt":"2024-06-19T12:48:51","slug":"expedicoes-e-entregas","status":"publish","type":"page","link":"https:\/\/www.hausmanngalenica.com\/pt-pt\/expedicoes-e-entregas\/","title":{"rendered":"Expedi\u00e7\u00f5es e entregas"},"content":{"rendered":"\t\t<div data-elementor-type=\"wp-page\" data-elementor-id=\"3488\" class=\"elementor elementor-3488 elementor-3483\" data-elementor-post-type=\"page\">\n\t\t\t\t\t\t<section class=\"elementor-section elementor-top-section elementor-element elementor-element-7709d8c elementor-section-boxed elementor-section-height-default elementor-section-height-default wpr-particle-no wpr-jarallax-no wpr-parallax-no wpr-sticky-section-no wpr-equal-height-no\" data-id=\"7709d8c\" data-element_type=\"section\" data-e-type=\"section\" data-settings=\"{&quot;background_background&quot;:&quot;classic&quot;}\">\n\t\t\t\t\t\t<div class=\"elementor-container elementor-column-gap-default\">\n\t\t\t\t\t<div class=\"elementor-column elementor-col-100 elementor-top-column elementor-element elementor-element-90caa84\" data-id=\"90caa84\" data-element_type=\"column\" data-e-type=\"column\">\n\t\t\t<div class=\"elementor-widget-wrap elementor-element-populated\">\n\t\t\t\t\t\t<div class=\"elementor-element elementor-element-df4f467 elementor-widget elementor-widget-heading\" data-id=\"df4f467\" data-element_type=\"widget\" data-e-type=\"widget\" data-widget_type=\"heading.default\">\n\t\t\t\t<div class=\"elementor-widget-container\">\n\t\t\t\t\t<h1 class=\"elementor-heading-title elementor-size-default\">Expedi\u00e7\u00f5es e entregas<\/h1>\t\t\t\t<\/div>\n\t\t\t\t<\/div>\n\t\t\t\t<div class=\"elementor-element elementor-element-942b05b elementor-widget-divider--view-line elementor-widget elementor-widget-divider\" data-id=\"942b05b\" data-element_type=\"widget\" data-e-type=\"widget\" data-widget_type=\"divider.default\">\n\t\t\t\t<div class=\"elementor-widget-container\">\n\t\t\t\t\t\t\t<div class=\"elementor-divider\">\n\t\t\t<span class=\"elementor-divider-separator\">\n\t\t\t\t\t\t<\/span>\n\t\t<\/div>\n\t\t\t\t\t\t<\/div>\n\t\t\t\t<\/div>\n\t\t\t\t<section class=\"elementor-section elementor-inner-section elementor-element elementor-element-b6931bf elementor-section-boxed elementor-section-height-default elementor-section-height-default wpr-particle-no wpr-jarallax-no wpr-parallax-no wpr-sticky-section-no wpr-equal-height-no\" data-id=\"b6931bf\" data-element_type=\"section\" data-e-type=\"section\">\n\t\t\t\t\t\t<div class=\"elementor-container elementor-column-gap-default\">\n\t\t\t\t\t<div class=\"elementor-column elementor-col-100 elementor-inner-column elementor-element elementor-element-4d95d2d\" data-id=\"4d95d2d\" data-element_type=\"column\" data-e-type=\"column\">\n\t\t\t<div class=\"elementor-widget-wrap elementor-element-populated\">\n\t\t\t\t\t\t<div class=\"elementor-element elementor-element-198703c elementor-widget elementor-widget-text-editor\" data-id=\"198703c\" data-element_type=\"widget\" data-e-type=\"widget\" data-widget_type=\"text-editor.default\">\n\t\t\t\t<div class=\"elementor-widget-container\">\n\t\t\t\t\t\t\t\t\t<h4>Gastos de env\u00edo<\/h4>\n<p>Hacemos env\u00edos a cualquier lugar dentro de la pen\u00ednsula:<\/p>\n<ul>\n<li>Coste de env\u00edo: 5\u20ac<\/li>\n<li>Env\u00edos gratis: a partir de 50\u20ac<\/li>\n<\/ul>\n<p>Adem\u00e1s, tambi\u00e9n enviamos a Baleares<\/p>\n<ul>\n<li>Coste de env\u00edo: 18\u20ac<\/li>\n<li>Env\u00edos gratis: a partir de 120\u20ac<\/li>\n<\/ul>\n<p><strong>No enviamos a Canarias, Ceuta y Melilla.<\/strong><\/p>\n<h4>Plazo de env\u00edo-entrega de un pedido<\/h4>\n<ul>\n<li>Los productos comprados ser\u00e1n expedidos a la direcci\u00f3n indicada una vez verificado el pago.<\/li>\n<li>El plazo de env\u00edo-entrega de los pedidos es de 24-72 horas en d\u00edas laborables.<\/li>\n<\/ul>\n<h4>Env\u00edos<\/h4>\n<p>Tras realizar un pedido debes recibir un email de \u00abconfirmaci\u00f3n de pedido\u00bb con el detalle de los art\u00edculos adquiridos. A continuaci\u00f3n, nuestro equipo se pondr\u00e1 a trabajar en la preparaci\u00f3n del mismo y te informaremos v\u00eda email cuando tu pedido sea enviado. En caso de que no visualices los emails, por favor, revisa la bandeja de correo no deseado o spam. Si en esta bandeja tampoco puedes visualizar los correos, no dudes en comunic\u00e1rnoslo envi\u00e1ndonos un mail a:\u00a0<a href=\"mailto:almacen@gasana.es\">almacen@gasana.es<\/a>.<\/p>\n<h4 class=\"has-text-color wp-block-heading\">D\u00f3nde puedo recibir un pedido<\/h4>\n<p>Puedes recibirlo en la direcci\u00f3n que elijas (domicilio, trabajo\u2026) en el momento de realizar el pedido. Recuerda cubrir bien todos los campos y dejar un tel\u00e9fono de contacto, indispensable para contactar en caso de incidencia o destinatario\/a ausente en el momento de entrega y contactar contigo para buscar una soluci\u00f3n.\u00a0<\/p>\n\t\t\t\t\t\t\t\t<\/div>\n\t\t\t\t<\/div>\n\t\t\t\t\t<\/div>\n\t\t<\/div>\n\t\t\t\t\t<\/div>\n\t\t<\/section>\n\t\t\t\t\t<\/div>\n\t\t<\/div>\n\t\t\t\t\t<\/div>\n\t\t<\/section>\n\t\t\t\t<\/div>\n\t\t","protected":false},"excerpt":{"rendered":"<p>Gastos de env\u00edo Hacemos env\u00edos a cualquier lugar dentro de la pen\u00ednsula: Coste de env\u00edo: 5\u20ac Env\u00edos gratis: a partir de 50\u20ac Adem\u00e1s, tambi\u00e9n enviamos a Baleares Coste de env\u00edo: 18\u20ac Env\u00edos gratis: a partir de 120\u20ac No enviamos a Canarias, Ceuta y Melilla. Plazo de env\u00edo-entrega de un pedido Los productos comprados ser\u00e1n expedidos a la direcci\u00f3n indicada una vez verificado el pago. El plazo de env\u00edo-entrega de los pedidos es de 24-72 horas en d\u00edas laborables. Env\u00edos Tras realizar un pedido debes recibir un email de \u00abconfirmaci\u00f3n de pedido\u00bb con el detalle de los art\u00edculos adquiridos. A continuaci\u00f3n, nuestro equipo se pondr\u00e1 a trabajar en la preparaci\u00f3n del mismo y te informaremos v\u00eda email cuando tu pedido sea enviado. En caso de que no visualices los emails, por favor, revisa la bandeja de correo no deseado o spam. Si en esta bandeja tampoco puedes visualizar los correos, no dudes en comunic\u00e1rnoslo envi\u00e1ndonos un mail a:\u00a0almacen@gasana.es. D\u00f3nde puedo recibir un pedido Puedes recibirlo en la direcci\u00f3n que elijas (domicilio, trabajo\u2026) en el momento de realizar el pedido. Recuerda cubrir bien todos los campos y dejar un tel\u00e9fono de contacto, indispensable para contactar en caso de incidencia o destinatario\/a ausente en el momento de entrega y contactar contigo para buscar una soluci\u00f3n.\u00a0<\/p>\n","protected":false},"author":1,"featured_media":0,"parent":0,"menu_order":0,"comment_status":"closed","ping_status":"closed","template":"","meta":{"_acf_changed":false,"footnotes":""},"class_list":["post-3488","page","type-page","status-publish"],"acf":[],"yoast_head":"<!-- This site is optimized with the Yoast SEO plugin v27.5 - https:\/\/yoast.com\/product\/yoast-seo-wordpress\/ -->\n<title>Expedi\u00e7\u00f5es e entregas &#8226; Hausmann Gal\u00e9nica<\/title>\n<meta name=\"robots\" content=\"index, follow, max-snippet:-1, max-image-preview:large, max-video-preview:-1\" \/>\n<link rel=\"canonical\" href=\"https:\/\/www.hausmanngalenica.com\/pt-pt\/expedicoes-e-entregas\/\" \/>\n<meta property=\"og:locale\" content=\"pt_PT\" \/>\n<meta property=\"og:type\" content=\"article\" \/>\n<meta property=\"og:title\" content=\"Expedi\u00e7\u00f5es e entregas &#8226; Hausmann Gal\u00e9nica\" \/>\n<meta property=\"og:description\" content=\"Gastos de env\u00edo Hacemos env\u00edos a cualquier lugar dentro de la pen\u00ednsula: Coste de env\u00edo: 5\u20ac Env\u00edos gratis: a partir de 50\u20ac Adem\u00e1s, tambi\u00e9n enviamos a Baleares Coste de env\u00edo: 18\u20ac Env\u00edos gratis: a partir de 120\u20ac No enviamos a Canarias, Ceuta y Melilla. Plazo de env\u00edo-entrega de un pedido Los productos comprados ser\u00e1n expedidos a la direcci\u00f3n indicada una vez verificado el pago. El plazo de env\u00edo-entrega de los pedidos es de 24-72 horas en d\u00edas laborables. Env\u00edos Tras realizar un pedido debes recibir un email de \u00abconfirmaci\u00f3n de pedido\u00bb con el detalle de los art\u00edculos adquiridos. A continuaci\u00f3n, nuestro equipo se pondr\u00e1 a trabajar en la preparaci\u00f3n del mismo y te informaremos v\u00eda email cuando tu pedido sea enviado. En caso de que no visualices los emails, por favor, revisa la bandeja de correo no deseado o spam. Si en esta bandeja tampoco puedes visualizar los correos, no dudes en comunic\u00e1rnoslo envi\u00e1ndonos un mail a:\u00a0almacen@gasana.es. D\u00f3nde puedo recibir un pedido Puedes recibirlo en la direcci\u00f3n que elijas (domicilio, trabajo\u2026) en el momento de realizar el pedido. Recuerda cubrir bien todos los campos y dejar un tel\u00e9fono de contacto, indispensable para contactar en caso de incidencia o destinatario\/a ausente en el momento de entrega y contactar contigo para buscar una soluci\u00f3n.\u00a0\" \/>\n<meta property=\"og:url\" content=\"https:\/\/www.hausmanngalenica.com\/pt-pt\/expedicoes-e-entregas\/\" \/>\n<meta property=\"og:site_name\" content=\"Hausmann Gal\u00e9nica\" \/>\n<meta property=\"article:modified_time\" content=\"2024-06-19T12:48:51+00:00\" \/>\n<meta name=\"twitter:card\" content=\"summary_large_image\" \/>\n<meta name=\"twitter:label1\" content=\"Tempo estimado de leitura\" \/>\n\t<meta name=\"twitter:data1\" content=\"1 minuto\" \/>\n<script type=\"application\/ld+json\" class=\"yoast-schema-graph\">{\"@context\":\"https:\\\/\\\/schema.org\",\"@graph\":[{\"@type\":\"WebPage\",\"@id\":\"https:\\\/\\\/www.hausmanngalenica.com\\\/pt-pt\\\/expedicoes-e-entregas\\\/\",\"url\":\"https:\\\/\\\/www.hausmanngalenica.com\\\/pt-pt\\\/expedicoes-e-entregas\\\/\",\"name\":\"Expedi\u00e7\u00f5es e entregas &#8226; Hausmann Gal\u00e9nica\",\"isPartOf\":{\"@id\":\"https:\\\/\\\/www.hausmanngalenica.com\\\/pt-pt\\\/#website\"},\"datePublished\":\"2024-06-19T12:48:50+00:00\",\"dateModified\":\"2024-06-19T12:48:51+00:00\",\"breadcrumb\":{\"@id\":\"https:\\\/\\\/www.hausmanngalenica.com\\\/pt-pt\\\/expedicoes-e-entregas\\\/#breadcrumb\"},\"inLanguage\":\"pt-PT\",\"potentialAction\":[{\"@type\":\"ReadAction\",\"target\":[\"https:\\\/\\\/www.hausmanngalenica.com\\\/pt-pt\\\/expedicoes-e-entregas\\\/\"]}]},{\"@type\":\"BreadcrumbList\",\"@id\":\"https:\\\/\\\/www.hausmanngalenica.com\\\/pt-pt\\\/expedicoes-e-entregas\\\/#breadcrumb\",\"itemListElement\":[{\"@type\":\"ListItem\",\"position\":1,\"name\":\"Inicio\",\"item\":\"https:\\\/\\\/www.hausmanngalenica.com\\\/pt-pt\\\/\"},{\"@type\":\"ListItem\",\"position\":2,\"name\":\"Expedi\u00e7\u00f5es e entregas\"}]},{\"@type\":\"WebSite\",\"@id\":\"https:\\\/\\\/www.hausmanngalenica.com\\\/pt-pt\\\/#website\",\"url\":\"https:\\\/\\\/www.hausmanngalenica.com\\\/pt-pt\\\/\",\"name\":\"Hausmann Gal\u00e9nica\",\"description\":\"Productos nutricionales de alta calidad\",\"publisher\":{\"@id\":\"https:\\\/\\\/www.hausmanngalenica.com\\\/pt-pt\\\/#organization\"},\"potentialAction\":[{\"@type\":\"SearchAction\",\"target\":{\"@type\":\"EntryPoint\",\"urlTemplate\":\"https:\\\/\\\/www.hausmanngalenica.com\\\/pt-pt\\\/?s={search_term_string}\"},\"query-input\":{\"@type\":\"PropertyValueSpecification\",\"valueRequired\":true,\"valueName\":\"search_term_string\"}}],\"inLanguage\":\"pt-PT\"},{\"@type\":\"Organization\",\"@id\":\"https:\\\/\\\/www.hausmanngalenica.com\\\/pt-pt\\\/#organization\",\"name\":\"Hausmann Gal\u00e9nica\",\"url\":\"https:\\\/\\\/www.hausmanngalenica.com\\\/pt-pt\\\/\",\"logo\":{\"@type\":\"ImageObject\",\"inLanguage\":\"pt-PT\",\"@id\":\"https:\\\/\\\/www.hausmanngalenica.com\\\/pt-pt\\\/#\\\/schema\\\/logo\\\/image\\\/\",\"url\":\"https:\\\/\\\/www.hausmanngalenica.com\\\/wp-content\\\/uploads\\\/Logo-Hausmann.jpg\",\"contentUrl\":\"https:\\\/\\\/www.hausmanngalenica.com\\\/wp-content\\\/uploads\\\/Logo-Hausmann.jpg\",\"width\":400,\"height\":70,\"caption\":\"Hausmann Gal\u00e9nica\"},\"image\":{\"@id\":\"https:\\\/\\\/www.hausmanngalenica.com\\\/pt-pt\\\/#\\\/schema\\\/logo\\\/image\\\/\"}}]}<\/script>\n<!-- \/ Yoast SEO plugin. -->","yoast_head_json":{"title":"Expedi\u00e7\u00f5es e entregas &#8226; Hausmann Gal\u00e9nica","robots":{"index":"index","follow":"follow","max-snippet":"max-snippet:-1","max-image-preview":"max-image-preview:large","max-video-preview":"max-video-preview:-1"},"canonical":"https:\/\/www.hausmanngalenica.com\/pt-pt\/expedicoes-e-entregas\/","og_locale":"pt_PT","og_type":"article","og_title":"Expedi\u00e7\u00f5es e entregas &#8226; Hausmann Gal\u00e9nica","og_description":"Gastos de env\u00edo Hacemos env\u00edos a cualquier lugar dentro de la pen\u00ednsula: Coste de env\u00edo: 5\u20ac Env\u00edos gratis: a partir de 50\u20ac Adem\u00e1s, tambi\u00e9n enviamos a Baleares Coste de env\u00edo: 18\u20ac Env\u00edos gratis: a partir de 120\u20ac No enviamos a Canarias, Ceuta y Melilla. Plazo de env\u00edo-entrega de un pedido Los productos comprados ser\u00e1n expedidos a la direcci\u00f3n indicada una vez verificado el pago. El plazo de env\u00edo-entrega de los pedidos es de 24-72 horas en d\u00edas laborables. Env\u00edos Tras realizar un pedido debes recibir un email de \u00abconfirmaci\u00f3n de pedido\u00bb con el detalle de los art\u00edculos adquiridos. A continuaci\u00f3n, nuestro equipo se pondr\u00e1 a trabajar en la preparaci\u00f3n del mismo y te informaremos v\u00eda email cuando tu pedido sea enviado. En caso de que no visualices los emails, por favor, revisa la bandeja de correo no deseado o spam. Si en esta bandeja tampoco puedes visualizar los correos, no dudes en comunic\u00e1rnoslo envi\u00e1ndonos un mail a:\u00a0almacen@gasana.es. D\u00f3nde puedo recibir un pedido Puedes recibirlo en la direcci\u00f3n que elijas (domicilio, trabajo\u2026) en el momento de realizar el pedido. Recuerda cubrir bien todos los campos y dejar un tel\u00e9fono de contacto, indispensable para contactar en caso de incidencia o destinatario\/a ausente en el momento de entrega y contactar contigo para buscar una soluci\u00f3n.\u00a0","og_url":"https:\/\/www.hausmanngalenica.com\/pt-pt\/expedicoes-e-entregas\/","og_site_name":"Hausmann Gal\u00e9nica","article_modified_time":"2024-06-19T12:48:51+00:00","twitter_card":"summary_large_image","twitter_misc":{"Tempo estimado de leitura":"1 minuto"},"schema":{"@context":"https:\/\/schema.org","@graph":[{"@type":"WebPage","@id":"https:\/\/www.hausmanngalenica.com\/pt-pt\/expedicoes-e-entregas\/","url":"https:\/\/www.hausmanngalenica.com\/pt-pt\/expedicoes-e-entregas\/","name":"Expedi\u00e7\u00f5es e entregas &#8226; Hausmann Gal\u00e9nica","isPartOf":{"@id":"https:\/\/www.hausmanngalenica.com\/pt-pt\/#website"},"datePublished":"2024-06-19T12:48:50+00:00","dateModified":"2024-06-19T12:48:51+00:00","breadcrumb":{"@id":"https:\/\/www.hausmanngalenica.com\/pt-pt\/expedicoes-e-entregas\/#breadcrumb"},"inLanguage":"pt-PT","potentialAction":[{"@type":"ReadAction","target":["https:\/\/www.hausmanngalenica.com\/pt-pt\/expedicoes-e-entregas\/"]}]},{"@type":"BreadcrumbList","@id":"https:\/\/www.hausmanngalenica.com\/pt-pt\/expedicoes-e-entregas\/#breadcrumb","itemListElement":[{"@type":"ListItem","position":1,"name":"Inicio","item":"https:\/\/www.hausmanngalenica.com\/pt-pt\/"},{"@type":"ListItem","position":2,"name":"Expedi\u00e7\u00f5es e entregas"}]},{"@type":"WebSite","@id":"https:\/\/www.hausmanngalenica.com\/pt-pt\/#website","url":"https:\/\/www.hausmanngalenica.com\/pt-pt\/","name":"Hausmann Gal\u00e9nica","description":"Productos nutricionales de alta calidad","publisher":{"@id":"https:\/\/www.hausmanngalenica.com\/pt-pt\/#organization"},"potentialAction":[{"@type":"SearchAction","target":{"@type":"EntryPoint","urlTemplate":"https:\/\/www.hausmanngalenica.com\/pt-pt\/?s={search_term_string}"},"query-input":{"@type":"PropertyValueSpecification","valueRequired":true,"valueName":"search_term_string"}}],"inLanguage":"pt-PT"},{"@type":"Organization","@id":"https:\/\/www.hausmanngalenica.com\/pt-pt\/#organization","name":"Hausmann Gal\u00e9nica","url":"https:\/\/www.hausmanngalenica.com\/pt-pt\/","logo":{"@type":"ImageObject","inLanguage":"pt-PT","@id":"https:\/\/www.hausmanngalenica.com\/pt-pt\/#\/schema\/logo\/image\/","url":"https:\/\/www.hausmanngalenica.com\/wp-content\/uploads\/Logo-Hausmann.jpg","contentUrl":"https:\/\/www.hausmanngalenica.com\/wp-content\/uploads\/Logo-Hausmann.jpg","width":400,"height":70,"caption":"Hausmann Gal\u00e9nica"},"image":{"@id":"https:\/\/www.hausmanngalenica.com\/pt-pt\/#\/schema\/logo\/image\/"}}]}},"_links":{"self":[{"href":"https:\/\/www.hausmanngalenica.com\/pt-pt\/wp-json\/wp\/v2\/pages\/3488","targetHints":{"allow":["GET"]}}],"collection":[{"href":"https:\/\/www.hausmanngalenica.com\/pt-pt\/wp-json\/wp\/v2\/pages"}],"about":[{"href":"https:\/\/www.hausmanngalenica.com\/pt-pt\/wp-json\/wp\/v2\/types\/page"}],"author":[{"embeddable":true,"href":"https:\/\/www.hausmanngalenica.com\/pt-pt\/wp-json\/wp\/v2\/users\/1"}],"replies":[{"embeddable":true,"href":"https:\/\/www.hausmanngalenica.com\/pt-pt\/wp-json\/wp\/v2\/comments?post=3488"}],"version-history":[{"count":0,"href":"https:\/\/www.hausmanngalenica.com\/pt-pt\/wp-json\/wp\/v2\/pages\/3488\/revisions"}],"wp:attachment":[{"href":"https:\/\/www.hausmanngalenica.com\/pt-pt\/wp-json\/wp\/v2\/media?parent=3488"}],"curies":[{"name":"wp","href":"https:\/\/api.w.org\/{rel}","templated":true}]}}