{"id":3322,"date":"2024-06-19T11:10:52","date_gmt":"2024-06-19T10:10:52","guid":{"rendered":"https:\/\/www.hausmanngalenica.com\/producto\/asviken\/"},"modified":"2026-01-17T14:44:09","modified_gmt":"2026-01-17T13:44:09","slug":"asviken","status":"publish","type":"product","link":"https:\/\/www.hausmanngalenica.com\/pt-pt\/producto\/asviken\/","title":{"rendered":"ASVIKEN"},"content":{"rendered":"<h4 class=\"color_88\">Certifica\u00e7\u00f5es do tipo de Ashwagandha utilizado para fabricar este produto<\/h4>\n<p>GMP, Gras, Halal, ISO 22000, ISO 9001, ISO, 14001, OHSAS 18001, VHO-GMP, BSCG(certified drug free), NSF, certified authentic TRU-ID, certified vegetarian vegecert, certified C.L.E.A.N.<\/p>\n<h4 class=\"color_88\">Descri\u00e7\u00e3o<\/h4>\n<p>O Ashwagandha est\u00e1 considerado como uma das principais plantas da medicina Ayurv\u00e9dica. \u00c9 conhecida como o &#8220;Pr\u00edncipe das Plantas&#8221; pelas suas impressionantes propriedades terap\u00eauticas.<\/p>\n<p>O extracto utilizado para fazer fabricar o Asviken recebeu os seguintes reconhecimentos internacionais:<\/p>\n<p>\u201cHerbal Industry Leader\u201d da Society for Ethnopharmacology em 2016<\/p>\n<p>\u201cBest Botanical Ingredient\u201d em 2013<\/p>\n<p>\u201cInnovative Ingredient of the Year\u201d em 2012<\/p>\n<p>O facto de se destacarem estas certifica\u00e7\u00f5es \u00e9 muito importante, j\u00e1 que a efic\u00e1cia do Ashwaghandha depende de que se utilizem extractos apenas da raiz, de elevada qualidade, que \u00e9 onde se concentram os seus princ\u00edpios ativos, e n\u00e3o preparados comerciais adulterados com extractos de folhas.<\/p>\n<p>Considera-se que \u00e9 o efeito sin\u00e9rgico dos seus v\u00e1rios componentes que lhe conferem as suas m\u00faltiplas propriedades terap\u00eauticas. Entre elas destacam-se os alcaloides (somniferina, anaferina e whitanina) e os fitoster\u00f3is (estigmasterol e beta-sitosterol). Atualmente foram estudados mais de 140 withan\u00f3lidos.<\/p>\n<p>O etracto que utilizou para fabricar esta f\u00f3rmula, \u00e9 o que tem maior concentra\u00e7\u00e3o de princ\u00edpios ativos do mercado mundial.Cont\u00e9m a maior percentagem de withan\u00f3lidos de todos os extractos de raiz dispon\u00edveis na atualidade. Isto foi alcan\u00e7ado ap\u00f3s mais de quinze anos de investiga\u00e7\u00e3o e desenvolvimento utilizando exclusivamente a raiz desta planta, e sem nenhum solvente qu\u00edmico neste processo, obtendo-se assim certifica\u00e7\u00e3o biol\u00f3gica ou ecol\u00f3gica.<\/p>\n<h4 class=\"color_88\">Advert\u00eancias<\/h4>\n<p>Hipersensibilidade a algum dos seus componentes.<\/p>\n<h4 class=\"color_88\">Apresenta\u00e7\u00e3o<\/h4>\n<p>Frasco com 50 c\u00e1psulas de 300 mg<\/p>\n<h4 class=\"color_88\">Bibliografia<\/h4>\n<p class=\"bibli\">1. R. Tiwari, S. Chakraborty, M. Saminathan, K. Dhama, S.V. Singh Ashwagandha (Withania somnifera): role in safeguarding health, immunomodulatory effects, combating infections, and therapeutic applications: a review. J Biol Sci, 14 (2014), pp. 77-94.<\/p>\n<p class=\"bibli\">2. T. Dhanani, S. Shah, N.A. Gajbhiye, S. Kumar Effect of extraction methods on yield, phytochemical constituents, and antioxidant activity of Withania somnifera. Arabian J Chem, 10 (Suppl. 1) (2017), pp. S1193-S1199.<\/p>\n<p class=\"bibli\">3. N. Alam, M. Hossain, M.I. Khalil, M. Moniruzzaman, S.A. Sulaiman, S.H. Gan Recent advances in elucidating the biological properties of Withania somnifera and its potential role in health benefits. Phytochem Rev, 11 (2012), pp. 97-112.<\/p>\n","protected":false},"excerpt":{"rendered":"<p><span class=\"s1\">Extracto de ra\u00edz Ashwagandha estandarizado.<\/span><\/p>\n","protected":false},"featured_media":7173,"comment_status":"closed","ping_status":"closed","template":"","meta":{"_acf_changed":false},"product_brand":[],"product_cat":[72],"product_tag":[156,163,172],"class_list":{"0":"post-3322","1":"product","2":"type-product","3":"status-publish","4":"has-post-thumbnail","6":"product_cat-botania-pt","7":"product_tag-energia-e-desempenho","8":"product_tag-memoria-e-descanso","9":"product_tag-saude-masculina","11":"first","12":"instock","13":"featured","14":"purchasable","15":"product-type-simple"},"acf":[],"yoast_head":"<!-- This site is optimized with the Yoast SEO plugin v27.5 - https:\/\/yoast.com\/product\/yoast-seo-wordpress\/ -->\n<title>ASVIKEN &#8226; Hausmann Gal\u00e9nica<\/title>\n<meta name=\"robots\" content=\"index, follow, max-snippet:-1, max-image-preview:large, max-video-preview:-1\" \/>\n<link rel=\"canonical\" href=\"https:\/\/www.hausmanngalenica.com\/pt-pt\/producto\/asviken\/\" \/>\n<meta property=\"og:locale\" content=\"pt_PT\" \/>\n<meta property=\"og:type\" content=\"article\" \/>\n<meta property=\"og:title\" content=\"ASVIKEN &#8226; Hausmann Gal\u00e9nica\" \/>\n<meta property=\"og:description\" content=\"Extracto de ra\u00edz Ashwagandha estandarizado.\" \/>\n<meta property=\"og:url\" content=\"https:\/\/www.hausmanngalenica.com\/pt-pt\/producto\/asviken\/\" \/>\n<meta property=\"og:site_name\" content=\"Hausmann Gal\u00e9nica\" \/>\n<meta property=\"article:modified_time\" content=\"2026-01-17T13:44:09+00:00\" \/>\n<meta property=\"og:image\" content=\"https:\/\/www.hausmanngalenica.com\/wp-content\/uploads\/asviken-50-capsulas-botania_1-scaled.png\" \/>\n\t<meta property=\"og:image:width\" content=\"2560\" \/>\n\t<meta property=\"og:image:height\" content=\"2560\" \/>\n\t<meta property=\"og:image:type\" content=\"image\/png\" \/>\n<meta name=\"twitter:card\" content=\"summary_large_image\" \/>\n<meta name=\"twitter:label1\" content=\"Tempo estimado de leitura\" \/>\n\t<meta name=\"twitter:data1\" content=\"2 minutos\" \/>\n<script type=\"application\/ld+json\" class=\"yoast-schema-graph\">{\"@context\":\"https:\\\/\\\/schema.org\",\"@graph\":[{\"@type\":\"WebPage\",\"@id\":\"https:\\\/\\\/www.hausmanngalenica.com\\\/pt-pt\\\/producto\\\/asviken\\\/\",\"url\":\"https:\\\/\\\/www.hausmanngalenica.com\\\/pt-pt\\\/producto\\\/asviken\\\/\",\"name\":\"ASVIKEN &#8226; Hausmann Gal\u00e9nica\",\"isPartOf\":{\"@id\":\"https:\\\/\\\/www.hausmanngalenica.com\\\/pt-pt\\\/#website\"},\"primaryImageOfPage\":{\"@id\":\"https:\\\/\\\/www.hausmanngalenica.com\\\/pt-pt\\\/producto\\\/asviken\\\/#primaryimage\"},\"image\":{\"@id\":\"https:\\\/\\\/www.hausmanngalenica.com\\\/pt-pt\\\/producto\\\/asviken\\\/#primaryimage\"},\"thumbnailUrl\":\"https:\\\/\\\/www.hausmanngalenica.com\\\/wp-content\\\/uploads\\\/asviken-50-capsulas-botania_1-2.png\",\"datePublished\":\"2024-06-19T10:10:52+00:00\",\"dateModified\":\"2026-01-17T13:44:09+00:00\",\"breadcrumb\":{\"@id\":\"https:\\\/\\\/www.hausmanngalenica.com\\\/pt-pt\\\/producto\\\/asviken\\\/#breadcrumb\"},\"inLanguage\":\"pt-PT\",\"potentialAction\":[{\"@type\":\"ReadAction\",\"target\":[\"https:\\\/\\\/www.hausmanngalenica.com\\\/pt-pt\\\/producto\\\/asviken\\\/\"]}]},{\"@type\":\"ImageObject\",\"inLanguage\":\"pt-PT\",\"@id\":\"https:\\\/\\\/www.hausmanngalenica.com\\\/pt-pt\\\/producto\\\/asviken\\\/#primaryimage\",\"url\":\"https:\\\/\\\/www.hausmanngalenica.com\\\/wp-content\\\/uploads\\\/asviken-50-capsulas-botania_1-2.png\",\"contentUrl\":\"https:\\\/\\\/www.hausmanngalenica.com\\\/wp-content\\\/uploads\\\/asviken-50-capsulas-botania_1-2.png\",\"width\":2560,\"height\":2560},{\"@type\":\"BreadcrumbList\",\"@id\":\"https:\\\/\\\/www.hausmanngalenica.com\\\/pt-pt\\\/producto\\\/asviken\\\/#breadcrumb\",\"itemListElement\":[{\"@type\":\"ListItem\",\"position\":1,\"name\":\"Inicio\",\"item\":\"https:\\\/\\\/www.hausmanngalenica.com\\\/pt-pt\\\/\"},{\"@type\":\"ListItem\",\"position\":2,\"name\":\"Shop\",\"item\":\"https:\\\/\\\/www.hausmanngalenica.com\\\/pt-pt\\\/shop\\\/\"},{\"@type\":\"ListItem\",\"position\":3,\"name\":\"ASVIKEN\"}]},{\"@type\":\"WebSite\",\"@id\":\"https:\\\/\\\/www.hausmanngalenica.com\\\/pt-pt\\\/#website\",\"url\":\"https:\\\/\\\/www.hausmanngalenica.com\\\/pt-pt\\\/\",\"name\":\"Hausmann Gal\u00e9nica\",\"description\":\"Productos nutricionales de alta calidad\",\"publisher\":{\"@id\":\"https:\\\/\\\/www.hausmanngalenica.com\\\/pt-pt\\\/#organization\"},\"potentialAction\":[{\"@type\":\"SearchAction\",\"target\":{\"@type\":\"EntryPoint\",\"urlTemplate\":\"https:\\\/\\\/www.hausmanngalenica.com\\\/pt-pt\\\/?s={search_term_string}\"},\"query-input\":{\"@type\":\"PropertyValueSpecification\",\"valueRequired\":true,\"valueName\":\"search_term_string\"}}],\"inLanguage\":\"pt-PT\"},{\"@type\":\"Organization\",\"@id\":\"https:\\\/\\\/www.hausmanngalenica.com\\\/pt-pt\\\/#organization\",\"name\":\"Hausmann Gal\u00e9nica\",\"url\":\"https:\\\/\\\/www.hausmanngalenica.com\\\/pt-pt\\\/\",\"logo\":{\"@type\":\"ImageObject\",\"inLanguage\":\"pt-PT\",\"@id\":\"https:\\\/\\\/www.hausmanngalenica.com\\\/pt-pt\\\/#\\\/schema\\\/logo\\\/image\\\/\",\"url\":\"https:\\\/\\\/www.hausmanngalenica.com\\\/wp-content\\\/uploads\\\/Logo-Hausmann.jpg\",\"contentUrl\":\"https:\\\/\\\/www.hausmanngalenica.com\\\/wp-content\\\/uploads\\\/Logo-Hausmann.jpg\",\"width\":400,\"height\":70,\"caption\":\"Hausmann Gal\u00e9nica\"},\"image\":{\"@id\":\"https:\\\/\\\/www.hausmanngalenica.com\\\/pt-pt\\\/#\\\/schema\\\/logo\\\/image\\\/\"}}]}<\/script>\n<!-- \/ Yoast SEO plugin. -->","yoast_head_json":{"title":"ASVIKEN &#8226; Hausmann Gal\u00e9nica","robots":{"index":"index","follow":"follow","max-snippet":"max-snippet:-1","max-image-preview":"max-image-preview:large","max-video-preview":"max-video-preview:-1"},"canonical":"https:\/\/www.hausmanngalenica.com\/pt-pt\/producto\/asviken\/","og_locale":"pt_PT","og_type":"article","og_title":"ASVIKEN &#8226; Hausmann Gal\u00e9nica","og_description":"Extracto de ra\u00edz Ashwagandha estandarizado.","og_url":"https:\/\/www.hausmanngalenica.com\/pt-pt\/producto\/asviken\/","og_site_name":"Hausmann Gal\u00e9nica","article_modified_time":"2026-01-17T13:44:09+00:00","og_image":[{"width":2560,"height":2560,"url":"https:\/\/www.hausmanngalenica.com\/wp-content\/uploads\/asviken-50-capsulas-botania_1-scaled.png","type":"image\/png"}],"twitter_card":"summary_large_image","twitter_misc":{"Tempo estimado de leitura":"2 minutos"},"schema":{"@context":"https:\/\/schema.org","@graph":[{"@type":"WebPage","@id":"https:\/\/www.hausmanngalenica.com\/pt-pt\/producto\/asviken\/","url":"https:\/\/www.hausmanngalenica.com\/pt-pt\/producto\/asviken\/","name":"ASVIKEN &#8226; Hausmann Gal\u00e9nica","isPartOf":{"@id":"https:\/\/www.hausmanngalenica.com\/pt-pt\/#website"},"primaryImageOfPage":{"@id":"https:\/\/www.hausmanngalenica.com\/pt-pt\/producto\/asviken\/#primaryimage"},"image":{"@id":"https:\/\/www.hausmanngalenica.com\/pt-pt\/producto\/asviken\/#primaryimage"},"thumbnailUrl":"https:\/\/www.hausmanngalenica.com\/wp-content\/uploads\/asviken-50-capsulas-botania_1-2.png","datePublished":"2024-06-19T10:10:52+00:00","dateModified":"2026-01-17T13:44:09+00:00","breadcrumb":{"@id":"https:\/\/www.hausmanngalenica.com\/pt-pt\/producto\/asviken\/#breadcrumb"},"inLanguage":"pt-PT","potentialAction":[{"@type":"ReadAction","target":["https:\/\/www.hausmanngalenica.com\/pt-pt\/producto\/asviken\/"]}]},{"@type":"ImageObject","inLanguage":"pt-PT","@id":"https:\/\/www.hausmanngalenica.com\/pt-pt\/producto\/asviken\/#primaryimage","url":"https:\/\/www.hausmanngalenica.com\/wp-content\/uploads\/asviken-50-capsulas-botania_1-2.png","contentUrl":"https:\/\/www.hausmanngalenica.com\/wp-content\/uploads\/asviken-50-capsulas-botania_1-2.png","width":2560,"height":2560},{"@type":"BreadcrumbList","@id":"https:\/\/www.hausmanngalenica.com\/pt-pt\/producto\/asviken\/#breadcrumb","itemListElement":[{"@type":"ListItem","position":1,"name":"Inicio","item":"https:\/\/www.hausmanngalenica.com\/pt-pt\/"},{"@type":"ListItem","position":2,"name":"Shop","item":"https:\/\/www.hausmanngalenica.com\/pt-pt\/shop\/"},{"@type":"ListItem","position":3,"name":"ASVIKEN"}]},{"@type":"WebSite","@id":"https:\/\/www.hausmanngalenica.com\/pt-pt\/#website","url":"https:\/\/www.hausmanngalenica.com\/pt-pt\/","name":"Hausmann Gal\u00e9nica","description":"Productos nutricionales de alta calidad","publisher":{"@id":"https:\/\/www.hausmanngalenica.com\/pt-pt\/#organization"},"potentialAction":[{"@type":"SearchAction","target":{"@type":"EntryPoint","urlTemplate":"https:\/\/www.hausmanngalenica.com\/pt-pt\/?s={search_term_string}"},"query-input":{"@type":"PropertyValueSpecification","valueRequired":true,"valueName":"search_term_string"}}],"inLanguage":"pt-PT"},{"@type":"Organization","@id":"https:\/\/www.hausmanngalenica.com\/pt-pt\/#organization","name":"Hausmann Gal\u00e9nica","url":"https:\/\/www.hausmanngalenica.com\/pt-pt\/","logo":{"@type":"ImageObject","inLanguage":"pt-PT","@id":"https:\/\/www.hausmanngalenica.com\/pt-pt\/#\/schema\/logo\/image\/","url":"https:\/\/www.hausmanngalenica.com\/wp-content\/uploads\/Logo-Hausmann.jpg","contentUrl":"https:\/\/www.hausmanngalenica.com\/wp-content\/uploads\/Logo-Hausmann.jpg","width":400,"height":70,"caption":"Hausmann Gal\u00e9nica"},"image":{"@id":"https:\/\/www.hausmanngalenica.com\/pt-pt\/#\/schema\/logo\/image\/"}}]}},"_links":{"self":[{"href":"https:\/\/www.hausmanngalenica.com\/pt-pt\/wp-json\/wp\/v2\/product\/3322","targetHints":{"allow":["GET"]}}],"collection":[{"href":"https:\/\/www.hausmanngalenica.com\/pt-pt\/wp-json\/wp\/v2\/product"}],"about":[{"href":"https:\/\/www.hausmanngalenica.com\/pt-pt\/wp-json\/wp\/v2\/types\/product"}],"replies":[{"embeddable":true,"href":"https:\/\/www.hausmanngalenica.com\/pt-pt\/wp-json\/wp\/v2\/comments?post=3322"}],"wp:featuredmedia":[{"embeddable":true,"href":"https:\/\/www.hausmanngalenica.com\/pt-pt\/wp-json\/wp\/v2\/media\/7173"}],"wp:attachment":[{"href":"https:\/\/www.hausmanngalenica.com\/pt-pt\/wp-json\/wp\/v2\/media?parent=3322"}],"wp:term":[{"taxonomy":"product_brand","embeddable":true,"href":"https:\/\/www.hausmanngalenica.com\/pt-pt\/wp-json\/wp\/v2\/product_brand?post=3322"},{"taxonomy":"product_cat","embeddable":true,"href":"https:\/\/www.hausmanngalenica.com\/pt-pt\/wp-json\/wp\/v2\/product_cat?post=3322"},{"taxonomy":"product_tag","embeddable":true,"href":"https:\/\/www.hausmanngalenica.com\/pt-pt\/wp-json\/wp\/v2\/product_tag?post=3322"}],"curies":[{"name":"wp","href":"https:\/\/api.w.org\/{rel}","templated":true}]}}