{"id":3323,"date":"2024-06-19T11:11:11","date_gmt":"2024-06-19T10:11:11","guid":{"rendered":"https:\/\/www.hausmanngalenica.com\/producto\/cimifem\/"},"modified":"2026-01-17T14:54:40","modified_gmt":"2026-01-17T13:54:40","slug":"cimifem","status":"publish","type":"product","link":"https:\/\/www.hausmanngalenica.com\/pt-pt\/producto\/cimifem\/","title":{"rendered":"Cimifem"},"content":{"rendered":"<h4>Por que o CIMIFEM \u00e9 especial?<\/h4>\n<p>-El extracto estandarizado garantiza la cantidad adecuada del ingrediente activo<\/p>\n<p>-Ingrediente de origen controlado<\/p>\n<h4 class=\"color_88\">Advert\u00eancias<\/h4>\n<p>Hipersensibilidad a alguno de sus componentes. No utilizar durante embarazo o lactancia.<br \/>\nNo superar la dosis diaria expresamente recomendada. Los complementos alimenticios no deben utilizarse como sustitutos de una dieta variada y equilibrada y un modo de vida sano. Mantener en un lugar fresco y seco. Mantener fuera del alcance de los ni\u00f1os m\u00e1s peque\u00f1os. Consulte a su m\u00e9dico sobre el uso y la duraci\u00f3n del consumo. No usar en caso de enfermedad hep\u00e1tica.<\/p>\n<h4>Alerg\u00e9nios<\/h4>\n<p>Isento de alerg\u00e9nios.<\/p>\n<h4 class=\"color_88\">Apresenta\u00e7\u00e3o<\/h4>\n<p>Frasco com 60 c\u00e1psulas.<\/p>\n","protected":false},"excerpt":{"rendered":"<p class=\"p1\">Suplemento alimentar \u00e0 base de extrato de Cimic\u00edfuga.<\/p>\n","protected":false},"featured_media":7198,"comment_status":"closed","ping_status":"closed","template":"","meta":{"_acf_changed":false},"product_brand":[],"product_cat":[72],"product_tag":[171],"class_list":{"0":"post-3323","1":"product","2":"type-product","3":"status-publish","4":"has-post-thumbnail","6":"product_cat-botania-pt","7":"product_tag-saude-feminina","9":"first","10":"instock","11":"purchasable","12":"product-type-simple"},"acf":[],"yoast_head":"<!-- This site is optimized with the Yoast SEO plugin v27.5 - https:\/\/yoast.com\/product\/yoast-seo-wordpress\/ -->\n<title>Cimifem &#8226; Hausmann Gal\u00e9nica<\/title>\n<meta name=\"robots\" content=\"index, follow, max-snippet:-1, max-image-preview:large, max-video-preview:-1\" \/>\n<link rel=\"canonical\" href=\"https:\/\/www.hausmanngalenica.com\/pt-pt\/producto\/cimifem\/\" \/>\n<meta property=\"og:locale\" content=\"pt_PT\" \/>\n<meta property=\"og:type\" content=\"article\" \/>\n<meta property=\"og:title\" content=\"Cimifem &#8226; Hausmann Gal\u00e9nica\" \/>\n<meta property=\"og:description\" content=\"Suplemento alimentar \u00e0 base de extrato de Cimic\u00edfuga.\" \/>\n<meta property=\"og:url\" content=\"https:\/\/www.hausmanngalenica.com\/pt-pt\/producto\/cimifem\/\" \/>\n<meta property=\"og:site_name\" content=\"Hausmann Gal\u00e9nica\" \/>\n<meta property=\"article:modified_time\" content=\"2026-01-17T13:54:40+00:00\" \/>\n<meta property=\"og:image\" content=\"https:\/\/www.hausmanngalenica.com\/wp-content\/uploads\/cimifem-60-caps-botania_1-2.jpg\" \/>\n\t<meta property=\"og:image:width\" content=\"1000\" \/>\n\t<meta property=\"og:image:height\" content=\"833\" \/>\n\t<meta property=\"og:image:type\" content=\"image\/jpeg\" \/>\n<meta name=\"twitter:card\" content=\"summary_large_image\" \/>\n<meta name=\"twitter:label1\" content=\"Tempo estimado de leitura\" \/>\n\t<meta name=\"twitter:data1\" content=\"1 minuto\" \/>\n<script type=\"application\/ld+json\" class=\"yoast-schema-graph\">{\"@context\":\"https:\\\/\\\/schema.org\",\"@graph\":[{\"@type\":\"WebPage\",\"@id\":\"https:\\\/\\\/www.hausmanngalenica.com\\\/pt-pt\\\/producto\\\/cimifem\\\/\",\"url\":\"https:\\\/\\\/www.hausmanngalenica.com\\\/pt-pt\\\/producto\\\/cimifem\\\/\",\"name\":\"Cimifem &#8226; Hausmann Gal\u00e9nica\",\"isPartOf\":{\"@id\":\"https:\\\/\\\/www.hausmanngalenica.com\\\/pt-pt\\\/#website\"},\"primaryImageOfPage\":{\"@id\":\"https:\\\/\\\/www.hausmanngalenica.com\\\/pt-pt\\\/producto\\\/cimifem\\\/#primaryimage\"},\"image\":{\"@id\":\"https:\\\/\\\/www.hausmanngalenica.com\\\/pt-pt\\\/producto\\\/cimifem\\\/#primaryimage\"},\"thumbnailUrl\":\"https:\\\/\\\/www.hausmanngalenica.com\\\/wp-content\\\/uploads\\\/cimifem-60-caps-botania_1-3.jpg\",\"datePublished\":\"2024-06-19T10:11:11+00:00\",\"dateModified\":\"2026-01-17T13:54:40+00:00\",\"breadcrumb\":{\"@id\":\"https:\\\/\\\/www.hausmanngalenica.com\\\/pt-pt\\\/producto\\\/cimifem\\\/#breadcrumb\"},\"inLanguage\":\"pt-PT\",\"potentialAction\":[{\"@type\":\"ReadAction\",\"target\":[\"https:\\\/\\\/www.hausmanngalenica.com\\\/pt-pt\\\/producto\\\/cimifem\\\/\"]}]},{\"@type\":\"ImageObject\",\"inLanguage\":\"pt-PT\",\"@id\":\"https:\\\/\\\/www.hausmanngalenica.com\\\/pt-pt\\\/producto\\\/cimifem\\\/#primaryimage\",\"url\":\"https:\\\/\\\/www.hausmanngalenica.com\\\/wp-content\\\/uploads\\\/cimifem-60-caps-botania_1-3.jpg\",\"contentUrl\":\"https:\\\/\\\/www.hausmanngalenica.com\\\/wp-content\\\/uploads\\\/cimifem-60-caps-botania_1-3.jpg\",\"width\":1000,\"height\":833},{\"@type\":\"BreadcrumbList\",\"@id\":\"https:\\\/\\\/www.hausmanngalenica.com\\\/pt-pt\\\/producto\\\/cimifem\\\/#breadcrumb\",\"itemListElement\":[{\"@type\":\"ListItem\",\"position\":1,\"name\":\"Inicio\",\"item\":\"https:\\\/\\\/www.hausmanngalenica.com\\\/pt-pt\\\/\"},{\"@type\":\"ListItem\",\"position\":2,\"name\":\"Shop\",\"item\":\"https:\\\/\\\/www.hausmanngalenica.com\\\/pt-pt\\\/shop\\\/\"},{\"@type\":\"ListItem\",\"position\":3,\"name\":\"Cimifem\"}]},{\"@type\":\"WebSite\",\"@id\":\"https:\\\/\\\/www.hausmanngalenica.com\\\/pt-pt\\\/#website\",\"url\":\"https:\\\/\\\/www.hausmanngalenica.com\\\/pt-pt\\\/\",\"name\":\"Hausmann Gal\u00e9nica\",\"description\":\"Productos nutricionales de alta calidad\",\"publisher\":{\"@id\":\"https:\\\/\\\/www.hausmanngalenica.com\\\/pt-pt\\\/#organization\"},\"potentialAction\":[{\"@type\":\"SearchAction\",\"target\":{\"@type\":\"EntryPoint\",\"urlTemplate\":\"https:\\\/\\\/www.hausmanngalenica.com\\\/pt-pt\\\/?s={search_term_string}\"},\"query-input\":{\"@type\":\"PropertyValueSpecification\",\"valueRequired\":true,\"valueName\":\"search_term_string\"}}],\"inLanguage\":\"pt-PT\"},{\"@type\":\"Organization\",\"@id\":\"https:\\\/\\\/www.hausmanngalenica.com\\\/pt-pt\\\/#organization\",\"name\":\"Hausmann Gal\u00e9nica\",\"url\":\"https:\\\/\\\/www.hausmanngalenica.com\\\/pt-pt\\\/\",\"logo\":{\"@type\":\"ImageObject\",\"inLanguage\":\"pt-PT\",\"@id\":\"https:\\\/\\\/www.hausmanngalenica.com\\\/pt-pt\\\/#\\\/schema\\\/logo\\\/image\\\/\",\"url\":\"https:\\\/\\\/www.hausmanngalenica.com\\\/wp-content\\\/uploads\\\/Logo-Hausmann.jpg\",\"contentUrl\":\"https:\\\/\\\/www.hausmanngalenica.com\\\/wp-content\\\/uploads\\\/Logo-Hausmann.jpg\",\"width\":400,\"height\":70,\"caption\":\"Hausmann Gal\u00e9nica\"},\"image\":{\"@id\":\"https:\\\/\\\/www.hausmanngalenica.com\\\/pt-pt\\\/#\\\/schema\\\/logo\\\/image\\\/\"}}]}<\/script>\n<!-- \/ Yoast SEO plugin. -->","yoast_head_json":{"title":"Cimifem &#8226; Hausmann Gal\u00e9nica","robots":{"index":"index","follow":"follow","max-snippet":"max-snippet:-1","max-image-preview":"max-image-preview:large","max-video-preview":"max-video-preview:-1"},"canonical":"https:\/\/www.hausmanngalenica.com\/pt-pt\/producto\/cimifem\/","og_locale":"pt_PT","og_type":"article","og_title":"Cimifem &#8226; Hausmann Gal\u00e9nica","og_description":"Suplemento alimentar \u00e0 base de extrato de Cimic\u00edfuga.","og_url":"https:\/\/www.hausmanngalenica.com\/pt-pt\/producto\/cimifem\/","og_site_name":"Hausmann Gal\u00e9nica","article_modified_time":"2026-01-17T13:54:40+00:00","og_image":[{"width":1000,"height":833,"url":"https:\/\/www.hausmanngalenica.com\/wp-content\/uploads\/cimifem-60-caps-botania_1-2.jpg","type":"image\/jpeg"}],"twitter_card":"summary_large_image","twitter_misc":{"Tempo estimado de leitura":"1 minuto"},"schema":{"@context":"https:\/\/schema.org","@graph":[{"@type":"WebPage","@id":"https:\/\/www.hausmanngalenica.com\/pt-pt\/producto\/cimifem\/","url":"https:\/\/www.hausmanngalenica.com\/pt-pt\/producto\/cimifem\/","name":"Cimifem &#8226; Hausmann Gal\u00e9nica","isPartOf":{"@id":"https:\/\/www.hausmanngalenica.com\/pt-pt\/#website"},"primaryImageOfPage":{"@id":"https:\/\/www.hausmanngalenica.com\/pt-pt\/producto\/cimifem\/#primaryimage"},"image":{"@id":"https:\/\/www.hausmanngalenica.com\/pt-pt\/producto\/cimifem\/#primaryimage"},"thumbnailUrl":"https:\/\/www.hausmanngalenica.com\/wp-content\/uploads\/cimifem-60-caps-botania_1-3.jpg","datePublished":"2024-06-19T10:11:11+00:00","dateModified":"2026-01-17T13:54:40+00:00","breadcrumb":{"@id":"https:\/\/www.hausmanngalenica.com\/pt-pt\/producto\/cimifem\/#breadcrumb"},"inLanguage":"pt-PT","potentialAction":[{"@type":"ReadAction","target":["https:\/\/www.hausmanngalenica.com\/pt-pt\/producto\/cimifem\/"]}]},{"@type":"ImageObject","inLanguage":"pt-PT","@id":"https:\/\/www.hausmanngalenica.com\/pt-pt\/producto\/cimifem\/#primaryimage","url":"https:\/\/www.hausmanngalenica.com\/wp-content\/uploads\/cimifem-60-caps-botania_1-3.jpg","contentUrl":"https:\/\/www.hausmanngalenica.com\/wp-content\/uploads\/cimifem-60-caps-botania_1-3.jpg","width":1000,"height":833},{"@type":"BreadcrumbList","@id":"https:\/\/www.hausmanngalenica.com\/pt-pt\/producto\/cimifem\/#breadcrumb","itemListElement":[{"@type":"ListItem","position":1,"name":"Inicio","item":"https:\/\/www.hausmanngalenica.com\/pt-pt\/"},{"@type":"ListItem","position":2,"name":"Shop","item":"https:\/\/www.hausmanngalenica.com\/pt-pt\/shop\/"},{"@type":"ListItem","position":3,"name":"Cimifem"}]},{"@type":"WebSite","@id":"https:\/\/www.hausmanngalenica.com\/pt-pt\/#website","url":"https:\/\/www.hausmanngalenica.com\/pt-pt\/","name":"Hausmann Gal\u00e9nica","description":"Productos nutricionales de alta calidad","publisher":{"@id":"https:\/\/www.hausmanngalenica.com\/pt-pt\/#organization"},"potentialAction":[{"@type":"SearchAction","target":{"@type":"EntryPoint","urlTemplate":"https:\/\/www.hausmanngalenica.com\/pt-pt\/?s={search_term_string}"},"query-input":{"@type":"PropertyValueSpecification","valueRequired":true,"valueName":"search_term_string"}}],"inLanguage":"pt-PT"},{"@type":"Organization","@id":"https:\/\/www.hausmanngalenica.com\/pt-pt\/#organization","name":"Hausmann Gal\u00e9nica","url":"https:\/\/www.hausmanngalenica.com\/pt-pt\/","logo":{"@type":"ImageObject","inLanguage":"pt-PT","@id":"https:\/\/www.hausmanngalenica.com\/pt-pt\/#\/schema\/logo\/image\/","url":"https:\/\/www.hausmanngalenica.com\/wp-content\/uploads\/Logo-Hausmann.jpg","contentUrl":"https:\/\/www.hausmanngalenica.com\/wp-content\/uploads\/Logo-Hausmann.jpg","width":400,"height":70,"caption":"Hausmann Gal\u00e9nica"},"image":{"@id":"https:\/\/www.hausmanngalenica.com\/pt-pt\/#\/schema\/logo\/image\/"}}]}},"_links":{"self":[{"href":"https:\/\/www.hausmanngalenica.com\/pt-pt\/wp-json\/wp\/v2\/product\/3323","targetHints":{"allow":["GET"]}}],"collection":[{"href":"https:\/\/www.hausmanngalenica.com\/pt-pt\/wp-json\/wp\/v2\/product"}],"about":[{"href":"https:\/\/www.hausmanngalenica.com\/pt-pt\/wp-json\/wp\/v2\/types\/product"}],"replies":[{"embeddable":true,"href":"https:\/\/www.hausmanngalenica.com\/pt-pt\/wp-json\/wp\/v2\/comments?post=3323"}],"wp:featuredmedia":[{"embeddable":true,"href":"https:\/\/www.hausmanngalenica.com\/pt-pt\/wp-json\/wp\/v2\/media\/7198"}],"wp:attachment":[{"href":"https:\/\/www.hausmanngalenica.com\/pt-pt\/wp-json\/wp\/v2\/media?parent=3323"}],"wp:term":[{"taxonomy":"product_brand","embeddable":true,"href":"https:\/\/www.hausmanngalenica.com\/pt-pt\/wp-json\/wp\/v2\/product_brand?post=3323"},{"taxonomy":"product_cat","embeddable":true,"href":"https:\/\/www.hausmanngalenica.com\/pt-pt\/wp-json\/wp\/v2\/product_cat?post=3323"},{"taxonomy":"product_tag","embeddable":true,"href":"https:\/\/www.hausmanngalenica.com\/pt-pt\/wp-json\/wp\/v2\/product_tag?post=3323"}],"curies":[{"name":"wp","href":"https:\/\/api.w.org\/{rel}","templated":true}]}}