{"id":3324,"date":"2024-06-19T11:11:11","date_gmt":"2024-06-19T10:11:11","guid":{"rendered":"https:\/\/www.hausmanngalenica.com\/producto\/depuryren\/"},"modified":"2026-01-14T10:49:23","modified_gmt":"2026-01-14T09:49:23","slug":"depuryren","status":"publish","type":"product","link":"https:\/\/www.hausmanngalenica.com\/pt-pt\/producto\/depuryren\/","title":{"rendered":"DEPURYREN 500 ML JARABE BOTANIA"},"content":{"rendered":"<h4 class=\"color_88\">Descripci\u00f3n<\/h4>\n<p>Depuryren contiene un extracto estandarizado de t\u00e9 verde, sin cafe\u00edna, Sunphenon\u00ae desarrollado a partir de las m\u00e1s rigurosas t\u00e9cnicas de extracci\u00f3n, sin utilizar solventes t\u00f3xicos, y manteniendo todos sus principios activos intactos.<\/p>\n<h4 class=\"color_88\">Advert\u00eancias<\/h4>\n<p>Hipersensibilidad a alguno de sus componentes.<br \/>\nNo superar la dosis diaria expresamente recomendada. Los complementos alimenticios no deben utilizarse como sustitutos de una dieta variada y equilibrada y un modo de vida sano. Mantener en un lugar fresco y seco. Mantener fuera del alcance de los ni\u00f1os m\u00e1s peque\u00f1os. No administrar a ni\u00f1os menores de 12 a\u00f1os. Consulte a su m\u00e9dico o farmac\u00e9utico en caso de uso simult\u00e1neo de anticoagulantes. No utilice durante el ambarazo o la lactancia.      <\/p>\n<h4 class=\"color_88\">Apresenta\u00e7\u00e3o<\/h4>\n<p>Envase 500 ml de soluci\u00f3n.<\/p>\n","protected":false},"excerpt":{"rendered":"<p>Composici\u00f3n:<br \/>\nComplemento alimenticio a base de alga chlorella ( Chlorella vulgaris Beyerinck ), Cola de caballo ( Equisetum arvensis L.), T\u00e9 verde ( Camellia sinensis L.) Kuntze, Ortiga verde (Urtica dioica L.), Diente de le\u00f3n (Taraxacum officinalis Weber), Cardo mariano (Sylibum marianum (L.) Gaetin), Tomillo (Thymus vulgaris L.), Romero ( Rosmarinus officinalis L.), Hinojo (Foeniculum vulgare Miller),T\u00e9 de Java (Ortosiphon stamineus Benth), Vara de oro ( Solidago virgaurea L.), Ginkgo(Ginkgo biloba L.), Zarzaparrilla (Smilax officinalis Humb Bonpl.et Kunth), Fumaria (Fumaria officinalis L.), Tamarindo (Tamarindus indica L.), Ciruelo (Prunus domestica L.), gluconato de magnesio, gluconato de potasio, bioflavonoides c\u00edtricos y \u00e1cido asp\u00e1rtico,oligofructosa.<\/p>\n<p>Excipientes:<br \/>\nSorbato pot\u00e1sico, fructosa y agua.<\/p>\n<p>Descripci\u00f3n:<br \/>\nDepuryren contiene un extracto estandarizado de t\u00e9 verde, sin cafe\u00edna, Sunphenon\u00ae desarrollado a partir de las m\u00e1s rigurosas t\u00e9cnicas de extracci\u00f3n, sin utilizar solventes t\u00f3xicos, y manteniendo todos sus principios activos intactos.<\/p>\n<p>Advertencias:<br \/>\nHipersensibilidad a alguno de sus componentes. No superar la dosis diaria expresamente recomendada. Los complementos alimenticios no deben utilizarse como sustitutos de una dieta variada y equilibrada y un modo de vida sano. Mantener en un lugar fresco y seco. Mantener fuera del alcance de los ni\u00f1os m\u00e1s peque\u00f1os. No administrar a ni\u00f1os menores de 12 a\u00f1os. Consulte a su m\u00e9dico o farmac\u00e9utico en caso de uso simult\u00e1neo de anticoagulantes. No utilice durante el ambarazo o la lactancia.       <\/p>\n<p>Presentaci\u00f3n:<br \/>\nEnvase 500 ml de soluci\u00f3n.<\/p>\n<p>Bibliograf\u00eda:<br \/>\n1.-Serafini M, Ghiselli A, Ferro-Luzzi A. In vivo antioxidant effect of green and green tea in man. Eur J Clin Nutr 1996; 50: 28-32. <\/p>\n<p>2.-Valcic S, Burr J, Timmermann B, Liebler D. Antioxidant chemistry of green tea catechins. New oxidation products of (-)-epigallocatechin from their reactions with peroxyl radicals. Chem Res Toxicol 2000; 13:801-810.  <\/p>\n<p>3.- Hodgson JM, Puddey IB, Croft KD, Burke V, Mori VB, Cacceta R, Beilin L. Acute effects of ingestion of black and green tea on lipoprotein oxidation. Am J Clin Nutr 2000; 71: 1103-1107. <\/p>\n<p>4.-Bastida S, S\u00e1nchez-Muniz FJ. Fitoterapia en el control del exceso de peso. En Plantas medicinales en su farmacia. Formaci\u00f3n sobre plantas medicinales por el farmac\u00e9utico. Edufarm y Consejo General de Colegios Oficiales de Farmac\u00e9uticos, 2000: 37-46.    <\/p>\n<p>5.-Kao YH, Hiipakka RA, Liao S. Modulation of obesity by a green tea catechin. Am J Clin Nutr 2000; 72: 1232-1234. <\/p>\n<p>6.-Kono S, Shinchi K, Ikeda N, Yanai F, Imanishi K. Green tea consumption and serum lipid profiles: a cross- sectional study in northen Kyushu, Japan. Prev Med 1992; 21: 526-531. <\/p>\n<p>7.-Blas-ValdiviaV., Ortiz-Butron,R., Pineda-Reynoso,M., Hernandez-Garcia,A. &amp; Cano- Europa,E. Chlorella vulgaris administration prevents HgCl2-caused oxidative stress and cellular damage in the kidney. J Applied Phycol. 2011; 23(1):53-58.<\/p>\n","protected":false},"featured_media":7206,"comment_status":"closed","ping_status":"closed","template":"","meta":{"_acf_changed":false},"product_brand":[],"product_cat":[72],"product_tag":[152,177],"class_list":{"0":"post-3324","1":"product","2":"type-product","3":"status-publish","4":"has-post-thumbnail","6":"product_cat-botania-pt","7":"product_tag-antienvelhecimento-e-desintoxicacao","8":"product_tag-colesterol-e-metabolismo","10":"first","11":"instock","12":"purchasable","13":"product-type-simple"},"acf":[],"yoast_head":"<!-- This site is optimized with the Yoast SEO plugin v27.5 - https:\/\/yoast.com\/product\/yoast-seo-wordpress\/ -->\n<title>DEPURYREN 500 ML JARABE BOTANIA<\/title>\n<meta name=\"description\" content=\"Depuryren contiene extractos de plantas con propiedades antioxidantes, remineralizantes, diur\u00e9ticas y antis\u00e9pticas. Entre ellas el extracto estandarizado de t\u00e9 verde, sin cafe\u00edna, Sunphenon\u00ae desarrollado a partir de las m\u00e1s rigurosas t\u00e9cnicas de extracci\u00f3n, sin utilizar solventes t\u00f3xicos, y manteniendo todos sus principios activos intactos. Composici\u00f3n: Alga chlorella (Chlorella vulgaris Beyerinck), Cola de caballo ( Equisetum arvensis L.), T\u00e9 verde ( Camellia sinensis (L.) Kuntze) Sunphenon\u00ae, Ortiga verde (Urtica dioica L.), Diente de le\u00f3n (Taraxacum officinalis Weber), Cardo mariano (Sylibum marianum (L.) Gaetin), Tomillo (Thymus vulgaris L.), Romero ( Rosmarinus officinalis L.), Hinojo (Foeniculum vulgare Miller),T\u00e9 de Java (Ortosiphon stamineus Benth), Vara de oro ( Solidago virgaurea L.), Ginkgo(Ginkgo biloba L.), Zarzaparrilla (Smilax officinalis Humb Bonpl.et Kunth), Fumaria (Fumaria officinalis L.), Tamarindo (Tamarindus indica L.), Ciruelo (Prunus domestica L.), gluconato de magnesio, gluconato de potasio, bioflavonoides c\u00edtricos y \u00e1cido asp\u00e1rtico. Se recomienda la ingesta de de 50 ml diluidos en un litro de agua, repartida a lo largo del d\u00eda, entre comidas.\" \/>\n<meta name=\"robots\" content=\"index, follow, max-snippet:-1, max-image-preview:large, max-video-preview:-1\" \/>\n<link rel=\"canonical\" href=\"https:\/\/www.hausmanngalenica.com\/pt-pt\/producto\/depuryren\/\" \/>\n<meta property=\"og:locale\" content=\"pt_PT\" \/>\n<meta property=\"og:type\" content=\"article\" \/>\n<meta property=\"og:title\" content=\"DEPURYREN 500 ML JARABE BOTANIA\" \/>\n<meta property=\"og:description\" content=\"Depuryren contiene extractos de plantas con propiedades antioxidantes, remineralizantes, diur\u00e9ticas y antis\u00e9pticas. Entre ellas el extracto estandarizado de t\u00e9 verde, sin cafe\u00edna, Sunphenon\u00ae desarrollado a partir de las m\u00e1s rigurosas t\u00e9cnicas de extracci\u00f3n, sin utilizar solventes t\u00f3xicos, y manteniendo todos sus principios activos intactos. Composici\u00f3n: Alga chlorella (Chlorella vulgaris Beyerinck), Cola de caballo ( Equisetum arvensis L.), T\u00e9 verde ( Camellia sinensis (L.) Kuntze) Sunphenon\u00ae, Ortiga verde (Urtica dioica L.), Diente de le\u00f3n (Taraxacum officinalis Weber), Cardo mariano (Sylibum marianum (L.) Gaetin), Tomillo (Thymus vulgaris L.), Romero ( Rosmarinus officinalis L.), Hinojo (Foeniculum vulgare Miller),T\u00e9 de Java (Ortosiphon stamineus Benth), Vara de oro ( Solidago virgaurea L.), Ginkgo(Ginkgo biloba L.), Zarzaparrilla (Smilax officinalis Humb Bonpl.et Kunth), Fumaria (Fumaria officinalis L.), Tamarindo (Tamarindus indica L.), Ciruelo (Prunus domestica L.), gluconato de magnesio, gluconato de potasio, bioflavonoides c\u00edtricos y \u00e1cido asp\u00e1rtico. Se recomienda la ingesta de de 50 ml diluidos en un litro de agua, repartida a lo largo del d\u00eda, entre comidas.\" \/>\n<meta property=\"og:url\" content=\"https:\/\/www.hausmanngalenica.com\/pt-pt\/producto\/depuryren\/\" \/>\n<meta property=\"og:site_name\" content=\"Hausmann Gal\u00e9nica\" \/>\n<meta property=\"article:modified_time\" content=\"2026-01-14T09:49:23+00:00\" \/>\n<meta property=\"og:image\" content=\"https:\/\/www.hausmanngalenica.com\/wp-content\/uploads\/depuryren-500-ml-jarabe-botania_1-1.jpg\" \/>\n\t<meta property=\"og:image:width\" content=\"540\" \/>\n\t<meta property=\"og:image:height\" content=\"450\" \/>\n\t<meta property=\"og:image:type\" content=\"image\/jpeg\" \/>\n<meta name=\"twitter:card\" content=\"summary_large_image\" \/>\n<meta name=\"twitter:label1\" content=\"Tempo estimado de leitura\" \/>\n\t<meta name=\"twitter:data1\" content=\"2 minutos\" \/>\n<script type=\"application\/ld+json\" class=\"yoast-schema-graph\">{\"@context\":\"https:\\\/\\\/schema.org\",\"@graph\":[{\"@type\":\"WebPage\",\"@id\":\"https:\\\/\\\/www.hausmanngalenica.com\\\/pt-pt\\\/producto\\\/depuryren\\\/\",\"url\":\"https:\\\/\\\/www.hausmanngalenica.com\\\/pt-pt\\\/producto\\\/depuryren\\\/\",\"name\":\"DEPURYREN 500 ML JARABE BOTANIA\",\"isPartOf\":{\"@id\":\"https:\\\/\\\/www.hausmanngalenica.com\\\/pt-pt\\\/#website\"},\"primaryImageOfPage\":{\"@id\":\"https:\\\/\\\/www.hausmanngalenica.com\\\/pt-pt\\\/producto\\\/depuryren\\\/#primaryimage\"},\"image\":{\"@id\":\"https:\\\/\\\/www.hausmanngalenica.com\\\/pt-pt\\\/producto\\\/depuryren\\\/#primaryimage\"},\"thumbnailUrl\":\"https:\\\/\\\/www.hausmanngalenica.com\\\/wp-content\\\/uploads\\\/depuryren-500-ml-jarabe-botania_1-2.jpg\",\"datePublished\":\"2024-06-19T10:11:11+00:00\",\"dateModified\":\"2026-01-14T09:49:23+00:00\",\"description\":\"Depuryren contiene extractos de plantas con propiedades antioxidantes, remineralizantes, diur\u00e9ticas y antis\u00e9pticas. Entre ellas el extracto estandarizado de t\u00e9 verde, sin cafe\u00edna, Sunphenon\u00ae desarrollado a partir de las m\u00e1s rigurosas t\u00e9cnicas de extracci\u00f3n, sin utilizar solventes t\u00f3xicos, y manteniendo todos sus principios activos intactos. Composici\u00f3n: Alga chlorella (Chlorella vulgaris Beyerinck), Cola de caballo ( Equisetum arvensis L.), T\u00e9 verde ( Camellia sinensis (L.) Kuntze) Sunphenon\u00ae, Ortiga verde (Urtica dioica L.), Diente de le\u00f3n (Taraxacum officinalis Weber), Cardo mariano (Sylibum marianum (L.) Gaetin), Tomillo (Thymus vulgaris L.), Romero ( Rosmarinus officinalis L.), Hinojo (Foeniculum vulgare Miller),T\u00e9 de Java (Ortosiphon stamineus Benth), Vara de oro ( Solidago virgaurea L.), Ginkgo(Ginkgo biloba L.), Zarzaparrilla (Smilax officinalis Humb Bonpl.et Kunth), Fumaria (Fumaria officinalis L.), Tamarindo (Tamarindus indica L.), Ciruelo (Prunus domestica L.), gluconato de magnesio, gluconato de potasio, bioflavonoides c\u00edtricos y \u00e1cido asp\u00e1rtico. Se recomienda la ingesta de de 50 ml diluidos en un litro de agua, repartida a lo largo del d\u00eda, entre comidas.\",\"breadcrumb\":{\"@id\":\"https:\\\/\\\/www.hausmanngalenica.com\\\/pt-pt\\\/producto\\\/depuryren\\\/#breadcrumb\"},\"inLanguage\":\"pt-PT\",\"potentialAction\":[{\"@type\":\"ReadAction\",\"target\":[\"https:\\\/\\\/www.hausmanngalenica.com\\\/pt-pt\\\/producto\\\/depuryren\\\/\"]}]},{\"@type\":\"ImageObject\",\"inLanguage\":\"pt-PT\",\"@id\":\"https:\\\/\\\/www.hausmanngalenica.com\\\/pt-pt\\\/producto\\\/depuryren\\\/#primaryimage\",\"url\":\"https:\\\/\\\/www.hausmanngalenica.com\\\/wp-content\\\/uploads\\\/depuryren-500-ml-jarabe-botania_1-2.jpg\",\"contentUrl\":\"https:\\\/\\\/www.hausmanngalenica.com\\\/wp-content\\\/uploads\\\/depuryren-500-ml-jarabe-botania_1-2.jpg\",\"width\":540,\"height\":450},{\"@type\":\"BreadcrumbList\",\"@id\":\"https:\\\/\\\/www.hausmanngalenica.com\\\/pt-pt\\\/producto\\\/depuryren\\\/#breadcrumb\",\"itemListElement\":[{\"@type\":\"ListItem\",\"position\":1,\"name\":\"Inicio\",\"item\":\"https:\\\/\\\/www.hausmanngalenica.com\\\/pt-pt\\\/\"},{\"@type\":\"ListItem\",\"position\":2,\"name\":\"Shop\",\"item\":\"https:\\\/\\\/www.hausmanngalenica.com\\\/pt-pt\\\/shop\\\/\"},{\"@type\":\"ListItem\",\"position\":3,\"name\":\"DEPURYREN 500 ML JARABE BOTANIA\"}]},{\"@type\":\"WebSite\",\"@id\":\"https:\\\/\\\/www.hausmanngalenica.com\\\/pt-pt\\\/#website\",\"url\":\"https:\\\/\\\/www.hausmanngalenica.com\\\/pt-pt\\\/\",\"name\":\"Hausmann Gal\u00e9nica\",\"description\":\"Productos nutricionales de alta calidad\",\"publisher\":{\"@id\":\"https:\\\/\\\/www.hausmanngalenica.com\\\/pt-pt\\\/#organization\"},\"potentialAction\":[{\"@type\":\"SearchAction\",\"target\":{\"@type\":\"EntryPoint\",\"urlTemplate\":\"https:\\\/\\\/www.hausmanngalenica.com\\\/pt-pt\\\/?s={search_term_string}\"},\"query-input\":{\"@type\":\"PropertyValueSpecification\",\"valueRequired\":true,\"valueName\":\"search_term_string\"}}],\"inLanguage\":\"pt-PT\"},{\"@type\":\"Organization\",\"@id\":\"https:\\\/\\\/www.hausmanngalenica.com\\\/pt-pt\\\/#organization\",\"name\":\"Hausmann Gal\u00e9nica\",\"url\":\"https:\\\/\\\/www.hausmanngalenica.com\\\/pt-pt\\\/\",\"logo\":{\"@type\":\"ImageObject\",\"inLanguage\":\"pt-PT\",\"@id\":\"https:\\\/\\\/www.hausmanngalenica.com\\\/pt-pt\\\/#\\\/schema\\\/logo\\\/image\\\/\",\"url\":\"https:\\\/\\\/www.hausmanngalenica.com\\\/wp-content\\\/uploads\\\/Logo-Hausmann.jpg\",\"contentUrl\":\"https:\\\/\\\/www.hausmanngalenica.com\\\/wp-content\\\/uploads\\\/Logo-Hausmann.jpg\",\"width\":400,\"height\":70,\"caption\":\"Hausmann Gal\u00e9nica\"},\"image\":{\"@id\":\"https:\\\/\\\/www.hausmanngalenica.com\\\/pt-pt\\\/#\\\/schema\\\/logo\\\/image\\\/\"}}]}<\/script>\n<!-- \/ Yoast SEO plugin. -->","yoast_head_json":{"title":"DEPURYREN 500 ML JARABE BOTANIA","description":"Depuryren contiene extractos de plantas con propiedades antioxidantes, remineralizantes, diur\u00e9ticas y antis\u00e9pticas. Entre ellas el extracto estandarizado de t\u00e9 verde, sin cafe\u00edna, Sunphenon\u00ae desarrollado a partir de las m\u00e1s rigurosas t\u00e9cnicas de extracci\u00f3n, sin utilizar solventes t\u00f3xicos, y manteniendo todos sus principios activos intactos. Composici\u00f3n: Alga chlorella (Chlorella vulgaris Beyerinck), Cola de caballo ( Equisetum arvensis L.), T\u00e9 verde ( Camellia sinensis (L.) Kuntze) Sunphenon\u00ae, Ortiga verde (Urtica dioica L.), Diente de le\u00f3n (Taraxacum officinalis Weber), Cardo mariano (Sylibum marianum (L.) Gaetin), Tomillo (Thymus vulgaris L.), Romero ( Rosmarinus officinalis L.), Hinojo (Foeniculum vulgare Miller),T\u00e9 de Java (Ortosiphon stamineus Benth), Vara de oro ( Solidago virgaurea L.), Ginkgo(Ginkgo biloba L.), Zarzaparrilla (Smilax officinalis Humb Bonpl.et Kunth), Fumaria (Fumaria officinalis L.), Tamarindo (Tamarindus indica L.), Ciruelo (Prunus domestica L.), gluconato de magnesio, gluconato de potasio, bioflavonoides c\u00edtricos y \u00e1cido asp\u00e1rtico. Se recomienda la ingesta de de 50 ml diluidos en un litro de agua, repartida a lo largo del d\u00eda, entre comidas.","robots":{"index":"index","follow":"follow","max-snippet":"max-snippet:-1","max-image-preview":"max-image-preview:large","max-video-preview":"max-video-preview:-1"},"canonical":"https:\/\/www.hausmanngalenica.com\/pt-pt\/producto\/depuryren\/","og_locale":"pt_PT","og_type":"article","og_title":"DEPURYREN 500 ML JARABE BOTANIA","og_description":"Depuryren contiene extractos de plantas con propiedades antioxidantes, remineralizantes, diur\u00e9ticas y antis\u00e9pticas. Entre ellas el extracto estandarizado de t\u00e9 verde, sin cafe\u00edna, Sunphenon\u00ae desarrollado a partir de las m\u00e1s rigurosas t\u00e9cnicas de extracci\u00f3n, sin utilizar solventes t\u00f3xicos, y manteniendo todos sus principios activos intactos. Composici\u00f3n: Alga chlorella (Chlorella vulgaris Beyerinck), Cola de caballo ( Equisetum arvensis L.), T\u00e9 verde ( Camellia sinensis (L.) Kuntze) Sunphenon\u00ae, Ortiga verde (Urtica dioica L.), Diente de le\u00f3n (Taraxacum officinalis Weber), Cardo mariano (Sylibum marianum (L.) Gaetin), Tomillo (Thymus vulgaris L.), Romero ( Rosmarinus officinalis L.), Hinojo (Foeniculum vulgare Miller),T\u00e9 de Java (Ortosiphon stamineus Benth), Vara de oro ( Solidago virgaurea L.), Ginkgo(Ginkgo biloba L.), Zarzaparrilla (Smilax officinalis Humb Bonpl.et Kunth), Fumaria (Fumaria officinalis L.), Tamarindo (Tamarindus indica L.), Ciruelo (Prunus domestica L.), gluconato de magnesio, gluconato de potasio, bioflavonoides c\u00edtricos y \u00e1cido asp\u00e1rtico. Se recomienda la ingesta de de 50 ml diluidos en un litro de agua, repartida a lo largo del d\u00eda, entre comidas.","og_url":"https:\/\/www.hausmanngalenica.com\/pt-pt\/producto\/depuryren\/","og_site_name":"Hausmann Gal\u00e9nica","article_modified_time":"2026-01-14T09:49:23+00:00","og_image":[{"width":540,"height":450,"url":"https:\/\/www.hausmanngalenica.com\/wp-content\/uploads\/depuryren-500-ml-jarabe-botania_1-1.jpg","type":"image\/jpeg"}],"twitter_card":"summary_large_image","twitter_misc":{"Tempo estimado de leitura":"2 minutos"},"schema":{"@context":"https:\/\/schema.org","@graph":[{"@type":"WebPage","@id":"https:\/\/www.hausmanngalenica.com\/pt-pt\/producto\/depuryren\/","url":"https:\/\/www.hausmanngalenica.com\/pt-pt\/producto\/depuryren\/","name":"DEPURYREN 500 ML JARABE BOTANIA","isPartOf":{"@id":"https:\/\/www.hausmanngalenica.com\/pt-pt\/#website"},"primaryImageOfPage":{"@id":"https:\/\/www.hausmanngalenica.com\/pt-pt\/producto\/depuryren\/#primaryimage"},"image":{"@id":"https:\/\/www.hausmanngalenica.com\/pt-pt\/producto\/depuryren\/#primaryimage"},"thumbnailUrl":"https:\/\/www.hausmanngalenica.com\/wp-content\/uploads\/depuryren-500-ml-jarabe-botania_1-2.jpg","datePublished":"2024-06-19T10:11:11+00:00","dateModified":"2026-01-14T09:49:23+00:00","description":"Depuryren contiene extractos de plantas con propiedades antioxidantes, remineralizantes, diur\u00e9ticas y antis\u00e9pticas. Entre ellas el extracto estandarizado de t\u00e9 verde, sin cafe\u00edna, Sunphenon\u00ae desarrollado a partir de las m\u00e1s rigurosas t\u00e9cnicas de extracci\u00f3n, sin utilizar solventes t\u00f3xicos, y manteniendo todos sus principios activos intactos. Composici\u00f3n: Alga chlorella (Chlorella vulgaris Beyerinck), Cola de caballo ( Equisetum arvensis L.), T\u00e9 verde ( Camellia sinensis (L.) Kuntze) Sunphenon\u00ae, Ortiga verde (Urtica dioica L.), Diente de le\u00f3n (Taraxacum officinalis Weber), Cardo mariano (Sylibum marianum (L.) Gaetin), Tomillo (Thymus vulgaris L.), Romero ( Rosmarinus officinalis L.), Hinojo (Foeniculum vulgare Miller),T\u00e9 de Java (Ortosiphon stamineus Benth), Vara de oro ( Solidago virgaurea L.), Ginkgo(Ginkgo biloba L.), Zarzaparrilla (Smilax officinalis Humb Bonpl.et Kunth), Fumaria (Fumaria officinalis L.), Tamarindo (Tamarindus indica L.), Ciruelo (Prunus domestica L.), gluconato de magnesio, gluconato de potasio, bioflavonoides c\u00edtricos y \u00e1cido asp\u00e1rtico. Se recomienda la ingesta de de 50 ml diluidos en un litro de agua, repartida a lo largo del d\u00eda, entre comidas.","breadcrumb":{"@id":"https:\/\/www.hausmanngalenica.com\/pt-pt\/producto\/depuryren\/#breadcrumb"},"inLanguage":"pt-PT","potentialAction":[{"@type":"ReadAction","target":["https:\/\/www.hausmanngalenica.com\/pt-pt\/producto\/depuryren\/"]}]},{"@type":"ImageObject","inLanguage":"pt-PT","@id":"https:\/\/www.hausmanngalenica.com\/pt-pt\/producto\/depuryren\/#primaryimage","url":"https:\/\/www.hausmanngalenica.com\/wp-content\/uploads\/depuryren-500-ml-jarabe-botania_1-2.jpg","contentUrl":"https:\/\/www.hausmanngalenica.com\/wp-content\/uploads\/depuryren-500-ml-jarabe-botania_1-2.jpg","width":540,"height":450},{"@type":"BreadcrumbList","@id":"https:\/\/www.hausmanngalenica.com\/pt-pt\/producto\/depuryren\/#breadcrumb","itemListElement":[{"@type":"ListItem","position":1,"name":"Inicio","item":"https:\/\/www.hausmanngalenica.com\/pt-pt\/"},{"@type":"ListItem","position":2,"name":"Shop","item":"https:\/\/www.hausmanngalenica.com\/pt-pt\/shop\/"},{"@type":"ListItem","position":3,"name":"DEPURYREN 500 ML JARABE BOTANIA"}]},{"@type":"WebSite","@id":"https:\/\/www.hausmanngalenica.com\/pt-pt\/#website","url":"https:\/\/www.hausmanngalenica.com\/pt-pt\/","name":"Hausmann Gal\u00e9nica","description":"Productos nutricionales de alta calidad","publisher":{"@id":"https:\/\/www.hausmanngalenica.com\/pt-pt\/#organization"},"potentialAction":[{"@type":"SearchAction","target":{"@type":"EntryPoint","urlTemplate":"https:\/\/www.hausmanngalenica.com\/pt-pt\/?s={search_term_string}"},"query-input":{"@type":"PropertyValueSpecification","valueRequired":true,"valueName":"search_term_string"}}],"inLanguage":"pt-PT"},{"@type":"Organization","@id":"https:\/\/www.hausmanngalenica.com\/pt-pt\/#organization","name":"Hausmann Gal\u00e9nica","url":"https:\/\/www.hausmanngalenica.com\/pt-pt\/","logo":{"@type":"ImageObject","inLanguage":"pt-PT","@id":"https:\/\/www.hausmanngalenica.com\/pt-pt\/#\/schema\/logo\/image\/","url":"https:\/\/www.hausmanngalenica.com\/wp-content\/uploads\/Logo-Hausmann.jpg","contentUrl":"https:\/\/www.hausmanngalenica.com\/wp-content\/uploads\/Logo-Hausmann.jpg","width":400,"height":70,"caption":"Hausmann Gal\u00e9nica"},"image":{"@id":"https:\/\/www.hausmanngalenica.com\/pt-pt\/#\/schema\/logo\/image\/"}}]}},"_links":{"self":[{"href":"https:\/\/www.hausmanngalenica.com\/pt-pt\/wp-json\/wp\/v2\/product\/3324","targetHints":{"allow":["GET"]}}],"collection":[{"href":"https:\/\/www.hausmanngalenica.com\/pt-pt\/wp-json\/wp\/v2\/product"}],"about":[{"href":"https:\/\/www.hausmanngalenica.com\/pt-pt\/wp-json\/wp\/v2\/types\/product"}],"replies":[{"embeddable":true,"href":"https:\/\/www.hausmanngalenica.com\/pt-pt\/wp-json\/wp\/v2\/comments?post=3324"}],"wp:featuredmedia":[{"embeddable":true,"href":"https:\/\/www.hausmanngalenica.com\/pt-pt\/wp-json\/wp\/v2\/media\/7206"}],"wp:attachment":[{"href":"https:\/\/www.hausmanngalenica.com\/pt-pt\/wp-json\/wp\/v2\/media?parent=3324"}],"wp:term":[{"taxonomy":"product_brand","embeddable":true,"href":"https:\/\/www.hausmanngalenica.com\/pt-pt\/wp-json\/wp\/v2\/product_brand?post=3324"},{"taxonomy":"product_cat","embeddable":true,"href":"https:\/\/www.hausmanngalenica.com\/pt-pt\/wp-json\/wp\/v2\/product_cat?post=3324"},{"taxonomy":"product_tag","embeddable":true,"href":"https:\/\/www.hausmanngalenica.com\/pt-pt\/wp-json\/wp\/v2\/product_tag?post=3324"}],"curies":[{"name":"wp","href":"https:\/\/api.w.org\/{rel}","templated":true}]}}