{"id":3327,"date":"2024-06-19T11:11:11","date_gmt":"2024-06-19T10:11:11","guid":{"rendered":"https:\/\/www.hausmanngalenica.com\/producto\/neobr-nquiol-forte\/"},"modified":"2026-01-17T15:19:46","modified_gmt":"2026-01-17T14:19:46","slug":"neobr-nquiol-forte","status":"publish","type":"product","link":"https:\/\/www.hausmanngalenica.com\/pt-pt\/producto\/neobr-nquiol-forte\/","title":{"rendered":"Neobr\u00b7nquiol Forte"},"content":{"rendered":"<h4 class=\"color_88\">Advert\u00eancias<\/h4>\n<p>Hipersensibilidade a algum dos componentes<\/p>\n<h4 class=\"color_88\">Forma de apresenta\u00e7\u00e3o<\/h4>\n<p>Xarope de 250 ml<\/p>\n<h4 class=\"color_88\">Bibliografia<\/h4>\n<p class=\"bibli\">1.-Preliminary comparative analysis of medicinal plants used in the traditional medicine of Bulgaria and Italy. Maria Lucia Leporatti, Stephanie Ivancheva. Journal of Ethnopharmacology 87 (2003) 123\u2013124.<\/p>\n<p class=\"bibli\">2.- A complementary approach to asthma in pediatrics. Australian Journal of Medical Herbalism . Volume 17 Issue 1 (2005).<\/p>\n<p class=\"bibli\">3.- Biondi D, Cianci P, Geraci C, Ruberto G, Piatelli M. Antimicrobial activity and chemical composition of essential oils. Flavor and Fragance Journal 1993; 8(6): 331-7.<\/p>\n<p class=\"bibli\">4.- Determination of antioxidant activity of lichen Cetraria islandica(L) Ach. ? G\u00fcl\u00e7in, M Oktay, \u00d6? K\u00fcfrevio?lu, A Aslan Journal of Ethnopharmacology Volume 79, Issue 3, March 2002, Pages 325\u2013329<\/p>\n","protected":false},"excerpt":{"rendered":"<p>O poder das plantas para quando chega o inverno. Com pr\u00f3polis e bioflavonoides<\/p>\n","protected":false},"featured_media":7251,"comment_status":"closed","ping_status":"closed","template":"","meta":{"_acf_changed":false},"product_brand":[],"product_cat":[72],"product_tag":[157,162,161],"class_list":{"0":"post-3327","1":"product","2":"type-product","3":"status-publish","4":"has-post-thumbnail","6":"product_cat-botania-pt","7":"product_tag-formulas-com-plantas","8":"product_tag-imunidade","9":"product_tag-infantil-pt-pt","11":"first","12":"instock","13":"sale","14":"purchasable","15":"product-type-simple"},"acf":[],"yoast_head":"<!-- This site is optimized with the Yoast SEO plugin v27.5 - https:\/\/yoast.com\/product\/yoast-seo-wordpress\/ -->\n<title>Neobr\u00b7nquiol Forte &#8226; Hausmann Gal\u00e9nica<\/title>\n<meta name=\"robots\" content=\"index, follow, max-snippet:-1, max-image-preview:large, max-video-preview:-1\" \/>\n<link rel=\"canonical\" href=\"https:\/\/www.hausmanngalenica.com\/pt-pt\/producto\/neobr-nquiol-forte\/\" \/>\n<meta property=\"og:locale\" content=\"pt_PT\" \/>\n<meta property=\"og:type\" content=\"article\" \/>\n<meta property=\"og:title\" content=\"Neobr\u00b7nquiol Forte &#8226; Hausmann Gal\u00e9nica\" \/>\n<meta property=\"og:description\" content=\"O poder das plantas para quando chega o inverno. Com pr\u00f3polis e bioflavonoides\" \/>\n<meta property=\"og:url\" content=\"https:\/\/www.hausmanngalenica.com\/pt-pt\/producto\/neobr-nquiol-forte\/\" \/>\n<meta property=\"og:site_name\" content=\"Hausmann Gal\u00e9nica\" \/>\n<meta property=\"article:modified_time\" content=\"2026-01-17T14:19:46+00:00\" \/>\n<meta property=\"og:image\" content=\"https:\/\/www.hausmanngalenica.com\/wp-content\/uploads\/NEOBRONQUIOL-FORTE-1-1.jpg\" \/>\n\t<meta property=\"og:image:width\" content=\"1000\" \/>\n\t<meta property=\"og:image:height\" content=\"833\" \/>\n\t<meta property=\"og:image:type\" content=\"image\/jpeg\" \/>\n<meta name=\"twitter:card\" content=\"summary_large_image\" \/>\n<meta name=\"twitter:label1\" content=\"Tempo estimado de leitura\" \/>\n\t<meta name=\"twitter:data1\" content=\"1 minuto\" \/>\n<script type=\"application\/ld+json\" class=\"yoast-schema-graph\">{\"@context\":\"https:\\\/\\\/schema.org\",\"@graph\":[{\"@type\":\"WebPage\",\"@id\":\"https:\\\/\\\/www.hausmanngalenica.com\\\/pt-pt\\\/producto\\\/neobr-nquiol-forte\\\/\",\"url\":\"https:\\\/\\\/www.hausmanngalenica.com\\\/pt-pt\\\/producto\\\/neobr-nquiol-forte\\\/\",\"name\":\"Neobr\u00b7nquiol Forte &#8226; Hausmann Gal\u00e9nica\",\"isPartOf\":{\"@id\":\"https:\\\/\\\/www.hausmanngalenica.com\\\/pt-pt\\\/#website\"},\"primaryImageOfPage\":{\"@id\":\"https:\\\/\\\/www.hausmanngalenica.com\\\/pt-pt\\\/producto\\\/neobr-nquiol-forte\\\/#primaryimage\"},\"image\":{\"@id\":\"https:\\\/\\\/www.hausmanngalenica.com\\\/pt-pt\\\/producto\\\/neobr-nquiol-forte\\\/#primaryimage\"},\"thumbnailUrl\":\"https:\\\/\\\/www.hausmanngalenica.com\\\/wp-content\\\/uploads\\\/neobronquiol-forte-250-ml-jarabe-botania_1-4.jpg\",\"datePublished\":\"2024-06-19T10:11:11+00:00\",\"dateModified\":\"2026-01-17T14:19:46+00:00\",\"breadcrumb\":{\"@id\":\"https:\\\/\\\/www.hausmanngalenica.com\\\/pt-pt\\\/producto\\\/neobr-nquiol-forte\\\/#breadcrumb\"},\"inLanguage\":\"pt-PT\",\"potentialAction\":[{\"@type\":\"ReadAction\",\"target\":[\"https:\\\/\\\/www.hausmanngalenica.com\\\/pt-pt\\\/producto\\\/neobr-nquiol-forte\\\/\"]}]},{\"@type\":\"ImageObject\",\"inLanguage\":\"pt-PT\",\"@id\":\"https:\\\/\\\/www.hausmanngalenica.com\\\/pt-pt\\\/producto\\\/neobr-nquiol-forte\\\/#primaryimage\",\"url\":\"https:\\\/\\\/www.hausmanngalenica.com\\\/wp-content\\\/uploads\\\/neobronquiol-forte-250-ml-jarabe-botania_1-4.jpg\",\"contentUrl\":\"https:\\\/\\\/www.hausmanngalenica.com\\\/wp-content\\\/uploads\\\/neobronquiol-forte-250-ml-jarabe-botania_1-4.jpg\",\"width\":1000,\"height\":833},{\"@type\":\"BreadcrumbList\",\"@id\":\"https:\\\/\\\/www.hausmanngalenica.com\\\/pt-pt\\\/producto\\\/neobr-nquiol-forte\\\/#breadcrumb\",\"itemListElement\":[{\"@type\":\"ListItem\",\"position\":1,\"name\":\"Inicio\",\"item\":\"https:\\\/\\\/www.hausmanngalenica.com\\\/pt-pt\\\/\"},{\"@type\":\"ListItem\",\"position\":2,\"name\":\"Shop\",\"item\":\"https:\\\/\\\/www.hausmanngalenica.com\\\/pt-pt\\\/shop\\\/\"},{\"@type\":\"ListItem\",\"position\":3,\"name\":\"Neobr\u00b7nquiol Forte\"}]},{\"@type\":\"WebSite\",\"@id\":\"https:\\\/\\\/www.hausmanngalenica.com\\\/pt-pt\\\/#website\",\"url\":\"https:\\\/\\\/www.hausmanngalenica.com\\\/pt-pt\\\/\",\"name\":\"Hausmann Gal\u00e9nica\",\"description\":\"Productos nutricionales de alta calidad\",\"publisher\":{\"@id\":\"https:\\\/\\\/www.hausmanngalenica.com\\\/pt-pt\\\/#organization\"},\"potentialAction\":[{\"@type\":\"SearchAction\",\"target\":{\"@type\":\"EntryPoint\",\"urlTemplate\":\"https:\\\/\\\/www.hausmanngalenica.com\\\/pt-pt\\\/?s={search_term_string}\"},\"query-input\":{\"@type\":\"PropertyValueSpecification\",\"valueRequired\":true,\"valueName\":\"search_term_string\"}}],\"inLanguage\":\"pt-PT\"},{\"@type\":\"Organization\",\"@id\":\"https:\\\/\\\/www.hausmanngalenica.com\\\/pt-pt\\\/#organization\",\"name\":\"Hausmann Gal\u00e9nica\",\"url\":\"https:\\\/\\\/www.hausmanngalenica.com\\\/pt-pt\\\/\",\"logo\":{\"@type\":\"ImageObject\",\"inLanguage\":\"pt-PT\",\"@id\":\"https:\\\/\\\/www.hausmanngalenica.com\\\/pt-pt\\\/#\\\/schema\\\/logo\\\/image\\\/\",\"url\":\"https:\\\/\\\/www.hausmanngalenica.com\\\/wp-content\\\/uploads\\\/Logo-Hausmann.jpg\",\"contentUrl\":\"https:\\\/\\\/www.hausmanngalenica.com\\\/wp-content\\\/uploads\\\/Logo-Hausmann.jpg\",\"width\":400,\"height\":70,\"caption\":\"Hausmann Gal\u00e9nica\"},\"image\":{\"@id\":\"https:\\\/\\\/www.hausmanngalenica.com\\\/pt-pt\\\/#\\\/schema\\\/logo\\\/image\\\/\"}}]}<\/script>\n<!-- \/ Yoast SEO plugin. -->","yoast_head_json":{"title":"Neobr\u00b7nquiol Forte &#8226; Hausmann Gal\u00e9nica","robots":{"index":"index","follow":"follow","max-snippet":"max-snippet:-1","max-image-preview":"max-image-preview:large","max-video-preview":"max-video-preview:-1"},"canonical":"https:\/\/www.hausmanngalenica.com\/pt-pt\/producto\/neobr-nquiol-forte\/","og_locale":"pt_PT","og_type":"article","og_title":"Neobr\u00b7nquiol Forte &#8226; Hausmann Gal\u00e9nica","og_description":"O poder das plantas para quando chega o inverno. Com pr\u00f3polis e bioflavonoides","og_url":"https:\/\/www.hausmanngalenica.com\/pt-pt\/producto\/neobr-nquiol-forte\/","og_site_name":"Hausmann Gal\u00e9nica","article_modified_time":"2026-01-17T14:19:46+00:00","og_image":[{"width":1000,"height":833,"url":"https:\/\/www.hausmanngalenica.com\/wp-content\/uploads\/NEOBRONQUIOL-FORTE-1-1.jpg","type":"image\/jpeg"}],"twitter_card":"summary_large_image","twitter_misc":{"Tempo estimado de leitura":"1 minuto"},"schema":{"@context":"https:\/\/schema.org","@graph":[{"@type":"WebPage","@id":"https:\/\/www.hausmanngalenica.com\/pt-pt\/producto\/neobr-nquiol-forte\/","url":"https:\/\/www.hausmanngalenica.com\/pt-pt\/producto\/neobr-nquiol-forte\/","name":"Neobr\u00b7nquiol Forte &#8226; Hausmann Gal\u00e9nica","isPartOf":{"@id":"https:\/\/www.hausmanngalenica.com\/pt-pt\/#website"},"primaryImageOfPage":{"@id":"https:\/\/www.hausmanngalenica.com\/pt-pt\/producto\/neobr-nquiol-forte\/#primaryimage"},"image":{"@id":"https:\/\/www.hausmanngalenica.com\/pt-pt\/producto\/neobr-nquiol-forte\/#primaryimage"},"thumbnailUrl":"https:\/\/www.hausmanngalenica.com\/wp-content\/uploads\/neobronquiol-forte-250-ml-jarabe-botania_1-4.jpg","datePublished":"2024-06-19T10:11:11+00:00","dateModified":"2026-01-17T14:19:46+00:00","breadcrumb":{"@id":"https:\/\/www.hausmanngalenica.com\/pt-pt\/producto\/neobr-nquiol-forte\/#breadcrumb"},"inLanguage":"pt-PT","potentialAction":[{"@type":"ReadAction","target":["https:\/\/www.hausmanngalenica.com\/pt-pt\/producto\/neobr-nquiol-forte\/"]}]},{"@type":"ImageObject","inLanguage":"pt-PT","@id":"https:\/\/www.hausmanngalenica.com\/pt-pt\/producto\/neobr-nquiol-forte\/#primaryimage","url":"https:\/\/www.hausmanngalenica.com\/wp-content\/uploads\/neobronquiol-forte-250-ml-jarabe-botania_1-4.jpg","contentUrl":"https:\/\/www.hausmanngalenica.com\/wp-content\/uploads\/neobronquiol-forte-250-ml-jarabe-botania_1-4.jpg","width":1000,"height":833},{"@type":"BreadcrumbList","@id":"https:\/\/www.hausmanngalenica.com\/pt-pt\/producto\/neobr-nquiol-forte\/#breadcrumb","itemListElement":[{"@type":"ListItem","position":1,"name":"Inicio","item":"https:\/\/www.hausmanngalenica.com\/pt-pt\/"},{"@type":"ListItem","position":2,"name":"Shop","item":"https:\/\/www.hausmanngalenica.com\/pt-pt\/shop\/"},{"@type":"ListItem","position":3,"name":"Neobr\u00b7nquiol Forte"}]},{"@type":"WebSite","@id":"https:\/\/www.hausmanngalenica.com\/pt-pt\/#website","url":"https:\/\/www.hausmanngalenica.com\/pt-pt\/","name":"Hausmann Gal\u00e9nica","description":"Productos nutricionales de alta calidad","publisher":{"@id":"https:\/\/www.hausmanngalenica.com\/pt-pt\/#organization"},"potentialAction":[{"@type":"SearchAction","target":{"@type":"EntryPoint","urlTemplate":"https:\/\/www.hausmanngalenica.com\/pt-pt\/?s={search_term_string}"},"query-input":{"@type":"PropertyValueSpecification","valueRequired":true,"valueName":"search_term_string"}}],"inLanguage":"pt-PT"},{"@type":"Organization","@id":"https:\/\/www.hausmanngalenica.com\/pt-pt\/#organization","name":"Hausmann Gal\u00e9nica","url":"https:\/\/www.hausmanngalenica.com\/pt-pt\/","logo":{"@type":"ImageObject","inLanguage":"pt-PT","@id":"https:\/\/www.hausmanngalenica.com\/pt-pt\/#\/schema\/logo\/image\/","url":"https:\/\/www.hausmanngalenica.com\/wp-content\/uploads\/Logo-Hausmann.jpg","contentUrl":"https:\/\/www.hausmanngalenica.com\/wp-content\/uploads\/Logo-Hausmann.jpg","width":400,"height":70,"caption":"Hausmann Gal\u00e9nica"},"image":{"@id":"https:\/\/www.hausmanngalenica.com\/pt-pt\/#\/schema\/logo\/image\/"}}]}},"_links":{"self":[{"href":"https:\/\/www.hausmanngalenica.com\/pt-pt\/wp-json\/wp\/v2\/product\/3327","targetHints":{"allow":["GET"]}}],"collection":[{"href":"https:\/\/www.hausmanngalenica.com\/pt-pt\/wp-json\/wp\/v2\/product"}],"about":[{"href":"https:\/\/www.hausmanngalenica.com\/pt-pt\/wp-json\/wp\/v2\/types\/product"}],"replies":[{"embeddable":true,"href":"https:\/\/www.hausmanngalenica.com\/pt-pt\/wp-json\/wp\/v2\/comments?post=3327"}],"wp:featuredmedia":[{"embeddable":true,"href":"https:\/\/www.hausmanngalenica.com\/pt-pt\/wp-json\/wp\/v2\/media\/7251"}],"wp:attachment":[{"href":"https:\/\/www.hausmanngalenica.com\/pt-pt\/wp-json\/wp\/v2\/media?parent=3327"}],"wp:term":[{"taxonomy":"product_brand","embeddable":true,"href":"https:\/\/www.hausmanngalenica.com\/pt-pt\/wp-json\/wp\/v2\/product_brand?post=3327"},{"taxonomy":"product_cat","embeddable":true,"href":"https:\/\/www.hausmanngalenica.com\/pt-pt\/wp-json\/wp\/v2\/product_cat?post=3327"},{"taxonomy":"product_tag","embeddable":true,"href":"https:\/\/www.hausmanngalenica.com\/pt-pt\/wp-json\/wp\/v2\/product_tag?post=3327"}],"curies":[{"name":"wp","href":"https:\/\/api.w.org\/{rel}","templated":true}]}}