{"id":3331,"date":"2024-06-19T11:11:11","date_gmt":"2024-06-19T10:11:11","guid":{"rendered":"https:\/\/www.hausmanngalenica.com\/producto\/plantagen-forte\/"},"modified":"2026-01-28T09:55:36","modified_gmt":"2026-01-28T08:55:36","slug":"plantagen-forte","status":"publish","type":"product","link":"https:\/\/www.hausmanngalenica.com\/pt-pt\/producto\/plantagen-forte\/","title":{"rendered":"PLANTAGEN FORTE"},"content":{"rendered":"<h4 id=\"tw-target-text\" class=\"tw-data-text tw-text-large tw-ta\" dir=\"ltr\" data-placeholder=\"Traducci\u00f3n\" data-ved=\"2ahUKEwjQj8nvwJGCAxUeTqQEHU3YCEMQ3ewLegQIBhAQ\"><span class=\"Y2IQFc\" lang=\"pt\">Descri\u00e7\u00e3o<\/span><\/h4>\n<p>A sinergia dos diferentes componentes de Plantagen Forte, permitem obter um produto com uma alta biodisponibilidade do seu principal princ\u00edpio ativo, a curcumina.<\/p>\n<p>O componente principal de Plantagen Forte \u00e9 um extrato de rizoma de curcuma, altamente concentrado, purificado e obtido por cristaliza\u00e7\u00e3o. Este processo est\u00e1 patenteado e permite extrair os dois derivados principais da curcumina, a desmetoxicurcumina e a bisdesmetoxicurcumina. Desta forma obt\u00e9m-se um preparado altamente sol\u00favel e com maior biodisponibilidade via oral, o que aumenta a sua efic\u00e1cia.<\/p>\n<p>Curcumina em micelas polim\u00e9ricas que favorecem sua assimila\u00e7\u00e3o e atinge uma quantidade superior a outras c\u00farcumas do mercado com a quantidade utilizada.<\/p>\n<p>A curcumina presente no\u00a0<b>Plantagen Forte<\/b>\u00a0foi submetida aos mais estritos controlos de forma independente pelos laborat\u00f3rios Phycher em Fran\u00e7a outorgando-lhe um grau de seguran\u00e7a e efic\u00e1cia dos mais elevados do mercado.<\/p>\n<p>Tem o certificado de qualidade ISO 22000.<\/p>\n<h4 class=\"color_88\">Advert\u00eancias<\/h4>\n<p>Hipersensibilidade a algum dos componentes<\/p>\n<h4 class=\"color_88\">Apresenta\u00e7\u00e3o<\/h4>\n<p><span id=\"page34R_mcid422\" class=\"markedContent\"><span dir=\"ltr\" role=\"presentation\">Caixa com 40 c\u00e1psulas de 616 mg<\/span><\/span><\/p>\n<h4 class=\"color_88\">Bibliografia<\/h4>\n<p class=\"bibli\">1.- Shoba G, Joy D, Joseph T, Majeed M, Rajendran R, Srinivas PS. Influence of piperine on the pharmacokinetics of curcumin in animals and human volunteers. Planta Med 1998; 64:1167-1172.<\/p>\n<p class=\"bibli\">2.- Surh YJ, Chun KS, Cha HH, y cols. Molecular mechanisms underlying chemo-preventive activities of anti- inflammatory phytochemicals: downregulation of COX-2 and iNOS through suppression of NF-?B activation. Mutation Research 2001; 480-481:243-268.<\/p>\n<p class=\"bibli\">3.- Dunsmore KE, Chen PG, Wong HR. Curcumin, a medicinal herbal compound capable of inducing the heat shock response. Crit Care Med 2001; 29:2199-2204.<\/p>\n<p class=\"bibli\">4.- Chang D-M. Curcumin: a heat shock response inducer and potential cytoprotector. Crit Care Med 2001; 29; 2231- 2232.<\/p>\n<p class=\"bibli\">5.- Jovanovic SV, Boone CW, Steenken S, Trinoga M, Kaskey RB. How curcumin preferentially works with water soluble antioxidants. J Am Chem Soc 2001; 123:3064-3068.<\/p>\n<p class=\"bibli\">6.- Gaedeke J, Noble NA, Border WA. Curcumin blocks multiple sites of the TGF-? signaling cascade in renal cells. Kidney International 2004; 66:112-120.<\/p>\n<p class=\"bibli\">7.- Srinisan P, Libbus B. Mining MEDLINE for implicit links between dietary substances and diseases. Bioinformatics 2004; 20:1290-1296.<\/p>\n<p class=\"bibli\">8.- Akhilender Naidu K, Thippeswamy NB. Inhibition of human low density lipoprotein oxidation by active principles from spices. Mol Cell Biochem 2002; 229:19-23.<\/p>\n<p class=\"bibli\">9.- Choudhuri T, Pal S, Pal S, Agwarwal ML, Das T, Sa G. Curcumin induces apoptosis in human breast cancer cells through p53-dependent Bax induction. FEBS Letters 2002; 512:334-340.<\/p>\n<p class=\"bibli\">10.- Shao Z-M, Shen Z-Z, Liu C-H, Sartippour MR, Go VL, Heber D, Nguyen M. Curcumin exerts multiple suppressive effects on human breast carcinoma cells. Int J Cancer 2002; 98:234-240.<\/p>\n<p class=\"bibli\">11.- Radhakrishna Pillai G, Srivastava AS, Hassanein TI, Chauhan DP, Carrier E. Induction of apoptosis in human lung cancer cells by curcumin. Cancer Letters 2004; 208:163-170.<\/p>\n<p class=\"bibli\">12.- Zheng M, Ekmekcioglu S, Walch ET, Tang CH, Grimm EA. Inhibition of nuclear factor\u2013 ?B and nitric oxide by curcumin induces G2\/M cell cycle arrest and apoptosis in human melanoma cells. Melanoma Res 2004; 14:165-171.<\/p>\n<p class=\"bibli\">13.- Han S-S, Keum Y-S, Seo H-J, Surh Y-J. Curcumin suppresses activation of NF-?B and AP-1 induced by phorbol ester in cultured human promyelocytic leukaemia cells. J Biochem Molecul Biol 2002; 35:337-242.<\/p>\n<p class=\"bibli\">14.- Bharti AC, Shishodia S, Reuben JM y cols. Nuclear factor- ?B and STAT3 are constitutively active in CD138+ cells derived from myeloma patients and suppression of these transcription factors leads to apoptosis. Blood 2004; 103:3175-3184.<\/p>\n<p class=\"bibli\">15.- Liontas A, Yeger H. Curcumin and resveratrol induce apoptosis and nuclear translocation and activation of p53 in human neuroblastoma. Anticancer Res 2004; 24:987-998.<\/p>\n<p class=\"bibli\">16.- Elattar TMA, Virji AS. The inhibitory effect of curcumin. Genistein, quercetin and cisplatin on the growth of oral cancer cells in vitro. Anticancer Res 2000; 20:1733-1738.<\/p>\n<p class=\"bibli\">17.- Mukhopadhyay A, Bueso-Ramos C, Chatterjee D, Pantazis P, Aggarwal BB. Curcumin downregulates cell survival mechanisms in human prostate cancer cell lines. Oncogene 2001; 20:7597-7609.<\/p>\n<p class=\"bibli\">18.- Nakamura K, Yasunaga Y, Segawa T y cols. Curcumin down-regulates AR gene expression in prostate cancer cell lines. Int J Oncol 2002; 21:825-830.<\/p>\n<p class=\"bibli\">19.- Hour TC, Chen J, Huang CY, Guan JY, Lu SH, Pu YS. Curcumin enhances cytotoxicity of chemotherapeutic agents in prostate cancer cells by inducing p21WAFI\/CIPI and C\/EBP? expressions and suppressing NF-?B activation. The Prostate 2002; 51:211-218.<\/p>\n<p class=\"bibli\">20.- Deab D, Jiang H, Gao X y cols. Curcumin sensitizes prostate cancer cells to tumor necrosis factor-related apoptosis-inducing ligand\/Apo2L by inhibiting nuclear factor- ?B through suppression of I?B? phosphorylation. Mol Cancer Ther 2004; 3:803-812.<\/p>\n<p class=\"bibli\">21.- Cheng AL, Hsu CH, Lin JK y cols. Phase I clinical trial of curcumin, a chemopreventive agent, in patients with high-risk or pre-malignant lesions. Anticancer Res 2001; 21:2895-2900.<\/p>\n<p class=\"bibli\">22.-Mahady GB, Pendland SL, Yun G, Lu ZZ. Turmeric (<i>Curcuma longa<\/i>) and curcumin inhibit the growth of Helicobacter pylori, a group 1 carcinogen. Anticancer Research 2002; 22:4179-4182.<\/p>\n<p class=\"bibli\">23.- Foryst-Ludwig A, Neumann M, Schneider-Brachert W, Naumann M. Curcumin blocks NF-?B and the mitogenic res ponse in Helicobacter pylori-infected epithelial cells. Biochem Biophys Res Com 2004; 316:1065-1072.<\/p>\n","protected":false},"excerpt":{"rendered":"<p>Suplemento alimentar \u00e0 base de raiz de c\u00farcuma concentrada e padronizadaComplemento alimenticio a base de ra\u00edz de c\u00farcuma concentrada y estandarizada.<\/p>\n","protected":false},"featured_media":7295,"comment_status":"closed","ping_status":"closed","template":"","meta":{"_acf_changed":false},"product_brand":[],"product_cat":[72],"product_tag":[159],"class_list":{"0":"post-3331","1":"product","2":"type-product","3":"status-publish","4":"has-post-thumbnail","6":"product_cat-botania-pt","7":"product_tag-ossos-e-articulacoes","9":"first","10":"instock","11":"purchasable","12":"product-type-simple"},"acf":[],"yoast_head":"<!-- This site is optimized with the Yoast SEO plugin v27.5 - https:\/\/yoast.com\/product\/yoast-seo-wordpress\/ -->\n<title>PLANTAGEN FORTE &#8226; Hausmann Gal\u00e9nica<\/title>\n<meta name=\"robots\" content=\"index, follow, max-snippet:-1, max-image-preview:large, max-video-preview:-1\" \/>\n<link rel=\"canonical\" href=\"https:\/\/www.hausmanngalenica.com\/pt-pt\/producto\/plantagen-forte\/\" \/>\n<meta property=\"og:locale\" content=\"pt_PT\" \/>\n<meta property=\"og:type\" content=\"article\" \/>\n<meta property=\"og:title\" content=\"PLANTAGEN FORTE &#8226; Hausmann Gal\u00e9nica\" \/>\n<meta property=\"og:description\" content=\"Suplemento alimentar \u00e0 base de raiz de c\u00farcuma concentrada e padronizadaComplemento alimenticio a base de ra\u00edz de c\u00farcuma concentrada y estandarizada.\" \/>\n<meta property=\"og:url\" content=\"https:\/\/www.hausmanngalenica.com\/pt-pt\/producto\/plantagen-forte\/\" \/>\n<meta property=\"og:site_name\" content=\"Hausmann Gal\u00e9nica\" \/>\n<meta property=\"article:modified_time\" content=\"2026-01-28T08:55:36+00:00\" \/>\n<meta property=\"og:image\" content=\"https:\/\/www.hausmanngalenica.com\/wp-content\/uploads\/plantagen-forte-40-caps-botania_1-scaled.png\" \/>\n\t<meta property=\"og:image:width\" content=\"2560\" \/>\n\t<meta property=\"og:image:height\" content=\"2560\" \/>\n\t<meta property=\"og:image:type\" content=\"image\/png\" \/>\n<meta name=\"twitter:card\" content=\"summary_large_image\" \/>\n<meta name=\"twitter:label1\" content=\"Tempo estimado de leitura\" \/>\n\t<meta name=\"twitter:data1\" content=\"4 minutos\" \/>\n<script type=\"application\/ld+json\" class=\"yoast-schema-graph\">{\"@context\":\"https:\\\/\\\/schema.org\",\"@graph\":[{\"@type\":\"WebPage\",\"@id\":\"https:\\\/\\\/www.hausmanngalenica.com\\\/pt-pt\\\/producto\\\/plantagen-forte\\\/\",\"url\":\"https:\\\/\\\/www.hausmanngalenica.com\\\/pt-pt\\\/producto\\\/plantagen-forte\\\/\",\"name\":\"PLANTAGEN FORTE &#8226; Hausmann Gal\u00e9nica\",\"isPartOf\":{\"@id\":\"https:\\\/\\\/www.hausmanngalenica.com\\\/pt-pt\\\/#website\"},\"primaryImageOfPage\":{\"@id\":\"https:\\\/\\\/www.hausmanngalenica.com\\\/pt-pt\\\/producto\\\/plantagen-forte\\\/#primaryimage\"},\"image\":{\"@id\":\"https:\\\/\\\/www.hausmanngalenica.com\\\/pt-pt\\\/producto\\\/plantagen-forte\\\/#primaryimage\"},\"thumbnailUrl\":\"https:\\\/\\\/www.hausmanngalenica.com\\\/wp-content\\\/uploads\\\/plantagen-forte-40-caps-botania_1-1-scaled.png\",\"datePublished\":\"2024-06-19T10:11:11+00:00\",\"dateModified\":\"2026-01-28T08:55:36+00:00\",\"breadcrumb\":{\"@id\":\"https:\\\/\\\/www.hausmanngalenica.com\\\/pt-pt\\\/producto\\\/plantagen-forte\\\/#breadcrumb\"},\"inLanguage\":\"pt-PT\",\"potentialAction\":[{\"@type\":\"ReadAction\",\"target\":[\"https:\\\/\\\/www.hausmanngalenica.com\\\/pt-pt\\\/producto\\\/plantagen-forte\\\/\"]}]},{\"@type\":\"ImageObject\",\"inLanguage\":\"pt-PT\",\"@id\":\"https:\\\/\\\/www.hausmanngalenica.com\\\/pt-pt\\\/producto\\\/plantagen-forte\\\/#primaryimage\",\"url\":\"https:\\\/\\\/www.hausmanngalenica.com\\\/wp-content\\\/uploads\\\/plantagen-forte-40-caps-botania_1-1-scaled.png\",\"contentUrl\":\"https:\\\/\\\/www.hausmanngalenica.com\\\/wp-content\\\/uploads\\\/plantagen-forte-40-caps-botania_1-1-scaled.png\",\"width\":2560,\"height\":2560},{\"@type\":\"BreadcrumbList\",\"@id\":\"https:\\\/\\\/www.hausmanngalenica.com\\\/pt-pt\\\/producto\\\/plantagen-forte\\\/#breadcrumb\",\"itemListElement\":[{\"@type\":\"ListItem\",\"position\":1,\"name\":\"Inicio\",\"item\":\"https:\\\/\\\/www.hausmanngalenica.com\\\/pt-pt\\\/\"},{\"@type\":\"ListItem\",\"position\":2,\"name\":\"Shop\",\"item\":\"https:\\\/\\\/www.hausmanngalenica.com\\\/pt-pt\\\/shop\\\/\"},{\"@type\":\"ListItem\",\"position\":3,\"name\":\"PLANTAGEN FORTE\"}]},{\"@type\":\"WebSite\",\"@id\":\"https:\\\/\\\/www.hausmanngalenica.com\\\/pt-pt\\\/#website\",\"url\":\"https:\\\/\\\/www.hausmanngalenica.com\\\/pt-pt\\\/\",\"name\":\"Hausmann Gal\u00e9nica\",\"description\":\"Productos nutricionales de alta calidad\",\"publisher\":{\"@id\":\"https:\\\/\\\/www.hausmanngalenica.com\\\/pt-pt\\\/#organization\"},\"potentialAction\":[{\"@type\":\"SearchAction\",\"target\":{\"@type\":\"EntryPoint\",\"urlTemplate\":\"https:\\\/\\\/www.hausmanngalenica.com\\\/pt-pt\\\/?s={search_term_string}\"},\"query-input\":{\"@type\":\"PropertyValueSpecification\",\"valueRequired\":true,\"valueName\":\"search_term_string\"}}],\"inLanguage\":\"pt-PT\"},{\"@type\":\"Organization\",\"@id\":\"https:\\\/\\\/www.hausmanngalenica.com\\\/pt-pt\\\/#organization\",\"name\":\"Hausmann Gal\u00e9nica\",\"url\":\"https:\\\/\\\/www.hausmanngalenica.com\\\/pt-pt\\\/\",\"logo\":{\"@type\":\"ImageObject\",\"inLanguage\":\"pt-PT\",\"@id\":\"https:\\\/\\\/www.hausmanngalenica.com\\\/pt-pt\\\/#\\\/schema\\\/logo\\\/image\\\/\",\"url\":\"https:\\\/\\\/www.hausmanngalenica.com\\\/wp-content\\\/uploads\\\/Logo-Hausmann.jpg\",\"contentUrl\":\"https:\\\/\\\/www.hausmanngalenica.com\\\/wp-content\\\/uploads\\\/Logo-Hausmann.jpg\",\"width\":400,\"height\":70,\"caption\":\"Hausmann Gal\u00e9nica\"},\"image\":{\"@id\":\"https:\\\/\\\/www.hausmanngalenica.com\\\/pt-pt\\\/#\\\/schema\\\/logo\\\/image\\\/\"}}]}<\/script>\n<!-- \/ Yoast SEO plugin. -->","yoast_head_json":{"title":"PLANTAGEN FORTE &#8226; Hausmann Gal\u00e9nica","robots":{"index":"index","follow":"follow","max-snippet":"max-snippet:-1","max-image-preview":"max-image-preview:large","max-video-preview":"max-video-preview:-1"},"canonical":"https:\/\/www.hausmanngalenica.com\/pt-pt\/producto\/plantagen-forte\/","og_locale":"pt_PT","og_type":"article","og_title":"PLANTAGEN FORTE &#8226; Hausmann Gal\u00e9nica","og_description":"Suplemento alimentar \u00e0 base de raiz de c\u00farcuma concentrada e padronizadaComplemento alimenticio a base de ra\u00edz de c\u00farcuma concentrada y estandarizada.","og_url":"https:\/\/www.hausmanngalenica.com\/pt-pt\/producto\/plantagen-forte\/","og_site_name":"Hausmann Gal\u00e9nica","article_modified_time":"2026-01-28T08:55:36+00:00","og_image":[{"width":2560,"height":2560,"url":"https:\/\/www.hausmanngalenica.com\/wp-content\/uploads\/plantagen-forte-40-caps-botania_1-scaled.png","type":"image\/png"}],"twitter_card":"summary_large_image","twitter_misc":{"Tempo estimado de leitura":"4 minutos"},"schema":{"@context":"https:\/\/schema.org","@graph":[{"@type":"WebPage","@id":"https:\/\/www.hausmanngalenica.com\/pt-pt\/producto\/plantagen-forte\/","url":"https:\/\/www.hausmanngalenica.com\/pt-pt\/producto\/plantagen-forte\/","name":"PLANTAGEN FORTE &#8226; Hausmann Gal\u00e9nica","isPartOf":{"@id":"https:\/\/www.hausmanngalenica.com\/pt-pt\/#website"},"primaryImageOfPage":{"@id":"https:\/\/www.hausmanngalenica.com\/pt-pt\/producto\/plantagen-forte\/#primaryimage"},"image":{"@id":"https:\/\/www.hausmanngalenica.com\/pt-pt\/producto\/plantagen-forte\/#primaryimage"},"thumbnailUrl":"https:\/\/www.hausmanngalenica.com\/wp-content\/uploads\/plantagen-forte-40-caps-botania_1-1-scaled.png","datePublished":"2024-06-19T10:11:11+00:00","dateModified":"2026-01-28T08:55:36+00:00","breadcrumb":{"@id":"https:\/\/www.hausmanngalenica.com\/pt-pt\/producto\/plantagen-forte\/#breadcrumb"},"inLanguage":"pt-PT","potentialAction":[{"@type":"ReadAction","target":["https:\/\/www.hausmanngalenica.com\/pt-pt\/producto\/plantagen-forte\/"]}]},{"@type":"ImageObject","inLanguage":"pt-PT","@id":"https:\/\/www.hausmanngalenica.com\/pt-pt\/producto\/plantagen-forte\/#primaryimage","url":"https:\/\/www.hausmanngalenica.com\/wp-content\/uploads\/plantagen-forte-40-caps-botania_1-1-scaled.png","contentUrl":"https:\/\/www.hausmanngalenica.com\/wp-content\/uploads\/plantagen-forte-40-caps-botania_1-1-scaled.png","width":2560,"height":2560},{"@type":"BreadcrumbList","@id":"https:\/\/www.hausmanngalenica.com\/pt-pt\/producto\/plantagen-forte\/#breadcrumb","itemListElement":[{"@type":"ListItem","position":1,"name":"Inicio","item":"https:\/\/www.hausmanngalenica.com\/pt-pt\/"},{"@type":"ListItem","position":2,"name":"Shop","item":"https:\/\/www.hausmanngalenica.com\/pt-pt\/shop\/"},{"@type":"ListItem","position":3,"name":"PLANTAGEN FORTE"}]},{"@type":"WebSite","@id":"https:\/\/www.hausmanngalenica.com\/pt-pt\/#website","url":"https:\/\/www.hausmanngalenica.com\/pt-pt\/","name":"Hausmann Gal\u00e9nica","description":"Productos nutricionales de alta calidad","publisher":{"@id":"https:\/\/www.hausmanngalenica.com\/pt-pt\/#organization"},"potentialAction":[{"@type":"SearchAction","target":{"@type":"EntryPoint","urlTemplate":"https:\/\/www.hausmanngalenica.com\/pt-pt\/?s={search_term_string}"},"query-input":{"@type":"PropertyValueSpecification","valueRequired":true,"valueName":"search_term_string"}}],"inLanguage":"pt-PT"},{"@type":"Organization","@id":"https:\/\/www.hausmanngalenica.com\/pt-pt\/#organization","name":"Hausmann Gal\u00e9nica","url":"https:\/\/www.hausmanngalenica.com\/pt-pt\/","logo":{"@type":"ImageObject","inLanguage":"pt-PT","@id":"https:\/\/www.hausmanngalenica.com\/pt-pt\/#\/schema\/logo\/image\/","url":"https:\/\/www.hausmanngalenica.com\/wp-content\/uploads\/Logo-Hausmann.jpg","contentUrl":"https:\/\/www.hausmanngalenica.com\/wp-content\/uploads\/Logo-Hausmann.jpg","width":400,"height":70,"caption":"Hausmann Gal\u00e9nica"},"image":{"@id":"https:\/\/www.hausmanngalenica.com\/pt-pt\/#\/schema\/logo\/image\/"}}]}},"_links":{"self":[{"href":"https:\/\/www.hausmanngalenica.com\/pt-pt\/wp-json\/wp\/v2\/product\/3331","targetHints":{"allow":["GET"]}}],"collection":[{"href":"https:\/\/www.hausmanngalenica.com\/pt-pt\/wp-json\/wp\/v2\/product"}],"about":[{"href":"https:\/\/www.hausmanngalenica.com\/pt-pt\/wp-json\/wp\/v2\/types\/product"}],"replies":[{"embeddable":true,"href":"https:\/\/www.hausmanngalenica.com\/pt-pt\/wp-json\/wp\/v2\/comments?post=3331"}],"wp:featuredmedia":[{"embeddable":true,"href":"https:\/\/www.hausmanngalenica.com\/pt-pt\/wp-json\/wp\/v2\/media\/7295"}],"wp:attachment":[{"href":"https:\/\/www.hausmanngalenica.com\/pt-pt\/wp-json\/wp\/v2\/media?parent=3331"}],"wp:term":[{"taxonomy":"product_brand","embeddable":true,"href":"https:\/\/www.hausmanngalenica.com\/pt-pt\/wp-json\/wp\/v2\/product_brand?post=3331"},{"taxonomy":"product_cat","embeddable":true,"href":"https:\/\/www.hausmanngalenica.com\/pt-pt\/wp-json\/wp\/v2\/product_cat?post=3331"},{"taxonomy":"product_tag","embeddable":true,"href":"https:\/\/www.hausmanngalenica.com\/pt-pt\/wp-json\/wp\/v2\/product_tag?post=3331"}],"curies":[{"name":"wp","href":"https:\/\/api.w.org\/{rel}","templated":true}]}}