{"id":3335,"date":"2024-06-19T11:10:52","date_gmt":"2024-06-19T10:10:52","guid":{"rendered":"https:\/\/www.hausmanngalenica.com\/producto\/calcium-hausmann\/"},"modified":"2026-04-15T11:54:36","modified_gmt":"2026-04-15T10:54:36","slug":"calcium-hausmann","status":"publish","type":"product","link":"https:\/\/www.hausmanngalenica.com\/pt-pt\/producto\/calcium-hausmann\/","title":{"rendered":"CALCIUM 60 CAPSULAS HAUSMANN"},"content":{"rendered":"<h4 class=\"color_99\">Advert\u00eancias<\/h4>\n<p>Hipersensibilidade a algum dos seus componentes.<\/p>\n<h4 class=\"color_99\">Forma de apresenta\u00e7\u00e3o<\/h4>\n<p>Frasco de 60 c\u00e1psulas<\/p>\n<h4 class=\"color_99\">Bibliografia<\/h4>\n<p class=\"bibli\">1.- Araya LH, Lutz RM. Alimentos Funcionales y Saludables. Revista Chilena de Nutrici\u00f3n. Abril 2003, vol.30, no.1, p.8-14.<\/p>\n<p class=\"bibli\">2.- Roberfroid M. Functional Foods: concepts and application to inulin and oligofructose. Br J Nutr 2002; 87, Suppl. 2: S139-S143.<\/p>\n<p class=\"bibli\">3.- Abrams SA, Griffin IJ, Hawthorne KM, Liang L, Gunn SK, Darlington G, Ellis KJ. A combination of prebiotic short- and long-chain inulin-type fructans enhances calcium absorption and bone mineralization in young adolescents. Am J Clin Nutr. 2005 Aug; 82(2):471-6.<\/p>\n<p class=\"bibli\">4.-Organizaci\u00f3n Mundial de la Salud. Comit\u00e9 de expertos y grupos de estudio. Prevenci\u00f3n y tratamiento de la osteoporosis. Ginebra; 2000.<\/p>\n<p class=\"bibli\">10.- Choi HJ, Yu J. Vitamin K2 supplementation improves insulin sensitivity via osteocalcin metabolism: a placebo-controlled trial. Diabetes Care 2011;34:147.<\/p>\n","protected":false},"excerpt":{"rendered":"<h5 class=\"default-style\">C\u00e1lcio com vitamina D3 + K2, boro e probi\u00f3tico para facilitar a sua absor\u00e7\u00e3o.<\/h5>\n<div><\/div>\n<div class=\"default-style\"><\/div>\n<div class=\"default-style\"><strong>Composi\u00e7\u00e3o (informa\u00e7\u00e3o nutricional por 1 c\u00e1psula)<\/strong><\/div>\n<div class=\"default-style\">Carbonato de c\u00e1lcio 300 mg (120 mg de Ca, 15% VRN)<\/div>\n<div class=\"default-style\">Vitamina D3 20 \u00b5g (800 UI, 400% VRN)<\/div>\n<div class=\"default-style\">Vitamina K2 MK7 50 mg (100 \u00b5g de K2, 133,33% VRN)<\/div>\n<div class=\"default-style\">Boro 0,35mg<\/div>\n<div class=\"default-style\">Mistura probi\u00f3tica com 4,2 x 10\u2078 UFC*<\/div>\n<div class=\"default-style\"><\/div>\n<div class=\"default-style\"><em>*(Bifidobacterium bifidum, B. infantis, B. longum, B. animalis ssp. lactis, B. breve, Lactobacillus acidophilus, L. casei, L. rhamnosus, L. salivarius, L. brevis, L. plantarum, L. helveticus, Lactococcus lactis, Enterococcus faecium, Streptococcus thermophilus)<\/em><\/div>\n<p>Modo de utiliza\u00e7\u00e3o: Tomar 1 c\u00e1psula por dia.<\/p>\n<p>Alerg\u00e9nios: Livre de alerg\u00e9nios.<\/p>\n<p>Advert\u00eancias: N\u00e3o exceder a dose di\u00e1ria expressamente recomendada. Os suplementos alimentares n\u00e3o devem ser utilizados como substitutos de uma dieta variada e equilibrada nem de um modo de vida saud\u00e1vel. Conservar num local fresco e seco. Manter fora do alcance das crian\u00e7as mais pequenas.   <\/p>\n<p>Apresenta\u00e7\u00e3o: Frasco de 60 c\u00e1psulas.<\/p>\n","protected":false},"featured_media":7427,"comment_status":"closed","ping_status":"closed","template":"","meta":{"_acf_changed":false},"product_brand":[],"product_cat":[73,51],"product_tag":[158,164,159],"class_list":{"0":"post-3335","1":"product","2":"type-product","3":"status-publish","4":"has-post-thumbnail","6":"product_cat-hausmann-tec-pt","7":"product_cat-sem-categoria","8":"product_tag-formulas-sem-plantas","9":"product_tag-minerais","10":"product_tag-ossos-e-articulacoes","12":"first","13":"instock","14":"purchasable","15":"product-type-simple"},"acf":[],"yoast_head":"<!-- This site is optimized with the Yoast SEO plugin v27.5 - https:\/\/yoast.com\/product\/yoast-seo-wordpress\/ -->\n<title>CALCIUM 60 CAPSULAS HAUSMANN &#8226; Hausmann Gal\u00e9nica<\/title>\n<meta name=\"robots\" content=\"index, follow, max-snippet:-1, max-image-preview:large, max-video-preview:-1\" \/>\n<link rel=\"canonical\" href=\"https:\/\/www.hausmanngalenica.com\/pt-pt\/producto\/calcium-hausmann\/\" \/>\n<meta property=\"og:locale\" content=\"pt_PT\" \/>\n<meta property=\"og:type\" content=\"article\" \/>\n<meta property=\"og:title\" content=\"CALCIUM 60 CAPSULAS HAUSMANN &#8226; Hausmann Gal\u00e9nica\" \/>\n<meta property=\"og:description\" content=\"C\u00e1lcio com vitamina D3 + K2, boro e probi\u00f3tico para facilitar a sua absor\u00e7\u00e3o.  Composi\u00e7\u00e3o (informa\u00e7\u00e3o nutricional por 1 c\u00e1psula) Carbonato de c\u00e1lcio 300 mg (120 mg de Ca, 15% VRN) Vitamina D3 20 \u00b5g (800 UI, 400% VRN) Vitamina K2 MK7 50 mg (100 \u00b5g de K2, 133,33% VRN) Boro 0,35mg Mistura probi\u00f3tica com 4,2 x 10\u2078 UFC* *(Bifidobacterium bifidum, B. infantis, B. longum, B. animalis ssp. lactis, B. breve, Lactobacillus acidophilus, L. casei, L. rhamnosus, L. salivarius, L. brevis, L. plantarum, L. helveticus, Lactococcus lactis, Enterococcus faecium, Streptococcus thermophilus) Modo de utiliza\u00e7\u00e3o: Tomar 1 c\u00e1psula por dia. Alerg\u00e9nios: Livre de alerg\u00e9nios. Advert\u00eancias: N\u00e3o exceder a dose di\u00e1ria expressamente recomendada. Os suplementos alimentares n\u00e3o devem ser utilizados como substitutos de uma dieta variada e equilibrada nem de um modo de vida saud\u00e1vel. Conservar num local fresco e seco. Manter fora do alcance das crian\u00e7as mais pequenas.   Apresenta\u00e7\u00e3o: Frasco de 60 c\u00e1psulas.\" \/>\n<meta property=\"og:url\" content=\"https:\/\/www.hausmanngalenica.com\/pt-pt\/producto\/calcium-hausmann\/\" \/>\n<meta property=\"og:site_name\" content=\"Hausmann Gal\u00e9nica\" \/>\n<meta property=\"article:modified_time\" content=\"2026-04-15T10:54:36+00:00\" \/>\n<meta property=\"og:image\" content=\"https:\/\/www.hausmanngalenica.com\/wp-content\/uploads\/calcium-60-capsulas-hausmann_1-1024x1024.png\" \/>\n\t<meta property=\"og:image:width\" content=\"1024\" \/>\n\t<meta property=\"og:image:height\" content=\"1024\" \/>\n\t<meta property=\"og:image:type\" content=\"image\/png\" \/>\n<meta name=\"twitter:card\" content=\"summary_large_image\" \/>\n<meta name=\"twitter:label1\" content=\"Tempo estimado de leitura\" \/>\n\t<meta name=\"twitter:data1\" content=\"1 minuto\" \/>\n<script type=\"application\/ld+json\" class=\"yoast-schema-graph\">{\"@context\":\"https:\\\/\\\/schema.org\",\"@graph\":[{\"@type\":\"WebPage\",\"@id\":\"https:\\\/\\\/www.hausmanngalenica.com\\\/pt-pt\\\/producto\\\/calcium-hausmann\\\/\",\"url\":\"https:\\\/\\\/www.hausmanngalenica.com\\\/pt-pt\\\/producto\\\/calcium-hausmann\\\/\",\"name\":\"CALCIUM 60 CAPSULAS HAUSMANN &#8226; Hausmann Gal\u00e9nica\",\"isPartOf\":{\"@id\":\"https:\\\/\\\/www.hausmanngalenica.com\\\/pt-pt\\\/#website\"},\"primaryImageOfPage\":{\"@id\":\"https:\\\/\\\/www.hausmanngalenica.com\\\/pt-pt\\\/producto\\\/calcium-hausmann\\\/#primaryimage\"},\"image\":{\"@id\":\"https:\\\/\\\/www.hausmanngalenica.com\\\/pt-pt\\\/producto\\\/calcium-hausmann\\\/#primaryimage\"},\"thumbnailUrl\":\"https:\\\/\\\/www.hausmanngalenica.com\\\/wp-content\\\/uploads\\\/calcium-60-capsulas-hausmann_1-1-scaled.png\",\"datePublished\":\"2024-06-19T10:10:52+00:00\",\"dateModified\":\"2026-04-15T10:54:36+00:00\",\"breadcrumb\":{\"@id\":\"https:\\\/\\\/www.hausmanngalenica.com\\\/pt-pt\\\/producto\\\/calcium-hausmann\\\/#breadcrumb\"},\"inLanguage\":\"pt-PT\",\"potentialAction\":[{\"@type\":\"ReadAction\",\"target\":[\"https:\\\/\\\/www.hausmanngalenica.com\\\/pt-pt\\\/producto\\\/calcium-hausmann\\\/\"]}]},{\"@type\":\"ImageObject\",\"inLanguage\":\"pt-PT\",\"@id\":\"https:\\\/\\\/www.hausmanngalenica.com\\\/pt-pt\\\/producto\\\/calcium-hausmann\\\/#primaryimage\",\"url\":\"https:\\\/\\\/www.hausmanngalenica.com\\\/wp-content\\\/uploads\\\/calcium-60-capsulas-hausmann_1-1-scaled.png\",\"contentUrl\":\"https:\\\/\\\/www.hausmanngalenica.com\\\/wp-content\\\/uploads\\\/calcium-60-capsulas-hausmann_1-1-scaled.png\",\"width\":2560,\"height\":2560},{\"@type\":\"BreadcrumbList\",\"@id\":\"https:\\\/\\\/www.hausmanngalenica.com\\\/pt-pt\\\/producto\\\/calcium-hausmann\\\/#breadcrumb\",\"itemListElement\":[{\"@type\":\"ListItem\",\"position\":1,\"name\":\"Inicio\",\"item\":\"https:\\\/\\\/www.hausmanngalenica.com\\\/pt-pt\\\/\"},{\"@type\":\"ListItem\",\"position\":2,\"name\":\"Shop\",\"item\":\"https:\\\/\\\/www.hausmanngalenica.com\\\/pt-pt\\\/shop\\\/\"},{\"@type\":\"ListItem\",\"position\":3,\"name\":\"CALCIUM 60 CAPSULAS HAUSMANN\"}]},{\"@type\":\"WebSite\",\"@id\":\"https:\\\/\\\/www.hausmanngalenica.com\\\/pt-pt\\\/#website\",\"url\":\"https:\\\/\\\/www.hausmanngalenica.com\\\/pt-pt\\\/\",\"name\":\"Hausmann Gal\u00e9nica\",\"description\":\"Productos nutricionales de alta calidad\",\"publisher\":{\"@id\":\"https:\\\/\\\/www.hausmanngalenica.com\\\/pt-pt\\\/#organization\"},\"potentialAction\":[{\"@type\":\"SearchAction\",\"target\":{\"@type\":\"EntryPoint\",\"urlTemplate\":\"https:\\\/\\\/www.hausmanngalenica.com\\\/pt-pt\\\/?s={search_term_string}\"},\"query-input\":{\"@type\":\"PropertyValueSpecification\",\"valueRequired\":true,\"valueName\":\"search_term_string\"}}],\"inLanguage\":\"pt-PT\"},{\"@type\":\"Organization\",\"@id\":\"https:\\\/\\\/www.hausmanngalenica.com\\\/pt-pt\\\/#organization\",\"name\":\"Hausmann Gal\u00e9nica\",\"url\":\"https:\\\/\\\/www.hausmanngalenica.com\\\/pt-pt\\\/\",\"logo\":{\"@type\":\"ImageObject\",\"inLanguage\":\"pt-PT\",\"@id\":\"https:\\\/\\\/www.hausmanngalenica.com\\\/pt-pt\\\/#\\\/schema\\\/logo\\\/image\\\/\",\"url\":\"https:\\\/\\\/www.hausmanngalenica.com\\\/wp-content\\\/uploads\\\/Logo-Hausmann.jpg\",\"contentUrl\":\"https:\\\/\\\/www.hausmanngalenica.com\\\/wp-content\\\/uploads\\\/Logo-Hausmann.jpg\",\"width\":400,\"height\":70,\"caption\":\"Hausmann Gal\u00e9nica\"},\"image\":{\"@id\":\"https:\\\/\\\/www.hausmanngalenica.com\\\/pt-pt\\\/#\\\/schema\\\/logo\\\/image\\\/\"}}]}<\/script>\n<!-- \/ Yoast SEO plugin. -->","yoast_head_json":{"title":"CALCIUM 60 CAPSULAS HAUSMANN &#8226; Hausmann Gal\u00e9nica","robots":{"index":"index","follow":"follow","max-snippet":"max-snippet:-1","max-image-preview":"max-image-preview:large","max-video-preview":"max-video-preview:-1"},"canonical":"https:\/\/www.hausmanngalenica.com\/pt-pt\/producto\/calcium-hausmann\/","og_locale":"pt_PT","og_type":"article","og_title":"CALCIUM 60 CAPSULAS HAUSMANN &#8226; Hausmann Gal\u00e9nica","og_description":"C\u00e1lcio com vitamina D3 + K2, boro e probi\u00f3tico para facilitar a sua absor\u00e7\u00e3o.  Composi\u00e7\u00e3o (informa\u00e7\u00e3o nutricional por 1 c\u00e1psula) Carbonato de c\u00e1lcio 300 mg (120 mg de Ca, 15% VRN) Vitamina D3 20 \u00b5g (800 UI, 400% VRN) Vitamina K2 MK7 50 mg (100 \u00b5g de K2, 133,33% VRN) Boro 0,35mg Mistura probi\u00f3tica com 4,2 x 10\u2078 UFC* *(Bifidobacterium bifidum, B. infantis, B. longum, B. animalis ssp. lactis, B. breve, Lactobacillus acidophilus, L. casei, L. rhamnosus, L. salivarius, L. brevis, L. plantarum, L. helveticus, Lactococcus lactis, Enterococcus faecium, Streptococcus thermophilus) Modo de utiliza\u00e7\u00e3o: Tomar 1 c\u00e1psula por dia. Alerg\u00e9nios: Livre de alerg\u00e9nios. Advert\u00eancias: N\u00e3o exceder a dose di\u00e1ria expressamente recomendada. Os suplementos alimentares n\u00e3o devem ser utilizados como substitutos de uma dieta variada e equilibrada nem de um modo de vida saud\u00e1vel. Conservar num local fresco e seco. Manter fora do alcance das crian\u00e7as mais pequenas.   Apresenta\u00e7\u00e3o: Frasco de 60 c\u00e1psulas.","og_url":"https:\/\/www.hausmanngalenica.com\/pt-pt\/producto\/calcium-hausmann\/","og_site_name":"Hausmann Gal\u00e9nica","article_modified_time":"2026-04-15T10:54:36+00:00","og_image":[{"width":1024,"height":1024,"url":"https:\/\/www.hausmanngalenica.com\/wp-content\/uploads\/calcium-60-capsulas-hausmann_1-1024x1024.png","type":"image\/png"}],"twitter_card":"summary_large_image","twitter_misc":{"Tempo estimado de leitura":"1 minuto"},"schema":{"@context":"https:\/\/schema.org","@graph":[{"@type":"WebPage","@id":"https:\/\/www.hausmanngalenica.com\/pt-pt\/producto\/calcium-hausmann\/","url":"https:\/\/www.hausmanngalenica.com\/pt-pt\/producto\/calcium-hausmann\/","name":"CALCIUM 60 CAPSULAS HAUSMANN &#8226; Hausmann Gal\u00e9nica","isPartOf":{"@id":"https:\/\/www.hausmanngalenica.com\/pt-pt\/#website"},"primaryImageOfPage":{"@id":"https:\/\/www.hausmanngalenica.com\/pt-pt\/producto\/calcium-hausmann\/#primaryimage"},"image":{"@id":"https:\/\/www.hausmanngalenica.com\/pt-pt\/producto\/calcium-hausmann\/#primaryimage"},"thumbnailUrl":"https:\/\/www.hausmanngalenica.com\/wp-content\/uploads\/calcium-60-capsulas-hausmann_1-1-scaled.png","datePublished":"2024-06-19T10:10:52+00:00","dateModified":"2026-04-15T10:54:36+00:00","breadcrumb":{"@id":"https:\/\/www.hausmanngalenica.com\/pt-pt\/producto\/calcium-hausmann\/#breadcrumb"},"inLanguage":"pt-PT","potentialAction":[{"@type":"ReadAction","target":["https:\/\/www.hausmanngalenica.com\/pt-pt\/producto\/calcium-hausmann\/"]}]},{"@type":"ImageObject","inLanguage":"pt-PT","@id":"https:\/\/www.hausmanngalenica.com\/pt-pt\/producto\/calcium-hausmann\/#primaryimage","url":"https:\/\/www.hausmanngalenica.com\/wp-content\/uploads\/calcium-60-capsulas-hausmann_1-1-scaled.png","contentUrl":"https:\/\/www.hausmanngalenica.com\/wp-content\/uploads\/calcium-60-capsulas-hausmann_1-1-scaled.png","width":2560,"height":2560},{"@type":"BreadcrumbList","@id":"https:\/\/www.hausmanngalenica.com\/pt-pt\/producto\/calcium-hausmann\/#breadcrumb","itemListElement":[{"@type":"ListItem","position":1,"name":"Inicio","item":"https:\/\/www.hausmanngalenica.com\/pt-pt\/"},{"@type":"ListItem","position":2,"name":"Shop","item":"https:\/\/www.hausmanngalenica.com\/pt-pt\/shop\/"},{"@type":"ListItem","position":3,"name":"CALCIUM 60 CAPSULAS HAUSMANN"}]},{"@type":"WebSite","@id":"https:\/\/www.hausmanngalenica.com\/pt-pt\/#website","url":"https:\/\/www.hausmanngalenica.com\/pt-pt\/","name":"Hausmann Gal\u00e9nica","description":"Productos nutricionales de alta calidad","publisher":{"@id":"https:\/\/www.hausmanngalenica.com\/pt-pt\/#organization"},"potentialAction":[{"@type":"SearchAction","target":{"@type":"EntryPoint","urlTemplate":"https:\/\/www.hausmanngalenica.com\/pt-pt\/?s={search_term_string}"},"query-input":{"@type":"PropertyValueSpecification","valueRequired":true,"valueName":"search_term_string"}}],"inLanguage":"pt-PT"},{"@type":"Organization","@id":"https:\/\/www.hausmanngalenica.com\/pt-pt\/#organization","name":"Hausmann Gal\u00e9nica","url":"https:\/\/www.hausmanngalenica.com\/pt-pt\/","logo":{"@type":"ImageObject","inLanguage":"pt-PT","@id":"https:\/\/www.hausmanngalenica.com\/pt-pt\/#\/schema\/logo\/image\/","url":"https:\/\/www.hausmanngalenica.com\/wp-content\/uploads\/Logo-Hausmann.jpg","contentUrl":"https:\/\/www.hausmanngalenica.com\/wp-content\/uploads\/Logo-Hausmann.jpg","width":400,"height":70,"caption":"Hausmann Gal\u00e9nica"},"image":{"@id":"https:\/\/www.hausmanngalenica.com\/pt-pt\/#\/schema\/logo\/image\/"}}]}},"_links":{"self":[{"href":"https:\/\/www.hausmanngalenica.com\/pt-pt\/wp-json\/wp\/v2\/product\/3335","targetHints":{"allow":["GET"]}}],"collection":[{"href":"https:\/\/www.hausmanngalenica.com\/pt-pt\/wp-json\/wp\/v2\/product"}],"about":[{"href":"https:\/\/www.hausmanngalenica.com\/pt-pt\/wp-json\/wp\/v2\/types\/product"}],"replies":[{"embeddable":true,"href":"https:\/\/www.hausmanngalenica.com\/pt-pt\/wp-json\/wp\/v2\/comments?post=3335"}],"wp:featuredmedia":[{"embeddable":true,"href":"https:\/\/www.hausmanngalenica.com\/pt-pt\/wp-json\/wp\/v2\/media\/7427"}],"wp:attachment":[{"href":"https:\/\/www.hausmanngalenica.com\/pt-pt\/wp-json\/wp\/v2\/media?parent=3335"}],"wp:term":[{"taxonomy":"product_brand","embeddable":true,"href":"https:\/\/www.hausmanngalenica.com\/pt-pt\/wp-json\/wp\/v2\/product_brand?post=3335"},{"taxonomy":"product_cat","embeddable":true,"href":"https:\/\/www.hausmanngalenica.com\/pt-pt\/wp-json\/wp\/v2\/product_cat?post=3335"},{"taxonomy":"product_tag","embeddable":true,"href":"https:\/\/www.hausmanngalenica.com\/pt-pt\/wp-json\/wp\/v2\/product_tag?post=3335"}],"curies":[{"name":"wp","href":"https:\/\/api.w.org\/{rel}","templated":true}]}}