{"id":3339,"date":"2024-06-19T11:10:52","date_gmt":"2024-06-19T10:10:52","guid":{"rendered":"https:\/\/www.hausmanngalenica.com\/producto\/helioferol\/"},"modified":"2026-01-17T15:02:11","modified_gmt":"2026-01-17T14:02:11","slug":"helioferol","status":"publish","type":"product","link":"https:\/\/www.hausmanngalenica.com\/pt-pt\/producto\/helioferol\/","title":{"rendered":"Helioferol"},"content":{"rendered":"<h4>Descripci\u00f3n<\/h4>\n<p>Declaraciones saludables (Reglamento UE N\u00ba 432\/2012):<\/p>\n<p>La vitamina D contribuye al funcionamiento normal del sistema inmunitario, y al proceso de divisi\u00f3n celular.<\/p>\n<h4 class=\"color_99\">Advert\u00eancias<\/h4>\n<p>N\u00e3o exceder a dose di\u00e1ria expressamente recomendada. Os suplementos alimentares n\u00e3o devem ser usados como substitutos de uma dieta variada e equilibrada e de um modo de vida saud\u00e1vel. Conservar em local fresco e seco. Manter fora do alcance das crian\u00e7as mais pequenas.<\/p>\n<p>Conservar en un lugar fresco y seco.<\/p>\n<p>Este producto no contiene ning\u00fan ingrediente que provenga de Organismos Modificados Gen\u00e9ticamente, por lo que no est\u00e1 sometido al etiquetado de los OMG de los Reglamentos (EU) 1829\/2003 y 1830\/2003<\/p>\n<p>El producto no contiene y no est\u00e1 derivado de Material Espec\u00edfico de Riesgo (MER) tal y como lo define la Directiva de la Comisi\u00f3n Europea, cumpliendo as\u00ed con la legislaci\u00f3n europea relativa al riesgo de Encefalopat\u00eda Espongiforme Transmisible (ETT)<\/p>\n<p>&nbsp;<\/p>\n<table>\n<tbody>\n<tr>\n<td>Cereales que contengan gluten (trigo, centeno, cebada, avena, espelta, kamut o sus variedades h\u00edbridas) y productos derivados<\/td>\n<td>No<\/td>\n<\/tr>\n<tr>\n<td>Crust\u00e1ceos y productos a base de crust\u00e1ceos<\/td>\n<td>No<\/td>\n<\/tr>\n<tr>\n<td>Huevos y productos a base de huevo<\/td>\n<td>No<\/td>\n<\/tr>\n<tr>\n<td>Cacahuetes y productos a base de cacahuetes<\/td>\n<td>No<\/td>\n<\/tr>\n<tr>\n<td>Pescado y productos a base de pescado<\/td>\n<td>No<\/td>\n<\/tr>\n<tr>\n<td>Soja y productos a base de soja<\/td>\n<td>No<\/td>\n<\/tr>\n<tr>\n<td>Leche y sus derivados (incluida la lactosa)<\/td>\n<td>No<\/td>\n<\/tr>\n<tr>\n<td>Frutos de c\u00e1scara (almendras, avellanas, nueces, anacardos, pecanas, nueces de Brasil, alf\u00f3ncigos, nueces de macadamia o nueces da Australia) y productos derivados<\/td>\n<td>No<\/td>\n<\/tr>\n<tr>\n<td>Apio y productos derivados<\/td>\n<td>No<\/td>\n<\/tr>\n<tr>\n<td>Mostaza y productos derivados<\/td>\n<td>No<\/td>\n<\/tr>\n<tr>\n<td>Granos de s\u00e9samo y productos a base de granos de s\u00e9samo<\/td>\n<td>No<\/td>\n<\/tr>\n<tr>\n<td>Di\u00f3xido de azufre y sulfitos en concentraciones superiores a 10 mg\/kg o 10 mg\/l en t\u00e9rminos de SO2 total<\/td>\n<td>No<\/td>\n<\/tr>\n<tr>\n<td>Altramuces y productos a base de altramuces<\/td>\n<td>No<\/td>\n<\/tr>\n<tr>\n<td>Moluscos y productos a base de moluscos<\/td>\n<td>No<\/td>\n<\/tr>\n<\/tbody>\n<\/table>\n<h4 class=\"color_99\">Apresenta\u00e7\u00e3o<\/h4>\n<p>Frasco com 25 ml<\/p>\n","protected":false},"excerpt":{"rendered":"<p>Suplemento alimentar \u00e0 base de vitamina D3 em azeite virgem extra, para quem procura vitamina D de alta qualidade.<\/p>\n","protected":false},"featured_media":7218,"comment_status":"closed","ping_status":"closed","template":"","meta":{"_acf_changed":false},"product_brand":[],"product_cat":[73],"product_tag":[156,162,161,159,173],"class_list":{"0":"post-3339","1":"product","2":"type-product","3":"status-publish","4":"has-post-thumbnail","6":"product_cat-hausmann-tec-pt","7":"product_tag-energia-e-desempenho","8":"product_tag-imunidade","9":"product_tag-infantil-pt-pt","10":"product_tag-ossos-e-articulacoes","11":"product_tag-vitaminas-pt-pt","13":"first","14":"instock","15":"purchasable","16":"product-type-simple"},"acf":[],"yoast_head":"<!-- This site is optimized with the Yoast SEO plugin v27.5 - https:\/\/yoast.com\/product\/yoast-seo-wordpress\/ -->\n<title>Helioferol &#8226; Hausmann Gal\u00e9nica<\/title>\n<meta name=\"robots\" content=\"index, follow, max-snippet:-1, max-image-preview:large, max-video-preview:-1\" \/>\n<link rel=\"canonical\" href=\"https:\/\/www.hausmanngalenica.com\/pt-pt\/producto\/helioferol\/\" \/>\n<meta property=\"og:locale\" content=\"pt_PT\" \/>\n<meta property=\"og:type\" content=\"article\" \/>\n<meta property=\"og:title\" content=\"Helioferol &#8226; Hausmann Gal\u00e9nica\" \/>\n<meta property=\"og:description\" content=\"Suplemento alimentar \u00e0 base de vitamina D3 em azeite virgem extra, para quem procura vitamina D de alta qualidade.\" \/>\n<meta property=\"og:url\" content=\"https:\/\/www.hausmanngalenica.com\/pt-pt\/producto\/helioferol\/\" \/>\n<meta property=\"og:site_name\" content=\"Hausmann Gal\u00e9nica\" \/>\n<meta property=\"article:modified_time\" content=\"2026-01-17T14:02:11+00:00\" \/>\n<meta property=\"og:image\" content=\"https:\/\/www.hausmanngalenica.com\/wp-content\/uploads\/helioferol-gotas-25-ml-hausmann_1-4.jpg\" \/>\n\t<meta property=\"og:image:width\" content=\"768\" \/>\n\t<meta property=\"og:image:height\" content=\"640\" \/>\n\t<meta property=\"og:image:type\" content=\"image\/jpeg\" \/>\n<meta name=\"twitter:card\" content=\"summary_large_image\" \/>\n<meta name=\"twitter:label1\" content=\"Tempo estimado de leitura\" \/>\n\t<meta name=\"twitter:data1\" content=\"2 minutos\" \/>\n<script type=\"application\/ld+json\" class=\"yoast-schema-graph\">{\"@context\":\"https:\\\/\\\/schema.org\",\"@graph\":[{\"@type\":\"WebPage\",\"@id\":\"https:\\\/\\\/www.hausmanngalenica.com\\\/pt-pt\\\/producto\\\/helioferol\\\/\",\"url\":\"https:\\\/\\\/www.hausmanngalenica.com\\\/pt-pt\\\/producto\\\/helioferol\\\/\",\"name\":\"Helioferol &#8226; Hausmann Gal\u00e9nica\",\"isPartOf\":{\"@id\":\"https:\\\/\\\/www.hausmanngalenica.com\\\/pt-pt\\\/#website\"},\"primaryImageOfPage\":{\"@id\":\"https:\\\/\\\/www.hausmanngalenica.com\\\/pt-pt\\\/producto\\\/helioferol\\\/#primaryimage\"},\"image\":{\"@id\":\"https:\\\/\\\/www.hausmanngalenica.com\\\/pt-pt\\\/producto\\\/helioferol\\\/#primaryimage\"},\"thumbnailUrl\":\"https:\\\/\\\/www.hausmanngalenica.com\\\/wp-content\\\/uploads\\\/helioferol-gotas-25-ml-hausmann_1-5.jpg\",\"datePublished\":\"2024-06-19T10:10:52+00:00\",\"dateModified\":\"2026-01-17T14:02:11+00:00\",\"breadcrumb\":{\"@id\":\"https:\\\/\\\/www.hausmanngalenica.com\\\/pt-pt\\\/producto\\\/helioferol\\\/#breadcrumb\"},\"inLanguage\":\"pt-PT\",\"potentialAction\":[{\"@type\":\"ReadAction\",\"target\":[\"https:\\\/\\\/www.hausmanngalenica.com\\\/pt-pt\\\/producto\\\/helioferol\\\/\"]}]},{\"@type\":\"ImageObject\",\"inLanguage\":\"pt-PT\",\"@id\":\"https:\\\/\\\/www.hausmanngalenica.com\\\/pt-pt\\\/producto\\\/helioferol\\\/#primaryimage\",\"url\":\"https:\\\/\\\/www.hausmanngalenica.com\\\/wp-content\\\/uploads\\\/helioferol-gotas-25-ml-hausmann_1-5.jpg\",\"contentUrl\":\"https:\\\/\\\/www.hausmanngalenica.com\\\/wp-content\\\/uploads\\\/helioferol-gotas-25-ml-hausmann_1-5.jpg\",\"width\":768,\"height\":640},{\"@type\":\"BreadcrumbList\",\"@id\":\"https:\\\/\\\/www.hausmanngalenica.com\\\/pt-pt\\\/producto\\\/helioferol\\\/#breadcrumb\",\"itemListElement\":[{\"@type\":\"ListItem\",\"position\":1,\"name\":\"Inicio\",\"item\":\"https:\\\/\\\/www.hausmanngalenica.com\\\/pt-pt\\\/\"},{\"@type\":\"ListItem\",\"position\":2,\"name\":\"Shop\",\"item\":\"https:\\\/\\\/www.hausmanngalenica.com\\\/pt-pt\\\/shop\\\/\"},{\"@type\":\"ListItem\",\"position\":3,\"name\":\"Helioferol\"}]},{\"@type\":\"WebSite\",\"@id\":\"https:\\\/\\\/www.hausmanngalenica.com\\\/pt-pt\\\/#website\",\"url\":\"https:\\\/\\\/www.hausmanngalenica.com\\\/pt-pt\\\/\",\"name\":\"Hausmann Gal\u00e9nica\",\"description\":\"Productos nutricionales de alta calidad\",\"publisher\":{\"@id\":\"https:\\\/\\\/www.hausmanngalenica.com\\\/pt-pt\\\/#organization\"},\"potentialAction\":[{\"@type\":\"SearchAction\",\"target\":{\"@type\":\"EntryPoint\",\"urlTemplate\":\"https:\\\/\\\/www.hausmanngalenica.com\\\/pt-pt\\\/?s={search_term_string}\"},\"query-input\":{\"@type\":\"PropertyValueSpecification\",\"valueRequired\":true,\"valueName\":\"search_term_string\"}}],\"inLanguage\":\"pt-PT\"},{\"@type\":\"Organization\",\"@id\":\"https:\\\/\\\/www.hausmanngalenica.com\\\/pt-pt\\\/#organization\",\"name\":\"Hausmann Gal\u00e9nica\",\"url\":\"https:\\\/\\\/www.hausmanngalenica.com\\\/pt-pt\\\/\",\"logo\":{\"@type\":\"ImageObject\",\"inLanguage\":\"pt-PT\",\"@id\":\"https:\\\/\\\/www.hausmanngalenica.com\\\/pt-pt\\\/#\\\/schema\\\/logo\\\/image\\\/\",\"url\":\"https:\\\/\\\/www.hausmanngalenica.com\\\/wp-content\\\/uploads\\\/Logo-Hausmann.jpg\",\"contentUrl\":\"https:\\\/\\\/www.hausmanngalenica.com\\\/wp-content\\\/uploads\\\/Logo-Hausmann.jpg\",\"width\":400,\"height\":70,\"caption\":\"Hausmann Gal\u00e9nica\"},\"image\":{\"@id\":\"https:\\\/\\\/www.hausmanngalenica.com\\\/pt-pt\\\/#\\\/schema\\\/logo\\\/image\\\/\"}}]}<\/script>\n<!-- \/ Yoast SEO plugin. -->","yoast_head_json":{"title":"Helioferol &#8226; Hausmann Gal\u00e9nica","robots":{"index":"index","follow":"follow","max-snippet":"max-snippet:-1","max-image-preview":"max-image-preview:large","max-video-preview":"max-video-preview:-1"},"canonical":"https:\/\/www.hausmanngalenica.com\/pt-pt\/producto\/helioferol\/","og_locale":"pt_PT","og_type":"article","og_title":"Helioferol &#8226; Hausmann Gal\u00e9nica","og_description":"Suplemento alimentar \u00e0 base de vitamina D3 em azeite virgem extra, para quem procura vitamina D de alta qualidade.","og_url":"https:\/\/www.hausmanngalenica.com\/pt-pt\/producto\/helioferol\/","og_site_name":"Hausmann Gal\u00e9nica","article_modified_time":"2026-01-17T14:02:11+00:00","og_image":[{"width":768,"height":640,"url":"https:\/\/www.hausmanngalenica.com\/wp-content\/uploads\/helioferol-gotas-25-ml-hausmann_1-4.jpg","type":"image\/jpeg"}],"twitter_card":"summary_large_image","twitter_misc":{"Tempo estimado de leitura":"2 minutos"},"schema":{"@context":"https:\/\/schema.org","@graph":[{"@type":"WebPage","@id":"https:\/\/www.hausmanngalenica.com\/pt-pt\/producto\/helioferol\/","url":"https:\/\/www.hausmanngalenica.com\/pt-pt\/producto\/helioferol\/","name":"Helioferol &#8226; Hausmann Gal\u00e9nica","isPartOf":{"@id":"https:\/\/www.hausmanngalenica.com\/pt-pt\/#website"},"primaryImageOfPage":{"@id":"https:\/\/www.hausmanngalenica.com\/pt-pt\/producto\/helioferol\/#primaryimage"},"image":{"@id":"https:\/\/www.hausmanngalenica.com\/pt-pt\/producto\/helioferol\/#primaryimage"},"thumbnailUrl":"https:\/\/www.hausmanngalenica.com\/wp-content\/uploads\/helioferol-gotas-25-ml-hausmann_1-5.jpg","datePublished":"2024-06-19T10:10:52+00:00","dateModified":"2026-01-17T14:02:11+00:00","breadcrumb":{"@id":"https:\/\/www.hausmanngalenica.com\/pt-pt\/producto\/helioferol\/#breadcrumb"},"inLanguage":"pt-PT","potentialAction":[{"@type":"ReadAction","target":["https:\/\/www.hausmanngalenica.com\/pt-pt\/producto\/helioferol\/"]}]},{"@type":"ImageObject","inLanguage":"pt-PT","@id":"https:\/\/www.hausmanngalenica.com\/pt-pt\/producto\/helioferol\/#primaryimage","url":"https:\/\/www.hausmanngalenica.com\/wp-content\/uploads\/helioferol-gotas-25-ml-hausmann_1-5.jpg","contentUrl":"https:\/\/www.hausmanngalenica.com\/wp-content\/uploads\/helioferol-gotas-25-ml-hausmann_1-5.jpg","width":768,"height":640},{"@type":"BreadcrumbList","@id":"https:\/\/www.hausmanngalenica.com\/pt-pt\/producto\/helioferol\/#breadcrumb","itemListElement":[{"@type":"ListItem","position":1,"name":"Inicio","item":"https:\/\/www.hausmanngalenica.com\/pt-pt\/"},{"@type":"ListItem","position":2,"name":"Shop","item":"https:\/\/www.hausmanngalenica.com\/pt-pt\/shop\/"},{"@type":"ListItem","position":3,"name":"Helioferol"}]},{"@type":"WebSite","@id":"https:\/\/www.hausmanngalenica.com\/pt-pt\/#website","url":"https:\/\/www.hausmanngalenica.com\/pt-pt\/","name":"Hausmann Gal\u00e9nica","description":"Productos nutricionales de alta calidad","publisher":{"@id":"https:\/\/www.hausmanngalenica.com\/pt-pt\/#organization"},"potentialAction":[{"@type":"SearchAction","target":{"@type":"EntryPoint","urlTemplate":"https:\/\/www.hausmanngalenica.com\/pt-pt\/?s={search_term_string}"},"query-input":{"@type":"PropertyValueSpecification","valueRequired":true,"valueName":"search_term_string"}}],"inLanguage":"pt-PT"},{"@type":"Organization","@id":"https:\/\/www.hausmanngalenica.com\/pt-pt\/#organization","name":"Hausmann Gal\u00e9nica","url":"https:\/\/www.hausmanngalenica.com\/pt-pt\/","logo":{"@type":"ImageObject","inLanguage":"pt-PT","@id":"https:\/\/www.hausmanngalenica.com\/pt-pt\/#\/schema\/logo\/image\/","url":"https:\/\/www.hausmanngalenica.com\/wp-content\/uploads\/Logo-Hausmann.jpg","contentUrl":"https:\/\/www.hausmanngalenica.com\/wp-content\/uploads\/Logo-Hausmann.jpg","width":400,"height":70,"caption":"Hausmann Gal\u00e9nica"},"image":{"@id":"https:\/\/www.hausmanngalenica.com\/pt-pt\/#\/schema\/logo\/image\/"}}]}},"_links":{"self":[{"href":"https:\/\/www.hausmanngalenica.com\/pt-pt\/wp-json\/wp\/v2\/product\/3339","targetHints":{"allow":["GET"]}}],"collection":[{"href":"https:\/\/www.hausmanngalenica.com\/pt-pt\/wp-json\/wp\/v2\/product"}],"about":[{"href":"https:\/\/www.hausmanngalenica.com\/pt-pt\/wp-json\/wp\/v2\/types\/product"}],"replies":[{"embeddable":true,"href":"https:\/\/www.hausmanngalenica.com\/pt-pt\/wp-json\/wp\/v2\/comments?post=3339"}],"wp:featuredmedia":[{"embeddable":true,"href":"https:\/\/www.hausmanngalenica.com\/pt-pt\/wp-json\/wp\/v2\/media\/7218"}],"wp:attachment":[{"href":"https:\/\/www.hausmanngalenica.com\/pt-pt\/wp-json\/wp\/v2\/media?parent=3339"}],"wp:term":[{"taxonomy":"product_brand","embeddable":true,"href":"https:\/\/www.hausmanngalenica.com\/pt-pt\/wp-json\/wp\/v2\/product_brand?post=3339"},{"taxonomy":"product_cat","embeddable":true,"href":"https:\/\/www.hausmanngalenica.com\/pt-pt\/wp-json\/wp\/v2\/product_cat?post=3339"},{"taxonomy":"product_tag","embeddable":true,"href":"https:\/\/www.hausmanngalenica.com\/pt-pt\/wp-json\/wp\/v2\/product_tag?post=3339"}],"curies":[{"name":"wp","href":"https:\/\/api.w.org\/{rel}","templated":true}]}}