{"id":3354,"date":"2024-06-19T11:10:52","date_gmt":"2024-06-19T10:10:52","guid":{"rendered":"https:\/\/www.hausmanngalenica.com\/producto\/paneural-sp7\/"},"modified":"2026-01-17T17:51:46","modified_gmt":"2026-01-17T16:51:46","slug":"paneural-sp7","status":"publish","type":"product","link":"https:\/\/www.hausmanngalenica.com\/pt-pt\/producto\/paneural-sp7\/","title":{"rendered":"Paneural SP7"},"content":{"rendered":"<h4 class=\"color_99\">Advert\u00eancias<\/h4>\n<p>Recomenda-se n\u00e3o superar a dose di\u00e1ria recomendada. N\u00e3o substitui uma alimenta\u00e7\u00e3o variada e equilibrada e um modo de vida saud\u00e1vel. Conservar em lugar fresco e seco.<\/p>\n<p>Manter fora do alcance das crian\u00e7as mais pequenas. Consulte o seu m\u00e9dico ou farmac\u00eautico no caso de tomar anticoagulantes.<\/p>\n<h4 class=\"color_99\">Modo de utiliza\u00e7\u00e3o<\/h4>\n<p>Recomenda-se tomar uma a duas c\u00e1psulas por dia.<\/p>\n<h4 class=\"color_99\">Forma de apresenta\u00e7\u00e3o<\/h4>\n<p>Frasco com 50 c\u00e1psulas de 862 mg.<\/p>\n<h4 class=\"color_99\">Bibliografia<\/h4>\n<p class=\"bibli\">1.- Alasalvar, C., &amp; Bolling, B. W. (2015). Review of nut phytochemicals, fat- soluble bioac-tives, antioxidant components and health effects. Br J Nutr, 113 Suppl 2, S68-78.<\/p>\n<p class=\"bibli\">2.- Balkrishna, A., Sakat, S. S., Joshi, K., Sharma, V., Ranjan, R., Bhattacharya, K., &amp; Varsh-ney, A. (2019). Cytokines Driven Anti-Inflammatory and Anti-Psoriasis Like Efficacies of Nutraceutical Sea Buckthorn (Hippophae rhamnoides) Oil Front Pharmacol, 10, 1186.<\/p>\n<p class=\"bibli\">3.- Bouras, K., Kopsidas, K., Bariotakis, M., Kitsiou, P., Kapodistria, K., Agrogiannis, G., . . . Perrea, D. (2017). Effects of Dietary Supplementation with Sea Buckthorn (Hippophae rhamnoides L.) Seed Oil on an Experimental Model of Hypertensive Retinopathy in Wistar Rats. Biomed Hub, 2(1), 1-12.<\/p>\n<p class=\"bibli\">4.- Dulf, F. V. (2012). Fatty acids in berry lipids of six sea buckthorn (Hippophae rhamnoides L. subspecies carpatica) cultivars grown in Romania. Chem Cent J, 6(1), 106.<\/p>\n<p class=\"bibli\">5.- Guo, R., Guo, X., Li, T., Fu, X., &amp; Liu, R. H. (2017). Comparative assessment of phytochem-ical profiles, antioxidant and antiproliferative activities of Sea buckthorn (Hippopha\u00eb rham-noides L.) berries. Food Chem, 221, 997-1003.<\/p>\n<p class=\"bibli\">6.- Jiang, F., Guan, H., Liu, D., Wu, X., Fan, M., &amp; Han, J. (2017). Flavonoids from sea buck-thorn inhibit the lipopolysaccharide-induced inflammatory response in RAW264.7 macro-phages through the MAPK and NF-kB pathways. Food Funct, 8(3), 1313-1322<\/p>\n<p class=\"bibli\">7.- Koyama, T., Taka, A., &amp; Togashi, H. (2009). Effects of a herbal medicine, Hippophae rhamnoides, on cardiovascular functions and coronary microvessels in the spontaneously hypertensive stroke-prone rat. Clin Hemorheol Microcirc, 41(1), 17-26.<\/p>\n<p class=\"bibli\">8.- Olas, B. (2018). The beneficial health aspects of sea buckthorn (Elaeagnus rhamnoides (L.) A.Nelson) oil. J Ethnopharmacol, 213, 183-190.<\/p>\n","protected":false},"excerpt":{"rendered":"<p>\u00d3leo de espinheiro amarelo biol\u00f3gico e certificado<\/p>\n","protected":false},"featured_media":7275,"comment_status":"closed","ping_status":"closed","template":"","meta":{"_acf_changed":false},"product_brand":[],"product_cat":[74],"product_tag":[153,165,169,171],"class_list":{"0":"post-3354","1":"product","2":"type-product","3":"status-publish","4":"has-post-thumbnail","6":"product_cat-labmar-pt","7":"product_tag-cabelo-e-unhas","8":"product_tag-omega-3-pt-pt","9":"product_tag-pele","10":"product_tag-saude-feminina","12":"first","13":"instock","14":"sale","15":"purchasable","16":"product-type-simple"},"acf":[],"yoast_head":"<!-- This site is optimized with the Yoast SEO plugin v27.5 - https:\/\/yoast.com\/product\/yoast-seo-wordpress\/ -->\n<title>Paneural SP7 &#8226; Hausmann Gal\u00e9nica<\/title>\n<meta name=\"robots\" content=\"index, follow, max-snippet:-1, max-image-preview:large, max-video-preview:-1\" \/>\n<link rel=\"canonical\" href=\"https:\/\/www.hausmanngalenica.com\/pt-pt\/producto\/paneural-sp7\/\" \/>\n<meta property=\"og:locale\" content=\"pt_PT\" \/>\n<meta property=\"og:type\" content=\"article\" \/>\n<meta property=\"og:title\" content=\"Paneural SP7 &#8226; Hausmann Gal\u00e9nica\" \/>\n<meta property=\"og:description\" content=\"\u00d3leo de espinheiro amarelo biol\u00f3gico e certificado\" \/>\n<meta property=\"og:url\" content=\"https:\/\/www.hausmanngalenica.com\/pt-pt\/producto\/paneural-sp7\/\" \/>\n<meta property=\"og:site_name\" content=\"Hausmann Gal\u00e9nica\" \/>\n<meta property=\"article:modified_time\" content=\"2026-01-17T16:51:46+00:00\" \/>\n<meta property=\"og:image\" content=\"https:\/\/www.hausmanngalenica.com\/wp-content\/uploads\/paneural-sp7-2-1.jpg\" \/>\n\t<meta property=\"og:image:width\" content=\"1000\" \/>\n\t<meta property=\"og:image:height\" content=\"833\" \/>\n\t<meta property=\"og:image:type\" content=\"image\/jpeg\" \/>\n<meta name=\"twitter:card\" content=\"summary_large_image\" \/>\n<meta name=\"twitter:label1\" content=\"Tempo estimado de leitura\" \/>\n\t<meta name=\"twitter:data1\" content=\"2 minutos\" \/>\n<script type=\"application\/ld+json\" class=\"yoast-schema-graph\">{\"@context\":\"https:\\\/\\\/schema.org\",\"@graph\":[{\"@type\":\"WebPage\",\"@id\":\"https:\\\/\\\/www.hausmanngalenica.com\\\/pt-pt\\\/producto\\\/paneural-sp7\\\/\",\"url\":\"https:\\\/\\\/www.hausmanngalenica.com\\\/pt-pt\\\/producto\\\/paneural-sp7\\\/\",\"name\":\"Paneural SP7 &#8226; Hausmann Gal\u00e9nica\",\"isPartOf\":{\"@id\":\"https:\\\/\\\/www.hausmanngalenica.com\\\/pt-pt\\\/#website\"},\"primaryImageOfPage\":{\"@id\":\"https:\\\/\\\/www.hausmanngalenica.com\\\/pt-pt\\\/producto\\\/paneural-sp7\\\/#primaryimage\"},\"image\":{\"@id\":\"https:\\\/\\\/www.hausmanngalenica.com\\\/pt-pt\\\/producto\\\/paneural-sp7\\\/#primaryimage\"},\"thumbnailUrl\":\"https:\\\/\\\/www.hausmanngalenica.com\\\/wp-content\\\/uploads\\\/paneural-sp7-50-caps-labmar_1-4.jpg\",\"datePublished\":\"2024-06-19T10:10:52+00:00\",\"dateModified\":\"2026-01-17T16:51:46+00:00\",\"breadcrumb\":{\"@id\":\"https:\\\/\\\/www.hausmanngalenica.com\\\/pt-pt\\\/producto\\\/paneural-sp7\\\/#breadcrumb\"},\"inLanguage\":\"pt-PT\",\"potentialAction\":[{\"@type\":\"ReadAction\",\"target\":[\"https:\\\/\\\/www.hausmanngalenica.com\\\/pt-pt\\\/producto\\\/paneural-sp7\\\/\"]}]},{\"@type\":\"ImageObject\",\"inLanguage\":\"pt-PT\",\"@id\":\"https:\\\/\\\/www.hausmanngalenica.com\\\/pt-pt\\\/producto\\\/paneural-sp7\\\/#primaryimage\",\"url\":\"https:\\\/\\\/www.hausmanngalenica.com\\\/wp-content\\\/uploads\\\/paneural-sp7-50-caps-labmar_1-4.jpg\",\"contentUrl\":\"https:\\\/\\\/www.hausmanngalenica.com\\\/wp-content\\\/uploads\\\/paneural-sp7-50-caps-labmar_1-4.jpg\",\"width\":1000,\"height\":833},{\"@type\":\"BreadcrumbList\",\"@id\":\"https:\\\/\\\/www.hausmanngalenica.com\\\/pt-pt\\\/producto\\\/paneural-sp7\\\/#breadcrumb\",\"itemListElement\":[{\"@type\":\"ListItem\",\"position\":1,\"name\":\"Inicio\",\"item\":\"https:\\\/\\\/www.hausmanngalenica.com\\\/pt-pt\\\/\"},{\"@type\":\"ListItem\",\"position\":2,\"name\":\"Shop\",\"item\":\"https:\\\/\\\/www.hausmanngalenica.com\\\/pt-pt\\\/shop\\\/\"},{\"@type\":\"ListItem\",\"position\":3,\"name\":\"Paneural SP7\"}]},{\"@type\":\"WebSite\",\"@id\":\"https:\\\/\\\/www.hausmanngalenica.com\\\/pt-pt\\\/#website\",\"url\":\"https:\\\/\\\/www.hausmanngalenica.com\\\/pt-pt\\\/\",\"name\":\"Hausmann Gal\u00e9nica\",\"description\":\"Productos nutricionales de alta calidad\",\"publisher\":{\"@id\":\"https:\\\/\\\/www.hausmanngalenica.com\\\/pt-pt\\\/#organization\"},\"potentialAction\":[{\"@type\":\"SearchAction\",\"target\":{\"@type\":\"EntryPoint\",\"urlTemplate\":\"https:\\\/\\\/www.hausmanngalenica.com\\\/pt-pt\\\/?s={search_term_string}\"},\"query-input\":{\"@type\":\"PropertyValueSpecification\",\"valueRequired\":true,\"valueName\":\"search_term_string\"}}],\"inLanguage\":\"pt-PT\"},{\"@type\":\"Organization\",\"@id\":\"https:\\\/\\\/www.hausmanngalenica.com\\\/pt-pt\\\/#organization\",\"name\":\"Hausmann Gal\u00e9nica\",\"url\":\"https:\\\/\\\/www.hausmanngalenica.com\\\/pt-pt\\\/\",\"logo\":{\"@type\":\"ImageObject\",\"inLanguage\":\"pt-PT\",\"@id\":\"https:\\\/\\\/www.hausmanngalenica.com\\\/pt-pt\\\/#\\\/schema\\\/logo\\\/image\\\/\",\"url\":\"https:\\\/\\\/www.hausmanngalenica.com\\\/wp-content\\\/uploads\\\/Logo-Hausmann.jpg\",\"contentUrl\":\"https:\\\/\\\/www.hausmanngalenica.com\\\/wp-content\\\/uploads\\\/Logo-Hausmann.jpg\",\"width\":400,\"height\":70,\"caption\":\"Hausmann Gal\u00e9nica\"},\"image\":{\"@id\":\"https:\\\/\\\/www.hausmanngalenica.com\\\/pt-pt\\\/#\\\/schema\\\/logo\\\/image\\\/\"}}]}<\/script>\n<!-- \/ Yoast SEO plugin. -->","yoast_head_json":{"title":"Paneural SP7 &#8226; Hausmann Gal\u00e9nica","robots":{"index":"index","follow":"follow","max-snippet":"max-snippet:-1","max-image-preview":"max-image-preview:large","max-video-preview":"max-video-preview:-1"},"canonical":"https:\/\/www.hausmanngalenica.com\/pt-pt\/producto\/paneural-sp7\/","og_locale":"pt_PT","og_type":"article","og_title":"Paneural SP7 &#8226; Hausmann Gal\u00e9nica","og_description":"\u00d3leo de espinheiro amarelo biol\u00f3gico e certificado","og_url":"https:\/\/www.hausmanngalenica.com\/pt-pt\/producto\/paneural-sp7\/","og_site_name":"Hausmann Gal\u00e9nica","article_modified_time":"2026-01-17T16:51:46+00:00","og_image":[{"width":1000,"height":833,"url":"https:\/\/www.hausmanngalenica.com\/wp-content\/uploads\/paneural-sp7-2-1.jpg","type":"image\/jpeg"}],"twitter_card":"summary_large_image","twitter_misc":{"Tempo estimado de leitura":"2 minutos"},"schema":{"@context":"https:\/\/schema.org","@graph":[{"@type":"WebPage","@id":"https:\/\/www.hausmanngalenica.com\/pt-pt\/producto\/paneural-sp7\/","url":"https:\/\/www.hausmanngalenica.com\/pt-pt\/producto\/paneural-sp7\/","name":"Paneural SP7 &#8226; Hausmann Gal\u00e9nica","isPartOf":{"@id":"https:\/\/www.hausmanngalenica.com\/pt-pt\/#website"},"primaryImageOfPage":{"@id":"https:\/\/www.hausmanngalenica.com\/pt-pt\/producto\/paneural-sp7\/#primaryimage"},"image":{"@id":"https:\/\/www.hausmanngalenica.com\/pt-pt\/producto\/paneural-sp7\/#primaryimage"},"thumbnailUrl":"https:\/\/www.hausmanngalenica.com\/wp-content\/uploads\/paneural-sp7-50-caps-labmar_1-4.jpg","datePublished":"2024-06-19T10:10:52+00:00","dateModified":"2026-01-17T16:51:46+00:00","breadcrumb":{"@id":"https:\/\/www.hausmanngalenica.com\/pt-pt\/producto\/paneural-sp7\/#breadcrumb"},"inLanguage":"pt-PT","potentialAction":[{"@type":"ReadAction","target":["https:\/\/www.hausmanngalenica.com\/pt-pt\/producto\/paneural-sp7\/"]}]},{"@type":"ImageObject","inLanguage":"pt-PT","@id":"https:\/\/www.hausmanngalenica.com\/pt-pt\/producto\/paneural-sp7\/#primaryimage","url":"https:\/\/www.hausmanngalenica.com\/wp-content\/uploads\/paneural-sp7-50-caps-labmar_1-4.jpg","contentUrl":"https:\/\/www.hausmanngalenica.com\/wp-content\/uploads\/paneural-sp7-50-caps-labmar_1-4.jpg","width":1000,"height":833},{"@type":"BreadcrumbList","@id":"https:\/\/www.hausmanngalenica.com\/pt-pt\/producto\/paneural-sp7\/#breadcrumb","itemListElement":[{"@type":"ListItem","position":1,"name":"Inicio","item":"https:\/\/www.hausmanngalenica.com\/pt-pt\/"},{"@type":"ListItem","position":2,"name":"Shop","item":"https:\/\/www.hausmanngalenica.com\/pt-pt\/shop\/"},{"@type":"ListItem","position":3,"name":"Paneural SP7"}]},{"@type":"WebSite","@id":"https:\/\/www.hausmanngalenica.com\/pt-pt\/#website","url":"https:\/\/www.hausmanngalenica.com\/pt-pt\/","name":"Hausmann Gal\u00e9nica","description":"Productos nutricionales de alta calidad","publisher":{"@id":"https:\/\/www.hausmanngalenica.com\/pt-pt\/#organization"},"potentialAction":[{"@type":"SearchAction","target":{"@type":"EntryPoint","urlTemplate":"https:\/\/www.hausmanngalenica.com\/pt-pt\/?s={search_term_string}"},"query-input":{"@type":"PropertyValueSpecification","valueRequired":true,"valueName":"search_term_string"}}],"inLanguage":"pt-PT"},{"@type":"Organization","@id":"https:\/\/www.hausmanngalenica.com\/pt-pt\/#organization","name":"Hausmann Gal\u00e9nica","url":"https:\/\/www.hausmanngalenica.com\/pt-pt\/","logo":{"@type":"ImageObject","inLanguage":"pt-PT","@id":"https:\/\/www.hausmanngalenica.com\/pt-pt\/#\/schema\/logo\/image\/","url":"https:\/\/www.hausmanngalenica.com\/wp-content\/uploads\/Logo-Hausmann.jpg","contentUrl":"https:\/\/www.hausmanngalenica.com\/wp-content\/uploads\/Logo-Hausmann.jpg","width":400,"height":70,"caption":"Hausmann Gal\u00e9nica"},"image":{"@id":"https:\/\/www.hausmanngalenica.com\/pt-pt\/#\/schema\/logo\/image\/"}}]}},"_links":{"self":[{"href":"https:\/\/www.hausmanngalenica.com\/pt-pt\/wp-json\/wp\/v2\/product\/3354","targetHints":{"allow":["GET"]}}],"collection":[{"href":"https:\/\/www.hausmanngalenica.com\/pt-pt\/wp-json\/wp\/v2\/product"}],"about":[{"href":"https:\/\/www.hausmanngalenica.com\/pt-pt\/wp-json\/wp\/v2\/types\/product"}],"replies":[{"embeddable":true,"href":"https:\/\/www.hausmanngalenica.com\/pt-pt\/wp-json\/wp\/v2\/comments?post=3354"}],"wp:featuredmedia":[{"embeddable":true,"href":"https:\/\/www.hausmanngalenica.com\/pt-pt\/wp-json\/wp\/v2\/media\/7275"}],"wp:attachment":[{"href":"https:\/\/www.hausmanngalenica.com\/pt-pt\/wp-json\/wp\/v2\/media?parent=3354"}],"wp:term":[{"taxonomy":"product_brand","embeddable":true,"href":"https:\/\/www.hausmanngalenica.com\/pt-pt\/wp-json\/wp\/v2\/product_brand?post=3354"},{"taxonomy":"product_cat","embeddable":true,"href":"https:\/\/www.hausmanngalenica.com\/pt-pt\/wp-json\/wp\/v2\/product_cat?post=3354"},{"taxonomy":"product_tag","embeddable":true,"href":"https:\/\/www.hausmanngalenica.com\/pt-pt\/wp-json\/wp\/v2\/product_tag?post=3354"}],"curies":[{"name":"wp","href":"https:\/\/api.w.org\/{rel}","templated":true}]}}