{"id":3359,"date":"2024-06-19T11:11:11","date_gmt":"2024-06-19T10:11:11","guid":{"rendered":"https:\/\/www.hausmanngalenica.com\/producto\/plantagen-dyplac-neo\/"},"modified":"2026-01-17T17:15:29","modified_gmt":"2026-01-17T16:15:29","slug":"plantagen-dyplac-neo","status":"publish","type":"product","link":"https:\/\/www.hausmanngalenica.com\/pt-pt\/producto\/plantagen-dyplac-neo\/","title":{"rendered":"Plantagen Dyplac Neo"},"content":{"rendered":"<h4><span id=\"page22R_mcid7\" class=\"markedContent\"><span dir=\"ltr\" role=\"presentation\">Caracter\u00edsti<\/span><span dir=\"ltr\" role=\"presentation\">cas t\u00e9cnicas<\/span><\/span><\/h4>\n<p><span id=\"page22R_mcid8\" class=\"markedContent\"><span dir=\"ltr\" role=\"presentation\">Produto sem GMO, BSE e TSE.<\/span><\/span><span id=\"page22R_mcid9\" class=\"markedContent\"><br role=\"presentation\" \/><span dir=\"ltr\" role=\"presentation\">N\u00e3o cont\u00e9m cereais que com gl\u00faten ou os seus derivados, leite ou os seus derivados (inclu\u00edndo lactose), <\/span><span dir=\"ltr\" role=\"presentation\">ovo, peixe, crust\u00e1ceos, moluscos ou os seus derivados, amendoins, soja, frutos de casca (am\u00eandoas, <\/span><span dir=\"ltr\" role=\"presentation\">avel\u00e3s, nozes, caju, pec\u00e3s, castanha-do-brasil, nozes de macadamia), di\u00f3xido de enxofre e sul<\/span><span class=\"markedContent\"><span dir=\"ltr\" role=\"presentation\">fi<\/span><\/span><span dir=\"ltr\" role=\"presentation\">tos em <\/span><span dir=\"ltr\" role=\"presentation\">concentra\u00e7\u00f5es superiores a 10mg\/kg ou 10 mg\/litro de SO<\/span><span dir=\"ltr\" role=\"presentation\">2<\/span> <span dir=\"ltr\" role=\"presentation\">total.<\/span><\/span><span id=\"page22R_mcid10\" class=\"markedContent\"><br role=\"presentation\" \/><\/span><\/p>\n<p><span id=\"page22R_mcid10\" class=\"markedContent\"><span dir=\"ltr\" role=\"presentation\">Metais pesados: de acordo com o Regulamento CE 629\/2008, que estabelece o teor m\u00e1ximo de alguns <\/span><span dir=\"ltr\" role=\"presentation\">contaminantes em produtos alimen<\/span><span class=\"markedContent\"><span dir=\"ltr\" role=\"presentation\">c<\/span><\/span><span dir=\"ltr\" role=\"presentation\">cios. Esses controlos s\u00e3o exigidos dos nossos fornecedores de <\/span><span dir=\"ltr\" role=\"presentation\">mat\u00e9ria-prima por lote fabricado.<\/span><\/span><span id=\"page22R_mcid11\" class=\"markedContent\"><br role=\"presentation\" \/><\/span><\/p>\n<h4><span id=\"page22R_mcid11\" class=\"markedContent\"><span dir=\"ltr\" role=\"presentation\">Advert\u00eancias<\/span><\/span><\/h4>\n<p><span id=\"page22R_mcid12\" class=\"markedContent\"><span dir=\"ltr\" role=\"presentation\">Os suplementos alimentares n\u00e3o devem ser u<\/span><span class=\"markedContent\"><span dir=\"ltr\" role=\"presentation\">I<\/span><\/span><span dir=\"ltr\" role=\"presentation\">lizados como substi<\/span><span dir=\"ltr\" role=\"presentation\">tutos de um regime alimentar variado <\/span><span dir=\"ltr\" role=\"presentation\">e equilibrado e de um esti<\/span><span dir=\"ltr\" role=\"presentation\">lo de vida saud\u00e1vel. N\u00e3o deve ser consumido por mulheres gr\u00e1vidas ou <\/span><span dir=\"ltr\" role=\"presentation\">lactantes, crian\u00e7as ou adolescentes com menos de 18 anos ou adultos com mais de 70 anos. N\u00e3o deve<\/span><br role=\"presentation\" \/><span dir=\"ltr\" role=\"presentation\">ser tomado em conjunto com medicamentos para baixar o colesterol.<\/span><\/span><\/p>\n<h4><span id=\"page22R_mcid13\" class=\"markedContent\"><span dir=\"ltr\" role=\"presentation\">Apresenta\u00e7\u00e3o<\/span><\/span><\/h4>\n<p><span id=\"page22R_mcid14\" class=\"markedContent\"><span dir=\"ltr\" role=\"presentation\">Frasco com 30 c\u00e1psulas.<\/span><\/span><\/p>\n","protected":false},"excerpt":{"rendered":"<p>Levedura de Arroz Vermelho com Berberina e vitamina C.<\/p>\n","protected":false},"featured_media":7291,"comment_status":"closed","ping_status":"closed","template":"","meta":{"_acf_changed":false},"product_brand":[],"product_cat":[72],"product_tag":[152,154,177,160,157,171],"class_list":{"0":"post-3359","1":"product","2":"type-product","3":"status-publish","4":"has-post-thumbnail","6":"product_cat-botania-pt","7":"product_tag-antienvelhecimento-e-desintoxicacao","8":"product_tag-cardiovascular-pt-pt","9":"product_tag-colesterol-e-metabolismo","10":"product_tag-figado-e-metabolismo","11":"product_tag-formulas-com-plantas","12":"product_tag-saude-feminina","14":"first","15":"instock","16":"purchasable","17":"product-type-simple"},"acf":[],"yoast_head":"<!-- This site is optimized with the Yoast SEO plugin v27.5 - https:\/\/yoast.com\/product\/yoast-seo-wordpress\/ -->\n<title>Plantagen Dyplac Neo &#8226; Hausmann Gal\u00e9nica<\/title>\n<meta name=\"robots\" content=\"index, follow, max-snippet:-1, max-image-preview:large, max-video-preview:-1\" \/>\n<link rel=\"canonical\" href=\"https:\/\/www.hausmanngalenica.com\/pt-pt\/producto\/plantagen-dyplac-neo\/\" \/>\n<meta property=\"og:locale\" content=\"pt_PT\" \/>\n<meta property=\"og:type\" content=\"article\" \/>\n<meta property=\"og:title\" content=\"Plantagen Dyplac Neo &#8226; Hausmann Gal\u00e9nica\" \/>\n<meta property=\"og:description\" content=\"Levedura de Arroz Vermelho com Berberina e vitamina C.\" \/>\n<meta property=\"og:url\" content=\"https:\/\/www.hausmanngalenica.com\/pt-pt\/producto\/plantagen-dyplac-neo\/\" \/>\n<meta property=\"og:site_name\" content=\"Hausmann Gal\u00e9nica\" \/>\n<meta property=\"article:modified_time\" content=\"2026-01-17T16:15:29+00:00\" \/>\n<meta property=\"og:image\" content=\"https:\/\/www.hausmanngalenica.com\/wp-content\/uploads\/Plantagen-Dyplac-neo-1-1-1-1.jpg\" \/>\n\t<meta property=\"og:image:width\" content=\"1000\" \/>\n\t<meta property=\"og:image:height\" content=\"833\" \/>\n\t<meta property=\"og:image:type\" content=\"image\/jpeg\" \/>\n<meta name=\"twitter:card\" content=\"summary_large_image\" \/>\n<meta name=\"twitter:label1\" content=\"Tempo estimado de leitura\" \/>\n\t<meta name=\"twitter:data1\" content=\"1 minuto\" \/>\n<script type=\"application\/ld+json\" class=\"yoast-schema-graph\">{\"@context\":\"https:\\\/\\\/schema.org\",\"@graph\":[{\"@type\":\"WebPage\",\"@id\":\"https:\\\/\\\/www.hausmanngalenica.com\\\/pt-pt\\\/producto\\\/plantagen-dyplac-neo\\\/\",\"url\":\"https:\\\/\\\/www.hausmanngalenica.com\\\/pt-pt\\\/producto\\\/plantagen-dyplac-neo\\\/\",\"name\":\"Plantagen Dyplac Neo &#8226; Hausmann Gal\u00e9nica\",\"isPartOf\":{\"@id\":\"https:\\\/\\\/www.hausmanngalenica.com\\\/pt-pt\\\/#website\"},\"primaryImageOfPage\":{\"@id\":\"https:\\\/\\\/www.hausmanngalenica.com\\\/pt-pt\\\/producto\\\/plantagen-dyplac-neo\\\/#primaryimage\"},\"image\":{\"@id\":\"https:\\\/\\\/www.hausmanngalenica.com\\\/pt-pt\\\/producto\\\/plantagen-dyplac-neo\\\/#primaryimage\"},\"thumbnailUrl\":\"https:\\\/\\\/www.hausmanngalenica.com\\\/wp-content\\\/uploads\\\/plantagen-dyplac-neo-30-capsulas-botania_1-5.jpg\",\"datePublished\":\"2024-06-19T10:11:11+00:00\",\"dateModified\":\"2026-01-17T16:15:29+00:00\",\"breadcrumb\":{\"@id\":\"https:\\\/\\\/www.hausmanngalenica.com\\\/pt-pt\\\/producto\\\/plantagen-dyplac-neo\\\/#breadcrumb\"},\"inLanguage\":\"pt-PT\",\"potentialAction\":[{\"@type\":\"ReadAction\",\"target\":[\"https:\\\/\\\/www.hausmanngalenica.com\\\/pt-pt\\\/producto\\\/plantagen-dyplac-neo\\\/\"]}]},{\"@type\":\"ImageObject\",\"inLanguage\":\"pt-PT\",\"@id\":\"https:\\\/\\\/www.hausmanngalenica.com\\\/pt-pt\\\/producto\\\/plantagen-dyplac-neo\\\/#primaryimage\",\"url\":\"https:\\\/\\\/www.hausmanngalenica.com\\\/wp-content\\\/uploads\\\/plantagen-dyplac-neo-30-capsulas-botania_1-5.jpg\",\"contentUrl\":\"https:\\\/\\\/www.hausmanngalenica.com\\\/wp-content\\\/uploads\\\/plantagen-dyplac-neo-30-capsulas-botania_1-5.jpg\",\"width\":540,\"height\":450},{\"@type\":\"BreadcrumbList\",\"@id\":\"https:\\\/\\\/www.hausmanngalenica.com\\\/pt-pt\\\/producto\\\/plantagen-dyplac-neo\\\/#breadcrumb\",\"itemListElement\":[{\"@type\":\"ListItem\",\"position\":1,\"name\":\"Inicio\",\"item\":\"https:\\\/\\\/www.hausmanngalenica.com\\\/pt-pt\\\/\"},{\"@type\":\"ListItem\",\"position\":2,\"name\":\"Shop\",\"item\":\"https:\\\/\\\/www.hausmanngalenica.com\\\/pt-pt\\\/shop\\\/\"},{\"@type\":\"ListItem\",\"position\":3,\"name\":\"Plantagen Dyplac Neo\"}]},{\"@type\":\"WebSite\",\"@id\":\"https:\\\/\\\/www.hausmanngalenica.com\\\/pt-pt\\\/#website\",\"url\":\"https:\\\/\\\/www.hausmanngalenica.com\\\/pt-pt\\\/\",\"name\":\"Hausmann Gal\u00e9nica\",\"description\":\"Productos nutricionales de alta calidad\",\"publisher\":{\"@id\":\"https:\\\/\\\/www.hausmanngalenica.com\\\/pt-pt\\\/#organization\"},\"potentialAction\":[{\"@type\":\"SearchAction\",\"target\":{\"@type\":\"EntryPoint\",\"urlTemplate\":\"https:\\\/\\\/www.hausmanngalenica.com\\\/pt-pt\\\/?s={search_term_string}\"},\"query-input\":{\"@type\":\"PropertyValueSpecification\",\"valueRequired\":true,\"valueName\":\"search_term_string\"}}],\"inLanguage\":\"pt-PT\"},{\"@type\":\"Organization\",\"@id\":\"https:\\\/\\\/www.hausmanngalenica.com\\\/pt-pt\\\/#organization\",\"name\":\"Hausmann Gal\u00e9nica\",\"url\":\"https:\\\/\\\/www.hausmanngalenica.com\\\/pt-pt\\\/\",\"logo\":{\"@type\":\"ImageObject\",\"inLanguage\":\"pt-PT\",\"@id\":\"https:\\\/\\\/www.hausmanngalenica.com\\\/pt-pt\\\/#\\\/schema\\\/logo\\\/image\\\/\",\"url\":\"https:\\\/\\\/www.hausmanngalenica.com\\\/wp-content\\\/uploads\\\/Logo-Hausmann.jpg\",\"contentUrl\":\"https:\\\/\\\/www.hausmanngalenica.com\\\/wp-content\\\/uploads\\\/Logo-Hausmann.jpg\",\"width\":400,\"height\":70,\"caption\":\"Hausmann Gal\u00e9nica\"},\"image\":{\"@id\":\"https:\\\/\\\/www.hausmanngalenica.com\\\/pt-pt\\\/#\\\/schema\\\/logo\\\/image\\\/\"}}]}<\/script>\n<!-- \/ Yoast SEO plugin. -->","yoast_head_json":{"title":"Plantagen Dyplac Neo &#8226; Hausmann Gal\u00e9nica","robots":{"index":"index","follow":"follow","max-snippet":"max-snippet:-1","max-image-preview":"max-image-preview:large","max-video-preview":"max-video-preview:-1"},"canonical":"https:\/\/www.hausmanngalenica.com\/pt-pt\/producto\/plantagen-dyplac-neo\/","og_locale":"pt_PT","og_type":"article","og_title":"Plantagen Dyplac Neo &#8226; Hausmann Gal\u00e9nica","og_description":"Levedura de Arroz Vermelho com Berberina e vitamina C.","og_url":"https:\/\/www.hausmanngalenica.com\/pt-pt\/producto\/plantagen-dyplac-neo\/","og_site_name":"Hausmann Gal\u00e9nica","article_modified_time":"2026-01-17T16:15:29+00:00","og_image":[{"width":1000,"height":833,"url":"https:\/\/www.hausmanngalenica.com\/wp-content\/uploads\/Plantagen-Dyplac-neo-1-1-1-1.jpg","type":"image\/jpeg"}],"twitter_card":"summary_large_image","twitter_misc":{"Tempo estimado de leitura":"1 minuto"},"schema":{"@context":"https:\/\/schema.org","@graph":[{"@type":"WebPage","@id":"https:\/\/www.hausmanngalenica.com\/pt-pt\/producto\/plantagen-dyplac-neo\/","url":"https:\/\/www.hausmanngalenica.com\/pt-pt\/producto\/plantagen-dyplac-neo\/","name":"Plantagen Dyplac Neo &#8226; Hausmann Gal\u00e9nica","isPartOf":{"@id":"https:\/\/www.hausmanngalenica.com\/pt-pt\/#website"},"primaryImageOfPage":{"@id":"https:\/\/www.hausmanngalenica.com\/pt-pt\/producto\/plantagen-dyplac-neo\/#primaryimage"},"image":{"@id":"https:\/\/www.hausmanngalenica.com\/pt-pt\/producto\/plantagen-dyplac-neo\/#primaryimage"},"thumbnailUrl":"https:\/\/www.hausmanngalenica.com\/wp-content\/uploads\/plantagen-dyplac-neo-30-capsulas-botania_1-5.jpg","datePublished":"2024-06-19T10:11:11+00:00","dateModified":"2026-01-17T16:15:29+00:00","breadcrumb":{"@id":"https:\/\/www.hausmanngalenica.com\/pt-pt\/producto\/plantagen-dyplac-neo\/#breadcrumb"},"inLanguage":"pt-PT","potentialAction":[{"@type":"ReadAction","target":["https:\/\/www.hausmanngalenica.com\/pt-pt\/producto\/plantagen-dyplac-neo\/"]}]},{"@type":"ImageObject","inLanguage":"pt-PT","@id":"https:\/\/www.hausmanngalenica.com\/pt-pt\/producto\/plantagen-dyplac-neo\/#primaryimage","url":"https:\/\/www.hausmanngalenica.com\/wp-content\/uploads\/plantagen-dyplac-neo-30-capsulas-botania_1-5.jpg","contentUrl":"https:\/\/www.hausmanngalenica.com\/wp-content\/uploads\/plantagen-dyplac-neo-30-capsulas-botania_1-5.jpg","width":540,"height":450},{"@type":"BreadcrumbList","@id":"https:\/\/www.hausmanngalenica.com\/pt-pt\/producto\/plantagen-dyplac-neo\/#breadcrumb","itemListElement":[{"@type":"ListItem","position":1,"name":"Inicio","item":"https:\/\/www.hausmanngalenica.com\/pt-pt\/"},{"@type":"ListItem","position":2,"name":"Shop","item":"https:\/\/www.hausmanngalenica.com\/pt-pt\/shop\/"},{"@type":"ListItem","position":3,"name":"Plantagen Dyplac Neo"}]},{"@type":"WebSite","@id":"https:\/\/www.hausmanngalenica.com\/pt-pt\/#website","url":"https:\/\/www.hausmanngalenica.com\/pt-pt\/","name":"Hausmann Gal\u00e9nica","description":"Productos nutricionales de alta calidad","publisher":{"@id":"https:\/\/www.hausmanngalenica.com\/pt-pt\/#organization"},"potentialAction":[{"@type":"SearchAction","target":{"@type":"EntryPoint","urlTemplate":"https:\/\/www.hausmanngalenica.com\/pt-pt\/?s={search_term_string}"},"query-input":{"@type":"PropertyValueSpecification","valueRequired":true,"valueName":"search_term_string"}}],"inLanguage":"pt-PT"},{"@type":"Organization","@id":"https:\/\/www.hausmanngalenica.com\/pt-pt\/#organization","name":"Hausmann Gal\u00e9nica","url":"https:\/\/www.hausmanngalenica.com\/pt-pt\/","logo":{"@type":"ImageObject","inLanguage":"pt-PT","@id":"https:\/\/www.hausmanngalenica.com\/pt-pt\/#\/schema\/logo\/image\/","url":"https:\/\/www.hausmanngalenica.com\/wp-content\/uploads\/Logo-Hausmann.jpg","contentUrl":"https:\/\/www.hausmanngalenica.com\/wp-content\/uploads\/Logo-Hausmann.jpg","width":400,"height":70,"caption":"Hausmann Gal\u00e9nica"},"image":{"@id":"https:\/\/www.hausmanngalenica.com\/pt-pt\/#\/schema\/logo\/image\/"}}]}},"_links":{"self":[{"href":"https:\/\/www.hausmanngalenica.com\/pt-pt\/wp-json\/wp\/v2\/product\/3359","targetHints":{"allow":["GET"]}}],"collection":[{"href":"https:\/\/www.hausmanngalenica.com\/pt-pt\/wp-json\/wp\/v2\/product"}],"about":[{"href":"https:\/\/www.hausmanngalenica.com\/pt-pt\/wp-json\/wp\/v2\/types\/product"}],"replies":[{"embeddable":true,"href":"https:\/\/www.hausmanngalenica.com\/pt-pt\/wp-json\/wp\/v2\/comments?post=3359"}],"wp:featuredmedia":[{"embeddable":true,"href":"https:\/\/www.hausmanngalenica.com\/pt-pt\/wp-json\/wp\/v2\/media\/7291"}],"wp:attachment":[{"href":"https:\/\/www.hausmanngalenica.com\/pt-pt\/wp-json\/wp\/v2\/media?parent=3359"}],"wp:term":[{"taxonomy":"product_brand","embeddable":true,"href":"https:\/\/www.hausmanngalenica.com\/pt-pt\/wp-json\/wp\/v2\/product_brand?post=3359"},{"taxonomy":"product_cat","embeddable":true,"href":"https:\/\/www.hausmanngalenica.com\/pt-pt\/wp-json\/wp\/v2\/product_cat?post=3359"},{"taxonomy":"product_tag","embeddable":true,"href":"https:\/\/www.hausmanngalenica.com\/pt-pt\/wp-json\/wp\/v2\/product_tag?post=3359"}],"curies":[{"name":"wp","href":"https:\/\/api.w.org\/{rel}","templated":true}]}}