{"id":6177,"date":"2025-04-23T12:47:01","date_gmt":"2025-04-23T11:47:01","guid":{"rendered":"https:\/\/www.hausmanngalenica.com\/producto\/suprater-2\/"},"modified":"2026-01-17T17:35:59","modified_gmt":"2026-01-17T16:35:59","slug":"suprater-2","status":"publish","type":"product","link":"https:\/\/www.hausmanngalenica.com\/pt-pt\/producto\/suprater-2\/","title":{"rendered":"SUPRATER"},"content":{"rendered":"<p>Suprater es un complemento alimenticio que aporta las vitaminas y minerales que necesitas todos los d\u00edas.<br \/>\nContribuye a prevenir las deficiencias nutricionales resultantes del estilo de vida moderno, envejecimiento, polimorfismos gen\u00e9ticos y fortalecer la inmunidad.<\/p>\n<p>Contiene \u00e1cido f\u00f3lico en forma de folato Quatrefolic, vitamina K2 y yodo.<br \/>\n\u00bfPor qu\u00e9 debemos tomar Suprater todos los d\u00edas?<br \/>\n\u2022 El estilo de vida moderno, estresado, alejado de la luz solar, aumenta las necesidades demicronutrientes para hacer frente al ritmo acelerado en el que vivimos.<br \/>\n\u2022 La dieta actual alta en az\u00facar aumenta las necesidades de minerales y vitaminas esenciales.<br \/>\n\u2022 A medida que envejecemos, absorbemos peor ciertos nutrientes como la vitamina B12 y hierro, por lo que es importante brindar estos nutrientes a quienes m\u00e1s los necesitan.<\/p>\n<p>Composici\u00f3n por c\u00e1psula<br \/>\n*VRN: Valores de referencia de nutrientes.<br \/>\nIngredientes Por dosis %VRN<br \/>\nVitamina C 80 mg 100%<br \/>\nVitamina E 12 mg 100%<br \/>\nVitamina B3 16 mg 100%<br \/>\nVitamina A 800 \u00b5g 100%<br \/>\nVitamina B5 6 mg 100%<br \/>\nVitamina D 5 \u00b5g 100%<br \/>\nVitamina K2 30 \u00b5g 40%<br \/>\nVitamina B2 1,4 mg 100%<br \/>\nVitamina B6 1,4 mg 100%<br \/>\nVitamina B1 1,1 mg 100%<br \/>\nFolato Quatrefolic 400 \u00b5g 200%<br \/>\nBiotina 50 \u00b5g 100%<br \/>\nVitamina B12 2,5 \u00b5g 100%<br \/>\nHierro 7 mg 50%<br \/>\nManganeso 2 mg 100%<br \/>\nZinc 10 mg 100%<br \/>\nCobre 0,63 mg 63%<br \/>\nCromo 40 \u00b5g 100%<br \/>\nYodo 100 \u00b5g 66,67%<br \/>\nSelenio 57 \u00b5g 104%<br \/>\nMolibdeno 25 \u00b5g 50%<br \/>\n\u2022 Ayuda a compensar las necesidades nutricionales adicionales relacionadas con polimorfismos gen\u00e9ticos como el relacionado con la Homocisteina.<\/p>\n<p>Advertencias: Hipersensibilidad a alguno de los componentes.<\/p>\n<p>Modo de empleo: 1 c\u00e1psula al d\u00eda.<\/p>\n<p>Presentaci\u00f3n: Envase con 25 c\u00e1psulas.<\/p>\n<p>Bibliograf\u00eda:<br \/>\n1.- Bego\u00f1a Ruiz-N\u00fa\u00f1ez a, Leo Pruimboom b, D.A. Janneke Dijck-Brouwer a, Frits A.J. Muskiet. Lifestyle and nutritional imbalances<br \/>\nassociated with Western diseases: causes and consequences of chronic systemic low-grade inflammation in an evolutionary<br \/>\ncontext. Journal of Nutritional Biochemistry 24 (2013) 1183\u2013120.<br \/>\n2.- Gonz\u00e1lez-Padilla E, A Dias J, Ramne S, Olsson K, N\u00e4ls\u00e9n C, Sonestedt E. Association between added sugar intake and<br \/>\nmicronutrient dilution: a cross-sectional study in two adult Swedish populations. Nutr Metab (Lond). 2020 Feb 11;17:15.<br \/>\n3.- Bianchi VE. Role of nutrition on anemia in elderly. Clin Nutr ESPEN. 2016 Feb;11:e1-e11<\/p>\n","protected":false},"excerpt":{"rendered":"<p>Multivitam\u00ednico e mineral com \u00e1cido f\u00f3lico na forma de Folato Quatrefolic\u00ae, vitamina K2 (MK7) e Iodo.<\/p>\n","protected":false},"featured_media":7307,"comment_status":"open","ping_status":"closed","template":"","meta":{"_acf_changed":false},"product_brand":[],"product_cat":[73],"product_tag":[153,156,158,162,164,169,173],"class_list":{"0":"post-6177","1":"product","2":"type-product","3":"status-publish","4":"has-post-thumbnail","6":"product_cat-hausmann-tec-pt","7":"product_tag-cabelo-e-unhas","8":"product_tag-energia-e-desempenho","9":"product_tag-formulas-sem-plantas","10":"product_tag-imunidade","11":"product_tag-minerais","12":"product_tag-pele","13":"product_tag-vitaminas-pt-pt","15":"first","16":"instock","17":"featured","18":"shipping-taxable","19":"purchasable","20":"product-type-simple"},"acf":[],"yoast_head":"<!-- This site is optimized with the Yoast SEO plugin v27.5 - https:\/\/yoast.com\/product\/yoast-seo-wordpress\/ -->\n<title>SUPRATER &#8226; Hausmann Gal\u00e9nica<\/title>\n<meta name=\"robots\" content=\"index, follow, max-snippet:-1, max-image-preview:large, max-video-preview:-1\" \/>\n<link rel=\"canonical\" href=\"https:\/\/www.hausmanngalenica.com\/pt-pt\/producto\/suprater-2\/\" \/>\n<meta property=\"og:locale\" content=\"pt_PT\" \/>\n<meta property=\"og:type\" content=\"article\" \/>\n<meta property=\"og:title\" content=\"SUPRATER &#8226; Hausmann Gal\u00e9nica\" \/>\n<meta property=\"og:description\" content=\"Multivitam\u00ednico e mineral com \u00e1cido f\u00f3lico na forma de Folato Quatrefolic\u00ae, vitamina K2 (MK7) e Iodo.\" \/>\n<meta property=\"og:url\" content=\"https:\/\/www.hausmanngalenica.com\/pt-pt\/producto\/suprater-2\/\" \/>\n<meta property=\"og:site_name\" content=\"Hausmann Gal\u00e9nica\" \/>\n<meta property=\"article:modified_time\" content=\"2026-01-17T16:35:59+00:00\" \/>\n<meta property=\"og:image\" content=\"https:\/\/www.hausmanngalenica.com\/wp-content\/uploads\/Suprater-25-capsulas.jpg\" \/>\n\t<meta property=\"og:image:width\" content=\"1000\" \/>\n\t<meta property=\"og:image:height\" content=\"833\" \/>\n\t<meta property=\"og:image:type\" content=\"image\/jpeg\" \/>\n<meta name=\"twitter:card\" content=\"summary_large_image\" \/>\n<meta name=\"twitter:label1\" content=\"Tempo estimado de leitura\" \/>\n\t<meta name=\"twitter:data1\" content=\"2 minutos\" \/>\n<script type=\"application\/ld+json\" class=\"yoast-schema-graph\">{\"@context\":\"https:\\\/\\\/schema.org\",\"@graph\":[{\"@type\":\"WebPage\",\"@id\":\"https:\\\/\\\/www.hausmanngalenica.com\\\/pt-pt\\\/producto\\\/suprater-2\\\/\",\"url\":\"https:\\\/\\\/www.hausmanngalenica.com\\\/pt-pt\\\/producto\\\/suprater-2\\\/\",\"name\":\"SUPRATER &#8226; Hausmann Gal\u00e9nica\",\"isPartOf\":{\"@id\":\"https:\\\/\\\/www.hausmanngalenica.com\\\/pt-pt\\\/#website\"},\"primaryImageOfPage\":{\"@id\":\"https:\\\/\\\/www.hausmanngalenica.com\\\/pt-pt\\\/producto\\\/suprater-2\\\/#primaryimage\"},\"image\":{\"@id\":\"https:\\\/\\\/www.hausmanngalenica.com\\\/pt-pt\\\/producto\\\/suprater-2\\\/#primaryimage\"},\"thumbnailUrl\":\"https:\\\/\\\/www.hausmanngalenica.com\\\/wp-content\\\/uploads\\\/suprater-25-capsulas-hausmann_1-scaled.png\",\"datePublished\":\"2025-04-23T11:47:01+00:00\",\"dateModified\":\"2026-01-17T16:35:59+00:00\",\"breadcrumb\":{\"@id\":\"https:\\\/\\\/www.hausmanngalenica.com\\\/pt-pt\\\/producto\\\/suprater-2\\\/#breadcrumb\"},\"inLanguage\":\"pt-PT\",\"potentialAction\":[{\"@type\":\"ReadAction\",\"target\":[\"https:\\\/\\\/www.hausmanngalenica.com\\\/pt-pt\\\/producto\\\/suprater-2\\\/\"]}]},{\"@type\":\"ImageObject\",\"inLanguage\":\"pt-PT\",\"@id\":\"https:\\\/\\\/www.hausmanngalenica.com\\\/pt-pt\\\/producto\\\/suprater-2\\\/#primaryimage\",\"url\":\"https:\\\/\\\/www.hausmanngalenica.com\\\/wp-content\\\/uploads\\\/suprater-25-capsulas-hausmann_1-scaled.png\",\"contentUrl\":\"https:\\\/\\\/www.hausmanngalenica.com\\\/wp-content\\\/uploads\\\/suprater-25-capsulas-hausmann_1-scaled.png\",\"width\":2560,\"height\":2560},{\"@type\":\"BreadcrumbList\",\"@id\":\"https:\\\/\\\/www.hausmanngalenica.com\\\/pt-pt\\\/producto\\\/suprater-2\\\/#breadcrumb\",\"itemListElement\":[{\"@type\":\"ListItem\",\"position\":1,\"name\":\"Inicio\",\"item\":\"https:\\\/\\\/www.hausmanngalenica.com\\\/pt-pt\\\/\"},{\"@type\":\"ListItem\",\"position\":2,\"name\":\"Shop\",\"item\":\"https:\\\/\\\/www.hausmanngalenica.com\\\/pt-pt\\\/shop\\\/\"},{\"@type\":\"ListItem\",\"position\":3,\"name\":\"SUPRATER\"}]},{\"@type\":\"WebSite\",\"@id\":\"https:\\\/\\\/www.hausmanngalenica.com\\\/pt-pt\\\/#website\",\"url\":\"https:\\\/\\\/www.hausmanngalenica.com\\\/pt-pt\\\/\",\"name\":\"Hausmann Gal\u00e9nica\",\"description\":\"Productos nutricionales de alta calidad\",\"publisher\":{\"@id\":\"https:\\\/\\\/www.hausmanngalenica.com\\\/pt-pt\\\/#organization\"},\"potentialAction\":[{\"@type\":\"SearchAction\",\"target\":{\"@type\":\"EntryPoint\",\"urlTemplate\":\"https:\\\/\\\/www.hausmanngalenica.com\\\/pt-pt\\\/?s={search_term_string}\"},\"query-input\":{\"@type\":\"PropertyValueSpecification\",\"valueRequired\":true,\"valueName\":\"search_term_string\"}}],\"inLanguage\":\"pt-PT\"},{\"@type\":\"Organization\",\"@id\":\"https:\\\/\\\/www.hausmanngalenica.com\\\/pt-pt\\\/#organization\",\"name\":\"Hausmann Gal\u00e9nica\",\"url\":\"https:\\\/\\\/www.hausmanngalenica.com\\\/pt-pt\\\/\",\"logo\":{\"@type\":\"ImageObject\",\"inLanguage\":\"pt-PT\",\"@id\":\"https:\\\/\\\/www.hausmanngalenica.com\\\/pt-pt\\\/#\\\/schema\\\/logo\\\/image\\\/\",\"url\":\"https:\\\/\\\/www.hausmanngalenica.com\\\/wp-content\\\/uploads\\\/Logo-Hausmann.jpg\",\"contentUrl\":\"https:\\\/\\\/www.hausmanngalenica.com\\\/wp-content\\\/uploads\\\/Logo-Hausmann.jpg\",\"width\":400,\"height\":70,\"caption\":\"Hausmann Gal\u00e9nica\"},\"image\":{\"@id\":\"https:\\\/\\\/www.hausmanngalenica.com\\\/pt-pt\\\/#\\\/schema\\\/logo\\\/image\\\/\"}}]}<\/script>\n<!-- \/ Yoast SEO plugin. -->","yoast_head_json":{"title":"SUPRATER &#8226; Hausmann Gal\u00e9nica","robots":{"index":"index","follow":"follow","max-snippet":"max-snippet:-1","max-image-preview":"max-image-preview:large","max-video-preview":"max-video-preview:-1"},"canonical":"https:\/\/www.hausmanngalenica.com\/pt-pt\/producto\/suprater-2\/","og_locale":"pt_PT","og_type":"article","og_title":"SUPRATER &#8226; Hausmann Gal\u00e9nica","og_description":"Multivitam\u00ednico e mineral com \u00e1cido f\u00f3lico na forma de Folato Quatrefolic\u00ae, vitamina K2 (MK7) e Iodo.","og_url":"https:\/\/www.hausmanngalenica.com\/pt-pt\/producto\/suprater-2\/","og_site_name":"Hausmann Gal\u00e9nica","article_modified_time":"2026-01-17T16:35:59+00:00","og_image":[{"width":1000,"height":833,"url":"https:\/\/www.hausmanngalenica.com\/wp-content\/uploads\/Suprater-25-capsulas.jpg","type":"image\/jpeg"}],"twitter_card":"summary_large_image","twitter_misc":{"Tempo estimado de leitura":"2 minutos"},"schema":{"@context":"https:\/\/schema.org","@graph":[{"@type":"WebPage","@id":"https:\/\/www.hausmanngalenica.com\/pt-pt\/producto\/suprater-2\/","url":"https:\/\/www.hausmanngalenica.com\/pt-pt\/producto\/suprater-2\/","name":"SUPRATER &#8226; Hausmann Gal\u00e9nica","isPartOf":{"@id":"https:\/\/www.hausmanngalenica.com\/pt-pt\/#website"},"primaryImageOfPage":{"@id":"https:\/\/www.hausmanngalenica.com\/pt-pt\/producto\/suprater-2\/#primaryimage"},"image":{"@id":"https:\/\/www.hausmanngalenica.com\/pt-pt\/producto\/suprater-2\/#primaryimage"},"thumbnailUrl":"https:\/\/www.hausmanngalenica.com\/wp-content\/uploads\/suprater-25-capsulas-hausmann_1-scaled.png","datePublished":"2025-04-23T11:47:01+00:00","dateModified":"2026-01-17T16:35:59+00:00","breadcrumb":{"@id":"https:\/\/www.hausmanngalenica.com\/pt-pt\/producto\/suprater-2\/#breadcrumb"},"inLanguage":"pt-PT","potentialAction":[{"@type":"ReadAction","target":["https:\/\/www.hausmanngalenica.com\/pt-pt\/producto\/suprater-2\/"]}]},{"@type":"ImageObject","inLanguage":"pt-PT","@id":"https:\/\/www.hausmanngalenica.com\/pt-pt\/producto\/suprater-2\/#primaryimage","url":"https:\/\/www.hausmanngalenica.com\/wp-content\/uploads\/suprater-25-capsulas-hausmann_1-scaled.png","contentUrl":"https:\/\/www.hausmanngalenica.com\/wp-content\/uploads\/suprater-25-capsulas-hausmann_1-scaled.png","width":2560,"height":2560},{"@type":"BreadcrumbList","@id":"https:\/\/www.hausmanngalenica.com\/pt-pt\/producto\/suprater-2\/#breadcrumb","itemListElement":[{"@type":"ListItem","position":1,"name":"Inicio","item":"https:\/\/www.hausmanngalenica.com\/pt-pt\/"},{"@type":"ListItem","position":2,"name":"Shop","item":"https:\/\/www.hausmanngalenica.com\/pt-pt\/shop\/"},{"@type":"ListItem","position":3,"name":"SUPRATER"}]},{"@type":"WebSite","@id":"https:\/\/www.hausmanngalenica.com\/pt-pt\/#website","url":"https:\/\/www.hausmanngalenica.com\/pt-pt\/","name":"Hausmann Gal\u00e9nica","description":"Productos nutricionales de alta calidad","publisher":{"@id":"https:\/\/www.hausmanngalenica.com\/pt-pt\/#organization"},"potentialAction":[{"@type":"SearchAction","target":{"@type":"EntryPoint","urlTemplate":"https:\/\/www.hausmanngalenica.com\/pt-pt\/?s={search_term_string}"},"query-input":{"@type":"PropertyValueSpecification","valueRequired":true,"valueName":"search_term_string"}}],"inLanguage":"pt-PT"},{"@type":"Organization","@id":"https:\/\/www.hausmanngalenica.com\/pt-pt\/#organization","name":"Hausmann Gal\u00e9nica","url":"https:\/\/www.hausmanngalenica.com\/pt-pt\/","logo":{"@type":"ImageObject","inLanguage":"pt-PT","@id":"https:\/\/www.hausmanngalenica.com\/pt-pt\/#\/schema\/logo\/image\/","url":"https:\/\/www.hausmanngalenica.com\/wp-content\/uploads\/Logo-Hausmann.jpg","contentUrl":"https:\/\/www.hausmanngalenica.com\/wp-content\/uploads\/Logo-Hausmann.jpg","width":400,"height":70,"caption":"Hausmann Gal\u00e9nica"},"image":{"@id":"https:\/\/www.hausmanngalenica.com\/pt-pt\/#\/schema\/logo\/image\/"}}]}},"_links":{"self":[{"href":"https:\/\/www.hausmanngalenica.com\/pt-pt\/wp-json\/wp\/v2\/product\/6177","targetHints":{"allow":["GET"]}}],"collection":[{"href":"https:\/\/www.hausmanngalenica.com\/pt-pt\/wp-json\/wp\/v2\/product"}],"about":[{"href":"https:\/\/www.hausmanngalenica.com\/pt-pt\/wp-json\/wp\/v2\/types\/product"}],"replies":[{"embeddable":true,"href":"https:\/\/www.hausmanngalenica.com\/pt-pt\/wp-json\/wp\/v2\/comments?post=6177"}],"wp:featuredmedia":[{"embeddable":true,"href":"https:\/\/www.hausmanngalenica.com\/pt-pt\/wp-json\/wp\/v2\/media\/7307"}],"wp:attachment":[{"href":"https:\/\/www.hausmanngalenica.com\/pt-pt\/wp-json\/wp\/v2\/media?parent=6177"}],"wp:term":[{"taxonomy":"product_brand","embeddable":true,"href":"https:\/\/www.hausmanngalenica.com\/pt-pt\/wp-json\/wp\/v2\/product_brand?post=6177"},{"taxonomy":"product_cat","embeddable":true,"href":"https:\/\/www.hausmanngalenica.com\/pt-pt\/wp-json\/wp\/v2\/product_cat?post=6177"},{"taxonomy":"product_tag","embeddable":true,"href":"https:\/\/www.hausmanngalenica.com\/pt-pt\/wp-json\/wp\/v2\/product_tag?post=6177"}],"curies":[{"name":"wp","href":"https:\/\/api.w.org\/{rel}","templated":true}]}}